{"id":10298,"date":"2024-05-29T00:04:34","date_gmt":"2024-05-28T22:04:34","guid":{"rendered":"https:\/\/www.fnmotol.cz\/kontakty\/doprava\/"},"modified":"2025-03-24T10:21:24","modified_gmt":"2025-03-24T09:21:24","slug":"doprava","status":"publish","type":"page","link":"https:\/\/www.fnmotol.cz\/en\/kontakty\/doprava\/","title":{"rendered":"Transport"},"content":{"rendered":"<!-- Text block H1 -->\n<div class=\"content\" data-aos=\"fade-up\">\n            <h1>Doprava<\/h1>\n                    <div>\n            <h2>Spojen\u00ed MHD<\/h2>\n<ul>\n<li>od metra trasy A \u2013 stanice Nemocnice Motol<\/li>\n<li>od metra trasy A \u2013 stanice Dejvick\u00e1 autobusem \u010d\u00edslo 180<\/li>\n<li>od metra trasy A \u2013 stanice Hrad\u010dansk\u00e1 autobusem \u010d\u00edslo 184<\/li>\n<li>od metra trasy B \u2013 stanice And\u011bl autobusem \u010d\u00edslo 167<\/li>\n<li>od metra trasy B \u2013 stanice Nov\u00e9 Butovice autobusy \u010d\u00edslo 179 nebo 168<\/li>\n<li>od Hlavn\u00edho n\u00e1dra\u017e\u00ed tramvaj\u00ed \u010d\u00edslo 9 sm\u011br And\u011bl a na And\u011blu p\u0159estoupit na autobus \u010d. 167<br \/>\nno\u010dn\u00edm autobusem \u010d\u00edslo 502<\/li>\n<\/ul>\n<p><strong>Ve v\u0161ech uveden\u00fdch p\u0159\u00edpadech je v\u00fdstupn\u00ed stanic\u00ed Nemocnice Motol.<\/strong><\/p>\n<p>Pro vyhled\u00e1n\u00ed konkr\u00e9tn\u00edho spojen\u00ed m\u016f\u017eete vyu\u017e\u00edt str\u00e1nky na adrese\u00a0<a href=\"https:\/\/spojeni.dpp.cz\/\" target=\"_blank\" rel=\"noopener\">https:\/\/spojeni.dpp.cz\/<\/a><\/p>\n        <\/div>\n    <\/div>\n<!-- \/Text block H1 -->","protected":false},"excerpt":{"rendered":"","protected":false},"author":4,"featured_media":0,"parent":5411,"menu_order":202,"comment_status":"closed","ping_status":"closed","template":"templates\/text-page.php","meta":{"_acf_changed":false,"footnotes":""},"class_list":["post-10298","page","type-page","status-publish","hentry"],"acf":[],"yoast_head":"<!-- This site is optimized with the Yoast SEO plugin v22.7 - https:\/\/yoast.com\/wordpress\/plugins\/seo\/ -->\n<title>Transport - Fakultn\u00ed nemocnice Motol a Homolka<\/title>\n<meta name=\"robots\" content=\"index, follow, max-snippet:-1, max-image-preview:large, max-video-preview:-1\" \/>\n<link rel=\"canonical\" href=\"https:\/\/www.fnmotol.cz\/kontakty\/doprava\/\" \/>\n<meta property=\"og:locale\" content=\"en_US\" \/>\n<meta property=\"og:type\" content=\"article\" \/>\n<meta property=\"og:title\" content=\"Transport - Fakultn\u00ed nemocnice Motol a Homolka\" \/>\n<meta property=\"og:url\" content=\"https:\/\/www.fnmotol.cz\/kontakty\/doprava\/\" \/>\n<meta property=\"og:site_name\" content=\"Fakultn\u00ed nemocnice Motol a Homolka\" \/>\n<meta property=\"article:modified_time\" content=\"2025-03-24T09:21:24+00:00\" \/>\n<meta name=\"twitter:card\" content=\"summary_large_image\" \/>\n<script type=\"application\/ld+json\" class=\"yoast-schema-graph\">{\"@context\":\"https:\/\/schema.org\",\"@graph\":[{\"@type\":\"WebPage\",\"@id\":\"https:\/\/www.fnmotol.cz\/kontakty\/doprava\/\",\"url\":\"https:\/\/www.fnmotol.cz\/kontakty\/doprava\/\",\"name\":\"Transport - Fakultn\u00ed nemocnice Motol a Homolka\",\"isPartOf\":{\"@id\":\"https:\/\/www.fnmotol.cz\/#website\"},\"datePublished\":\"2024-05-28T22:04:34+00:00\",\"dateModified\":\"2025-03-24T09:21:24+00:00\",\"breadcrumb\":{\"@id\":\"https:\/\/www.fnmotol.cz\/kontakty\/doprava\/#breadcrumb\"},\"inLanguage\":\"en-US\",\"potentialAction\":[{\"@type\":\"ReadAction\",\"target\":[\"https:\/\/www.fnmotol.cz\/kontakty\/doprava\/\"]}]},{\"@type\":\"BreadcrumbList\",\"@id\":\"https:\/\/www.fnmotol.cz\/kontakty\/doprava\/#breadcrumb\",\"itemListElement\":[{\"@type\":\"ListItem\",\"position\":1,\"name\":\"Dom\u016f\",\"item\":\"https:\/\/www.fnmotol.cz\/en\/\"},{\"@type\":\"ListItem\",\"position\":2,\"name\":\"Contacts\",\"item\":\"https:\/\/www.fnmotol.cz\/en\/kontakty\/\"},{\"@type\":\"ListItem\",\"position\":3,\"name\":\"Transport\"}]},{\"@type\":\"WebSite\",\"@id\":\"https:\/\/www.fnmotol.cz\/#website\",\"url\":\"https:\/\/www.fnmotol.cz\/\",\"name\":\"Fakultn\u00ed nemocnice Motol a Homolka\",\"description\":\"Fakultn\u00ed nemocnice Motol a Homolka je nejv\u011bt\u0161\u00ed zdravotnick\u00e9 za\u0159\u00edzen\u00ed v \u010cesku a jedno z nejv\u011bt\u0161\u00edch v Evrop\u011b s kapacitou v\u00edce jak 2 000 l\u016f\u017eek!\",\"potentialAction\":[{\"@type\":\"SearchAction\",\"target\":{\"@type\":\"EntryPoint\",\"urlTemplate\":\"https:\/\/www.fnmotol.cz\/?s={search_term_string}\"},\"query-input\":\"required name=search_term_string\"}],\"inLanguage\":\"en-US\"}]}<\/script>\n<!-- \/ Yoast SEO plugin. -->","yoast_head_json":{"title":"Transport - Fakultn\u00ed nemocnice Motol a Homolka","robots":{"index":"index","follow":"follow","max-snippet":"max-snippet:-1","max-image-preview":"max-image-preview:large","max-video-preview":"max-video-preview:-1"},"canonical":"https:\/\/www.fnmotol.cz\/kontakty\/doprava\/","og_locale":"en_US","og_type":"article","og_title":"Transport - Fakultn\u00ed nemocnice Motol a Homolka","og_url":"https:\/\/www.fnmotol.cz\/kontakty\/doprava\/","og_site_name":"Fakultn\u00ed nemocnice Motol a Homolka","article_modified_time":"2025-03-24T09:21:24+00:00","twitter_card":"summary_large_image","schema":{"@context":"https:\/\/schema.org","@graph":[{"@type":"WebPage","@id":"https:\/\/www.fnmotol.cz\/kontakty\/doprava\/","url":"https:\/\/www.fnmotol.cz\/kontakty\/doprava\/","name":"Transport - Fakultn\u00ed nemocnice Motol a Homolka","isPartOf":{"@id":"https:\/\/www.fnmotol.cz\/#website"},"datePublished":"2024-05-28T22:04:34+00:00","dateModified":"2025-03-24T09:21:24+00:00","breadcrumb":{"@id":"https:\/\/www.fnmotol.cz\/kontakty\/doprava\/#breadcrumb"},"inLanguage":"en-US","potentialAction":[{"@type":"ReadAction","target":["https:\/\/www.fnmotol.cz\/kontakty\/doprava\/"]}]},{"@type":"BreadcrumbList","@id":"https:\/\/www.fnmotol.cz\/kontakty\/doprava\/#breadcrumb","itemListElement":[{"@type":"ListItem","position":1,"name":"Dom\u016f","item":"https:\/\/www.fnmotol.cz\/en\/"},{"@type":"ListItem","position":2,"name":"Contacts","item":"https:\/\/www.fnmotol.cz\/en\/kontakty\/"},{"@type":"ListItem","position":3,"name":"Transport"}]},{"@type":"WebSite","@id":"https:\/\/www.fnmotol.cz\/#website","url":"https:\/\/www.fnmotol.cz\/","name":"Fakultn\u00ed nemocnice Motol a Homolka","description":"Fakultn\u00ed nemocnice Motol a Homolka je nejv\u011bt\u0161\u00ed zdravotnick\u00e9 za\u0159\u00edzen\u00ed v \u010cesku a jedno z nejv\u011bt\u0161\u00edch v Evrop\u011b s kapacitou v\u00edce jak 2 000 l\u016f\u017eek!","potentialAction":[{"@type":"SearchAction","target":{"@type":"EntryPoint","urlTemplate":"https:\/\/www.fnmotol.cz\/?s={search_term_string}"},"query-input":"required name=search_term_string"}],"inLanguage":"en-US"}]}},"_links":{"self":[{"href":"https:\/\/www.fnmotol.cz\/en\/wp-json\/wp\/v2\/pages\/10298","targetHints":{"allow":["GET"]}}],"collection":[{"href":"https:\/\/www.fnmotol.cz\/en\/wp-json\/wp\/v2\/pages"}],"about":[{"href":"https:\/\/www.fnmotol.cz\/en\/wp-json\/wp\/v2\/types\/page"}],"author":[{"embeddable":true,"href":"https:\/\/www.fnmotol.cz\/en\/wp-json\/wp\/v2\/users\/4"}],"replies":[{"embeddable":true,"href":"https:\/\/www.fnmotol.cz\/en\/wp-json\/wp\/v2\/comments?post=10298"}],"version-history":[{"count":1,"href":"https:\/\/www.fnmotol.cz\/en\/wp-json\/wp\/v2\/pages\/10298\/revisions"}],"predecessor-version":[{"id":10299,"href":"https:\/\/www.fnmotol.cz\/en\/wp-json\/wp\/v2\/pages\/10298\/revisions\/10299"}],"up":[{"embeddable":true,"href":"https:\/\/www.fnmotol.cz\/en\/wp-json\/wp\/v2\/pages\/5411"}],"wp:attachment":[{"href":"https:\/\/www.fnmotol.cz\/en\/wp-json\/wp\/v2\/media?parent=10298"}],"curies":[{"name":"wp","href":"https:\/\/api.w.org\/{rel}","templated":true}]}}