{"id":4460,"date":"2024-06-16T16:53:08","date_gmt":"2024-06-16T14:53:08","guid":{"rendered":"https:\/\/www.fnmotol.cz\/oddeleni-pece-o-samoplatce-en\/"},"modified":"2024-10-23T11:46:06","modified_gmt":"2024-10-23T09:46:06","slug":"oddeleni-pece-o-samoplatce-en","status":"publish","type":"page","link":"https:\/\/www.fnmotol.cz\/en\/oddeleni-pece-o-samoplatce-en\/","title":{"rendered":"Information for foreigners"},"content":{"rendered":"<!-- Text block H1 -->\n<div class=\"content\" data-aos=\"fade-up\">\n            <h1>Information for foreigners<\/h1>\n                    <div>\n            <p class=\"gt-block\" style=\"text-align: justify;\"><strong>Dear clients,<\/strong><\/p>\n<p style=\"text-align: justify;\">Welcome to the website of the Foreign and Private Patient Department of the Motol University Hospital, which should provide you with a basic overview of the services provided by our department.<\/p>\n<p style=\"text-align: justify;\">From the administrative point of view, our department takes care of all the hospital&#8217;s clients who do not have Czech public health insurance or receive services beyond its scope.<\/p>\n<p style=\"text-align: justify;\">You can contact the Foreign and Private Patient Department in the following cases in particular:<\/p>\n<p class=\"gt-block\" style=\"text-align: justify;\"><strong>Are you a foreigner and do not have Czech public health insurance or are you a Czech citizen, but you are logged out of the Czech public health insurance system:<\/strong><\/p>\n<ul style=\"text-align: justify;\">\n<li>you need urgent medical care;<\/li>\n<li>you are going for an outpatient examination;<\/li>\n<li>you are coming for a planned procedure;<\/li>\n<li>you are interested in above-standard services.<\/li>\n<\/ul>\n<p class=\"gt-block\" style=\"text-align: justify;\"><strong>Within our department, you can pay for:<\/strong><\/p>\n<ul style=\"text-align: justify;\">\n<li>provided health care for self-paying patients;<\/li>\n<li>above-standard accommodation and meals;<\/li>\n<li>assisted reproduction;<\/li>\n<li>dental services;<\/li>\n<li>plastic surgery;<\/li>\n<li>accommodation of employees \/ visits \/ parents of hospitalized children.<\/li>\n<\/ul>\n<p class=\"gt-block\" style=\"text-align: justify;\">Last but not least, our department organizes excursions at the Motol University Hospital. More information about these and other services can be found here:\u00a0<a href=\"https:\/\/www.fnmotol.cz\/en\/oddeleni-pece-o-samoplatce-en\/sluzby-nad-ramec-zdravotniho-pojisteni\/\">Services beyond health insurance<\/a><\/p>\n<p style=\"text-align: justify;\">The task of our team is to ensure all administration associated with your visit or stay at Hospital Motol.<\/p>\n<p style=\"text-align: justify;\">Our main goal is for Hospital Motol to be a place where a sensitive and personal approach to patients is a matter of course and top administrative support is a common standard.<\/p>\n<p style=\"text-align: justify;\">We really appreciate your interest in the care provided in our hospital.<\/p>\n        <\/div>\n    <\/div>\n<!-- \/Text block H1 -->","protected":false},"excerpt":{"rendered":"","protected":false},"author":4,"featured_media":0,"parent":0,"menu_order":135,"comment_status":"closed","ping_status":"closed","template":"","meta":{"_acf_changed":false,"footnotes":""},"class_list":["post-4460","page","type-page","status-publish","hentry"],"acf":[],"yoast_head":"<!-- This site is optimized with the Yoast SEO plugin v22.7 - https:\/\/yoast.com\/wordpress\/plugins\/seo\/ -->\n<title>Information for foreigners - Fakultn\u00ed nemocnice Motol a Homolka<\/title>\n<meta name=\"robots\" content=\"index, follow, max-snippet:-1, max-image-preview:large, max-video-preview:-1\" \/>\n<link rel=\"canonical\" href=\"https:\/\/www.fnmotol.cz\/en\/oddeleni-pece-o-samoplatce-en\/\" \/>\n<meta property=\"og:locale\" content=\"en_US\" \/>\n<meta property=\"og:type\" content=\"article\" \/>\n<meta property=\"og:title\" content=\"Information for foreigners - Fakultn\u00ed nemocnice Motol a Homolka\" \/>\n<meta property=\"og:url\" content=\"https:\/\/www.fnmotol.cz\/en\/oddeleni-pece-o-samoplatce-en\/\" \/>\n<meta property=\"og:site_name\" content=\"Fakultn\u00ed nemocnice Motol a Homolka\" \/>\n<meta property=\"article:modified_time\" content=\"2024-10-23T09:46:06+00:00\" \/>\n<meta name=\"twitter:card\" content=\"summary_large_image\" \/>\n<script type=\"application\/ld+json\" class=\"yoast-schema-graph\">{\"@context\":\"https:\/\/schema.org\",\"@graph\":[{\"@type\":\"WebPage\",\"@id\":\"https:\/\/www.fnmotol.cz\/en\/oddeleni-pece-o-samoplatce-en\/\",\"url\":\"https:\/\/www.fnmotol.cz\/en\/oddeleni-pece-o-samoplatce-en\/\",\"name\":\"Information for foreigners - Fakultn\u00ed nemocnice Motol a Homolka\",\"isPartOf\":{\"@id\":\"https:\/\/www.fnmotol.cz\/#website\"},\"datePublished\":\"2024-06-16T14:53:08+00:00\",\"dateModified\":\"2024-10-23T09:46:06+00:00\",\"breadcrumb\":{\"@id\":\"https:\/\/www.fnmotol.cz\/en\/oddeleni-pece-o-samoplatce-en\/#breadcrumb\"},\"inLanguage\":\"en-US\",\"potentialAction\":[{\"@type\":\"ReadAction\",\"target\":[\"https:\/\/www.fnmotol.cz\/en\/oddeleni-pece-o-samoplatce-en\/\"]}]},{\"@type\":\"BreadcrumbList\",\"@id\":\"https:\/\/www.fnmotol.cz\/en\/oddeleni-pece-o-samoplatce-en\/#breadcrumb\",\"itemListElement\":[{\"@type\":\"ListItem\",\"position\":1,\"name\":\"Dom\u016f\",\"item\":\"https:\/\/www.fnmotol.cz\/en\/\"},{\"@type\":\"ListItem\",\"position\":2,\"name\":\"Information for foreigners\"}]},{\"@type\":\"WebSite\",\"@id\":\"https:\/\/www.fnmotol.cz\/#website\",\"url\":\"https:\/\/www.fnmotol.cz\/\",\"name\":\"Fakultn\u00ed nemocnice Motol a Homolka\",\"description\":\"Fakultn\u00ed nemocnice Motol a Homolka je nejv\u011bt\u0161\u00ed zdravotnick\u00e9 za\u0159\u00edzen\u00ed v \u010cesku a jedno z nejv\u011bt\u0161\u00edch v Evrop\u011b s kapacitou v\u00edce jak 2 000 l\u016f\u017eek!\",\"potentialAction\":[{\"@type\":\"SearchAction\",\"target\":{\"@type\":\"EntryPoint\",\"urlTemplate\":\"https:\/\/www.fnmotol.cz\/?s={search_term_string}\"},\"query-input\":\"required name=search_term_string\"}],\"inLanguage\":\"en-US\"}]}<\/script>\n<!-- \/ Yoast SEO plugin. -->","yoast_head_json":{"title":"Information for foreigners - Fakultn\u00ed nemocnice Motol a Homolka","robots":{"index":"index","follow":"follow","max-snippet":"max-snippet:-1","max-image-preview":"max-image-preview:large","max-video-preview":"max-video-preview:-1"},"canonical":"https:\/\/www.fnmotol.cz\/en\/oddeleni-pece-o-samoplatce-en\/","og_locale":"en_US","og_type":"article","og_title":"Information for foreigners - Fakultn\u00ed nemocnice Motol a Homolka","og_url":"https:\/\/www.fnmotol.cz\/en\/oddeleni-pece-o-samoplatce-en\/","og_site_name":"Fakultn\u00ed nemocnice Motol a Homolka","article_modified_time":"2024-10-23T09:46:06+00:00","twitter_card":"summary_large_image","schema":{"@context":"https:\/\/schema.org","@graph":[{"@type":"WebPage","@id":"https:\/\/www.fnmotol.cz\/en\/oddeleni-pece-o-samoplatce-en\/","url":"https:\/\/www.fnmotol.cz\/en\/oddeleni-pece-o-samoplatce-en\/","name":"Information for foreigners - Fakultn\u00ed nemocnice Motol a Homolka","isPartOf":{"@id":"https:\/\/www.fnmotol.cz\/#website"},"datePublished":"2024-06-16T14:53:08+00:00","dateModified":"2024-10-23T09:46:06+00:00","breadcrumb":{"@id":"https:\/\/www.fnmotol.cz\/en\/oddeleni-pece-o-samoplatce-en\/#breadcrumb"},"inLanguage":"en-US","potentialAction":[{"@type":"ReadAction","target":["https:\/\/www.fnmotol.cz\/en\/oddeleni-pece-o-samoplatce-en\/"]}]},{"@type":"BreadcrumbList","@id":"https:\/\/www.fnmotol.cz\/en\/oddeleni-pece-o-samoplatce-en\/#breadcrumb","itemListElement":[{"@type":"ListItem","position":1,"name":"Dom\u016f","item":"https:\/\/www.fnmotol.cz\/en\/"},{"@type":"ListItem","position":2,"name":"Information for foreigners"}]},{"@type":"WebSite","@id":"https:\/\/www.fnmotol.cz\/#website","url":"https:\/\/www.fnmotol.cz\/","name":"Fakultn\u00ed nemocnice Motol a Homolka","description":"Fakultn\u00ed nemocnice Motol a Homolka je nejv\u011bt\u0161\u00ed zdravotnick\u00e9 za\u0159\u00edzen\u00ed v \u010cesku a jedno z nejv\u011bt\u0161\u00edch v Evrop\u011b s kapacitou v\u00edce jak 2 000 l\u016f\u017eek!","potentialAction":[{"@type":"SearchAction","target":{"@type":"EntryPoint","urlTemplate":"https:\/\/www.fnmotol.cz\/?s={search_term_string}"},"query-input":"required name=search_term_string"}],"inLanguage":"en-US"}]}},"_links":{"self":[{"href":"https:\/\/www.fnmotol.cz\/en\/wp-json\/wp\/v2\/pages\/4460","targetHints":{"allow":["GET"]}}],"collection":[{"href":"https:\/\/www.fnmotol.cz\/en\/wp-json\/wp\/v2\/pages"}],"about":[{"href":"https:\/\/www.fnmotol.cz\/en\/wp-json\/wp\/v2\/types\/page"}],"author":[{"embeddable":true,"href":"https:\/\/www.fnmotol.cz\/en\/wp-json\/wp\/v2\/users\/4"}],"replies":[{"embeddable":true,"href":"https:\/\/www.fnmotol.cz\/en\/wp-json\/wp\/v2\/comments?post=4460"}],"version-history":[{"count":7,"href":"https:\/\/www.fnmotol.cz\/en\/wp-json\/wp\/v2\/pages\/4460\/revisions"}],"predecessor-version":[{"id":6226,"href":"https:\/\/www.fnmotol.cz\/en\/wp-json\/wp\/v2\/pages\/4460\/revisions\/6226"}],"wp:attachment":[{"href":"https:\/\/www.fnmotol.cz\/en\/wp-json\/wp\/v2\/media?parent=4460"}],"curies":[{"name":"wp","href":"https:\/\/api.w.org\/{rel}","templated":true}]}}