{"id":5238,"date":"2024-06-16T17:26:48","date_gmt":"2024-06-16T15:26:48","guid":{"rendered":"https:\/\/www.fnmotol.cz\/oddeleni-pece-o-samoplatce-en\/sluzby-nad-ramec-zdravotniho-pojisteni\/"},"modified":"2025-07-16T16:16:33","modified_gmt":"2025-07-16T14:16:33","slug":"sluzby-nad-ramec-zdravotniho-pojisteni","status":"publish","type":"page","link":"https:\/\/www.fnmotol.cz\/en\/oddeleni-pece-o-samoplatce-en\/sluzby-nad-ramec-zdravotniho-pojisteni\/","title":{"rendered":"SERVICES ABOVE HEALTH INSURANCE"},"content":{"rendered":"<!-- Text block H1 -->\n<div class=\"content\" data-aos=\"fade-up\">\n            <h1>Services beyond health insurance<\/h1>\n                    <div>\n            <p style=\"text-align: justify;\">The hospital provides a range of specialized services that are not covered by public health insurance. These procedures and services are paid for by the clients at the cash desk of the Foreign and Private Patient Department.<\/p>\n<h2 style=\"text-align: justify;\">Our department collects payments for:<\/h2>\n<ul>\n<li style=\"text-align: justify;\">provided health care for self-paying patiens;<\/li>\n<li style=\"text-align: justify;\">superior accommodation and food<br \/>\nfor more information, see <a href=\"https:\/\/www.fnmotol.cz\/en\/prakticke-informace\/nadstandardni-nezdravotni-sluzby\/\">Superior non-health services<\/a>;<\/li>\n<li style=\"text-align: justify;\">assisted reproduction;<\/li>\n<li style=\"text-align: justify;\">dental procedures \u2013 <em><strong>we do not provide dental emergency<\/strong><\/em>;<\/li>\n<li style=\"text-align: justify;\">plastic surgery;<\/li>\n<li style=\"text-align: justify;\">accommodation of employees\/visitors\/parents of hospitalized children.<\/li>\n<\/ul>\n        <\/div>\n    <\/div>\n<!-- \/Text block H1 -->\n\n<!-- Text block - blue background -->\n<div class=\"content blue\" data-aos=\"fade-up\" data-aos-delay=\"50\">\n            <h2>Excursion<\/h2>\n                <div>\n            <p style=\"text-align: justify;\">For more than 20 years, the Foreign and Private Patient Department has provided excursions at Motol University Hospital for external visitors. The excursion includes a tour of two hospital departments (according to the wishes of the group and the current capacity and operational possibilities of the hospital) and a presentation in which the participants of the excursion will learn a lot of interesting information about the hospital.<\/p>\n<ul style=\"text-align: justify;\">\n<li>The minimum excursion time is 1.5 hours.<\/li>\n<li>The participation fee is 280 CZK incl. VAT 21% per person.<\/li>\n<li>Foreign participants of the excursion must arrange for an interpreter themselves, who is exempt from the participation fee.<\/li>\n<\/ul>\n<p style=\"text-align: justify;\">If you are interested, please contact the contact person: Mgr. Jakub Wichs, <a href=\"mailto:jakub.wichs@fnmotol.cz\">jakub.wichs@fnmotol.cz<\/a><\/p>\n        <\/div>\n    <\/div>\n<!-- \/Text block - blue background -->\n\n<!-- Text block - blue background -->\n<div class=\"content \" data-aos=\"fade-up\" data-aos-delay=\"50\">\n            <h2>Motol Accommodation<\/h2>\n                <div>\n            <p style=\"text-align: justify;\">Motol hospital offers hotel-style accommodation in a separate renovated wing of the Motol hospital hostel.<\/p>\n<p style=\"text-align: justify;\">For more information, please contact the hostel reception directly or contact the department by phone at +420 224 437 309.<\/p>\n        <\/div>\n    <\/div>\n<!-- \/Text block - blue background -->","protected":false},"excerpt":{"rendered":"","protected":false},"author":4,"featured_media":0,"parent":4460,"menu_order":124,"comment_status":"closed","ping_status":"closed","template":"","meta":{"_acf_changed":false,"footnotes":""},"class_list":["post-5238","page","type-page","status-publish","hentry"],"acf":[],"yoast_head":"<!-- This site is optimized with the Yoast SEO plugin v22.7 - https:\/\/yoast.com\/wordpress\/plugins\/seo\/ -->\n<title>SERVICES ABOVE HEALTH INSURANCE - Fakultn\u00ed nemocnice Motol a Homolka<\/title>\n<meta name=\"robots\" content=\"index, follow, max-snippet:-1, max-image-preview:large, max-video-preview:-1\" \/>\n<link rel=\"canonical\" href=\"https:\/\/www.fnmotol.cz\/en\/oddeleni-pece-o-samoplatce-en\/sluzby-nad-ramec-zdravotniho-pojisteni\/\" \/>\n<meta property=\"og:locale\" content=\"en_US\" \/>\n<meta property=\"og:type\" content=\"article\" \/>\n<meta property=\"og:title\" content=\"SERVICES ABOVE HEALTH INSURANCE - Fakultn\u00ed nemocnice Motol a Homolka\" \/>\n<meta property=\"og:url\" content=\"https:\/\/www.fnmotol.cz\/en\/oddeleni-pece-o-samoplatce-en\/sluzby-nad-ramec-zdravotniho-pojisteni\/\" \/>\n<meta property=\"og:site_name\" content=\"Fakultn\u00ed nemocnice Motol a Homolka\" \/>\n<meta property=\"article:modified_time\" content=\"2025-07-16T14:16:33+00:00\" \/>\n<meta name=\"twitter:card\" content=\"summary_large_image\" \/>\n<script type=\"application\/ld+json\" class=\"yoast-schema-graph\">{\"@context\":\"https:\/\/schema.org\",\"@graph\":[{\"@type\":\"WebPage\",\"@id\":\"https:\/\/www.fnmotol.cz\/en\/oddeleni-pece-o-samoplatce-en\/sluzby-nad-ramec-zdravotniho-pojisteni\/\",\"url\":\"https:\/\/www.fnmotol.cz\/en\/oddeleni-pece-o-samoplatce-en\/sluzby-nad-ramec-zdravotniho-pojisteni\/\",\"name\":\"SERVICES ABOVE HEALTH INSURANCE - Fakultn\u00ed nemocnice Motol a Homolka\",\"isPartOf\":{\"@id\":\"https:\/\/www.fnmotol.cz\/#website\"},\"datePublished\":\"2024-06-16T15:26:48+00:00\",\"dateModified\":\"2025-07-16T14:16:33+00:00\",\"breadcrumb\":{\"@id\":\"https:\/\/www.fnmotol.cz\/en\/oddeleni-pece-o-samoplatce-en\/sluzby-nad-ramec-zdravotniho-pojisteni\/#breadcrumb\"},\"inLanguage\":\"en-US\",\"potentialAction\":[{\"@type\":\"ReadAction\",\"target\":[\"https:\/\/www.fnmotol.cz\/en\/oddeleni-pece-o-samoplatce-en\/sluzby-nad-ramec-zdravotniho-pojisteni\/\"]}]},{\"@type\":\"BreadcrumbList\",\"@id\":\"https:\/\/www.fnmotol.cz\/en\/oddeleni-pece-o-samoplatce-en\/sluzby-nad-ramec-zdravotniho-pojisteni\/#breadcrumb\",\"itemListElement\":[{\"@type\":\"ListItem\",\"position\":1,\"name\":\"Dom\u016f\",\"item\":\"https:\/\/www.fnmotol.cz\/en\/\"},{\"@type\":\"ListItem\",\"position\":2,\"name\":\"Information for foreigners\",\"item\":\"https:\/\/www.fnmotol.cz\/en\/oddeleni-pece-o-samoplatce-en\/\"},{\"@type\":\"ListItem\",\"position\":3,\"name\":\"SERVICES ABOVE HEALTH INSURANCE\"}]},{\"@type\":\"WebSite\",\"@id\":\"https:\/\/www.fnmotol.cz\/#website\",\"url\":\"https:\/\/www.fnmotol.cz\/\",\"name\":\"Fakultn\u00ed nemocnice Motol a Homolka\",\"description\":\"Fakultn\u00ed nemocnice Motol a Homolka je nejv\u011bt\u0161\u00ed zdravotnick\u00e9 za\u0159\u00edzen\u00ed v \u010cesku a jedno z nejv\u011bt\u0161\u00edch v Evrop\u011b s kapacitou v\u00edce jak 2 000 l\u016f\u017eek!\",\"potentialAction\":[{\"@type\":\"SearchAction\",\"target\":{\"@type\":\"EntryPoint\",\"urlTemplate\":\"https:\/\/www.fnmotol.cz\/?s={search_term_string}\"},\"query-input\":\"required name=search_term_string\"}],\"inLanguage\":\"en-US\"}]}<\/script>\n<!-- \/ Yoast SEO plugin. -->","yoast_head_json":{"title":"SERVICES ABOVE HEALTH INSURANCE - Fakultn\u00ed nemocnice Motol a Homolka","robots":{"index":"index","follow":"follow","max-snippet":"max-snippet:-1","max-image-preview":"max-image-preview:large","max-video-preview":"max-video-preview:-1"},"canonical":"https:\/\/www.fnmotol.cz\/en\/oddeleni-pece-o-samoplatce-en\/sluzby-nad-ramec-zdravotniho-pojisteni\/","og_locale":"en_US","og_type":"article","og_title":"SERVICES ABOVE HEALTH INSURANCE - Fakultn\u00ed nemocnice Motol a Homolka","og_url":"https:\/\/www.fnmotol.cz\/en\/oddeleni-pece-o-samoplatce-en\/sluzby-nad-ramec-zdravotniho-pojisteni\/","og_site_name":"Fakultn\u00ed nemocnice Motol a Homolka","article_modified_time":"2025-07-16T14:16:33+00:00","twitter_card":"summary_large_image","schema":{"@context":"https:\/\/schema.org","@graph":[{"@type":"WebPage","@id":"https:\/\/www.fnmotol.cz\/en\/oddeleni-pece-o-samoplatce-en\/sluzby-nad-ramec-zdravotniho-pojisteni\/","url":"https:\/\/www.fnmotol.cz\/en\/oddeleni-pece-o-samoplatce-en\/sluzby-nad-ramec-zdravotniho-pojisteni\/","name":"SERVICES ABOVE HEALTH INSURANCE - Fakultn\u00ed nemocnice Motol a Homolka","isPartOf":{"@id":"https:\/\/www.fnmotol.cz\/#website"},"datePublished":"2024-06-16T15:26:48+00:00","dateModified":"2025-07-16T14:16:33+00:00","breadcrumb":{"@id":"https:\/\/www.fnmotol.cz\/en\/oddeleni-pece-o-samoplatce-en\/sluzby-nad-ramec-zdravotniho-pojisteni\/#breadcrumb"},"inLanguage":"en-US","potentialAction":[{"@type":"ReadAction","target":["https:\/\/www.fnmotol.cz\/en\/oddeleni-pece-o-samoplatce-en\/sluzby-nad-ramec-zdravotniho-pojisteni\/"]}]},{"@type":"BreadcrumbList","@id":"https:\/\/www.fnmotol.cz\/en\/oddeleni-pece-o-samoplatce-en\/sluzby-nad-ramec-zdravotniho-pojisteni\/#breadcrumb","itemListElement":[{"@type":"ListItem","position":1,"name":"Dom\u016f","item":"https:\/\/www.fnmotol.cz\/en\/"},{"@type":"ListItem","position":2,"name":"Information for foreigners","item":"https:\/\/www.fnmotol.cz\/en\/oddeleni-pece-o-samoplatce-en\/"},{"@type":"ListItem","position":3,"name":"SERVICES ABOVE HEALTH INSURANCE"}]},{"@type":"WebSite","@id":"https:\/\/www.fnmotol.cz\/#website","url":"https:\/\/www.fnmotol.cz\/","name":"Fakultn\u00ed nemocnice Motol a Homolka","description":"Fakultn\u00ed nemocnice Motol a Homolka je nejv\u011bt\u0161\u00ed zdravotnick\u00e9 za\u0159\u00edzen\u00ed v \u010cesku a jedno z nejv\u011bt\u0161\u00edch v Evrop\u011b s kapacitou v\u00edce jak 2 000 l\u016f\u017eek!","potentialAction":[{"@type":"SearchAction","target":{"@type":"EntryPoint","urlTemplate":"https:\/\/www.fnmotol.cz\/?s={search_term_string}"},"query-input":"required name=search_term_string"}],"inLanguage":"en-US"}]}},"_links":{"self":[{"href":"https:\/\/www.fnmotol.cz\/en\/wp-json\/wp\/v2\/pages\/5238","targetHints":{"allow":["GET"]}}],"collection":[{"href":"https:\/\/www.fnmotol.cz\/en\/wp-json\/wp\/v2\/pages"}],"about":[{"href":"https:\/\/www.fnmotol.cz\/en\/wp-json\/wp\/v2\/types\/page"}],"author":[{"embeddable":true,"href":"https:\/\/www.fnmotol.cz\/en\/wp-json\/wp\/v2\/users\/4"}],"replies":[{"embeddable":true,"href":"https:\/\/www.fnmotol.cz\/en\/wp-json\/wp\/v2\/comments?post=5238"}],"version-history":[{"count":8,"href":"https:\/\/www.fnmotol.cz\/en\/wp-json\/wp\/v2\/pages\/5238\/revisions"}],"predecessor-version":[{"id":13456,"href":"https:\/\/www.fnmotol.cz\/en\/wp-json\/wp\/v2\/pages\/5238\/revisions\/13456"}],"up":[{"embeddable":true,"href":"https:\/\/www.fnmotol.cz\/en\/wp-json\/wp\/v2\/pages\/4460"}],"wp:attachment":[{"href":"https:\/\/www.fnmotol.cz\/en\/wp-json\/wp\/v2\/media?parent=5238"}],"curies":[{"name":"wp","href":"https:\/\/api.w.org\/{rel}","templated":true}]}}