{"id":5242,"date":"2024-06-16T16:58:12","date_gmt":"2024-06-16T14:58:12","guid":{"rendered":"https:\/\/www.fnmotol.cz\/oddeleni-pece-o-samoplatce-en\/aktuality\/"},"modified":"2026-02-06T18:40:24","modified_gmt":"2026-02-06T17:40:24","slug":"aktuality","status":"publish","type":"page","link":"https:\/\/www.fnmotol.cz\/en\/oddeleni-pece-o-samoplatce-en\/aktuality\/","title":{"rendered":"News"},"content":{"rendered":"<!-- Text block H1 -->\n<div class=\"content\" data-aos=\"fade-up\">\n            <h1>News<\/h1>\n                    <div>\n            <p style=\"text-align: justify;\">OFFICE HOURS OF THE OUTPATIENT DPT. FOR FOREIGNERS FOR ADULTS FROM 1. 9. 2022:<\/p>\n<ul style=\"text-align: justify;\">\n<li>Monday: MUDr. Valentov\u00e1, 7:30 a.m. \u2013 2:00 p.m<\/li>\n<li>Wednesday: MUDr. Valentov\u00e1, 7:30 a.m. \u2013 2:00 p.m<\/li>\n<\/ul>\n<p style=\"text-align: justify;\">Make an appointment by phone at: +420 224 438 573 during the above office hours.<\/p>\n<p style=\"text-align: justify;\">This outpatient dpt. does not replace the services of a general practitioner!<\/p>\n<hr \/>\n<h4 style=\"text-align: justify;\">Please follow the current list of foreign assistance services of insurance companies with which we do not currently cooperate:<\/h4>\n<ul style=\"text-align: justify;\">\n<li>Assist Card \u2013 Uruguay, Spain<\/li>\n<li>Travel Guard \u2013 USA<\/li>\n<li>American Assist Travel<\/li>\n<li>Smile Service Ukraine<\/li>\n<li>Celta Assistance<\/li>\n<li>Netservice Spain<\/li>\n<li>Coris Ukraine<\/li>\n<li>Call Assistance \u2013 CA24<\/li>\n<li>Can Assistance<\/li>\n<li>Nova Assist Moldova<\/li>\n<li>International SOS \u2013 USA<\/li>\n<li>Smile Assistance<\/li>\n<li>KIO Assistnace Spain<\/li>\n<\/ul>\n<p style=\"text-align: justify;\">We accept payments in cash or by credit card only for acute, medically necessary care, urgent care and for procedures not covered by Czech public health insurance.<\/p>\n<p style=\"text-align: justify;\">For operational reasons, there is a charge of 75 CZK for the verification of the validity of the Czech public health insurance in case of loss or theft of the card or if you have forgotten it.<\/p>\n        <\/div>\n    <\/div>\n<!-- \/Text block H1 -->","protected":false},"excerpt":{"rendered":"","protected":false},"author":4,"featured_media":0,"parent":4460,"menu_order":134,"comment_status":"closed","ping_status":"closed","template":"","meta":{"_acf_changed":false,"footnotes":""},"class_list":["post-5242","page","type-page","status-publish","hentry"],"acf":[],"yoast_head":"<!-- This site is optimized with the Yoast SEO plugin v22.7 - https:\/\/yoast.com\/wordpress\/plugins\/seo\/ -->\n<title>News - Fakultn\u00ed nemocnice Motol a Homolka<\/title>\n<meta name=\"robots\" content=\"index, follow, max-snippet:-1, max-image-preview:large, max-video-preview:-1\" \/>\n<link rel=\"canonical\" href=\"https:\/\/www.fnmotol.cz\/en\/oddeleni-pece-o-samoplatce-en\/aktuality\/\" \/>\n<meta property=\"og:locale\" content=\"en_US\" \/>\n<meta property=\"og:type\" content=\"article\" \/>\n<meta property=\"og:title\" content=\"News - Fakultn\u00ed nemocnice Motol a Homolka\" \/>\n<meta property=\"og:url\" content=\"https:\/\/www.fnmotol.cz\/en\/oddeleni-pece-o-samoplatce-en\/aktuality\/\" \/>\n<meta property=\"og:site_name\" content=\"Fakultn\u00ed nemocnice Motol a Homolka\" \/>\n<meta property=\"article:modified_time\" content=\"2026-02-06T17:40:24+00:00\" \/>\n<meta name=\"twitter:card\" content=\"summary_large_image\" \/>\n<script type=\"application\/ld+json\" class=\"yoast-schema-graph\">{\"@context\":\"https:\/\/schema.org\",\"@graph\":[{\"@type\":\"WebPage\",\"@id\":\"https:\/\/www.fnmotol.cz\/en\/oddeleni-pece-o-samoplatce-en\/aktuality\/\",\"url\":\"https:\/\/www.fnmotol.cz\/en\/oddeleni-pece-o-samoplatce-en\/aktuality\/\",\"name\":\"News - Fakultn\u00ed nemocnice Motol a Homolka\",\"isPartOf\":{\"@id\":\"https:\/\/www.fnmotol.cz\/#website\"},\"datePublished\":\"2024-06-16T14:58:12+00:00\",\"dateModified\":\"2026-02-06T17:40:24+00:00\",\"breadcrumb\":{\"@id\":\"https:\/\/www.fnmotol.cz\/en\/oddeleni-pece-o-samoplatce-en\/aktuality\/#breadcrumb\"},\"inLanguage\":\"en-US\",\"potentialAction\":[{\"@type\":\"ReadAction\",\"target\":[\"https:\/\/www.fnmotol.cz\/en\/oddeleni-pece-o-samoplatce-en\/aktuality\/\"]}]},{\"@type\":\"BreadcrumbList\",\"@id\":\"https:\/\/www.fnmotol.cz\/en\/oddeleni-pece-o-samoplatce-en\/aktuality\/#breadcrumb\",\"itemListElement\":[{\"@type\":\"ListItem\",\"position\":1,\"name\":\"Dom\u016f\",\"item\":\"https:\/\/www.fnmotol.cz\/en\/\"},{\"@type\":\"ListItem\",\"position\":2,\"name\":\"Information for foreigners\",\"item\":\"https:\/\/www.fnmotol.cz\/en\/oddeleni-pece-o-samoplatce-en\/\"},{\"@type\":\"ListItem\",\"position\":3,\"name\":\"News\"}]},{\"@type\":\"WebSite\",\"@id\":\"https:\/\/www.fnmotol.cz\/#website\",\"url\":\"https:\/\/www.fnmotol.cz\/\",\"name\":\"Fakultn\u00ed nemocnice Motol a Homolka\",\"description\":\"Fakultn\u00ed nemocnice Motol a Homolka je nejv\u011bt\u0161\u00ed zdravotnick\u00e9 za\u0159\u00edzen\u00ed v \u010cesku a jedno z nejv\u011bt\u0161\u00edch v Evrop\u011b s kapacitou v\u00edce jak 2 000 l\u016f\u017eek!\",\"potentialAction\":[{\"@type\":\"SearchAction\",\"target\":{\"@type\":\"EntryPoint\",\"urlTemplate\":\"https:\/\/www.fnmotol.cz\/?s={search_term_string}\"},\"query-input\":\"required name=search_term_string\"}],\"inLanguage\":\"en-US\"}]}<\/script>\n<!-- \/ Yoast SEO plugin. -->","yoast_head_json":{"title":"News - Fakultn\u00ed nemocnice Motol a Homolka","robots":{"index":"index","follow":"follow","max-snippet":"max-snippet:-1","max-image-preview":"max-image-preview:large","max-video-preview":"max-video-preview:-1"},"canonical":"https:\/\/www.fnmotol.cz\/en\/oddeleni-pece-o-samoplatce-en\/aktuality\/","og_locale":"en_US","og_type":"article","og_title":"News - Fakultn\u00ed nemocnice Motol a Homolka","og_url":"https:\/\/www.fnmotol.cz\/en\/oddeleni-pece-o-samoplatce-en\/aktuality\/","og_site_name":"Fakultn\u00ed nemocnice Motol a Homolka","article_modified_time":"2026-02-06T17:40:24+00:00","twitter_card":"summary_large_image","schema":{"@context":"https:\/\/schema.org","@graph":[{"@type":"WebPage","@id":"https:\/\/www.fnmotol.cz\/en\/oddeleni-pece-o-samoplatce-en\/aktuality\/","url":"https:\/\/www.fnmotol.cz\/en\/oddeleni-pece-o-samoplatce-en\/aktuality\/","name":"News - Fakultn\u00ed nemocnice Motol a Homolka","isPartOf":{"@id":"https:\/\/www.fnmotol.cz\/#website"},"datePublished":"2024-06-16T14:58:12+00:00","dateModified":"2026-02-06T17:40:24+00:00","breadcrumb":{"@id":"https:\/\/www.fnmotol.cz\/en\/oddeleni-pece-o-samoplatce-en\/aktuality\/#breadcrumb"},"inLanguage":"en-US","potentialAction":[{"@type":"ReadAction","target":["https:\/\/www.fnmotol.cz\/en\/oddeleni-pece-o-samoplatce-en\/aktuality\/"]}]},{"@type":"BreadcrumbList","@id":"https:\/\/www.fnmotol.cz\/en\/oddeleni-pece-o-samoplatce-en\/aktuality\/#breadcrumb","itemListElement":[{"@type":"ListItem","position":1,"name":"Dom\u016f","item":"https:\/\/www.fnmotol.cz\/en\/"},{"@type":"ListItem","position":2,"name":"Information for foreigners","item":"https:\/\/www.fnmotol.cz\/en\/oddeleni-pece-o-samoplatce-en\/"},{"@type":"ListItem","position":3,"name":"News"}]},{"@type":"WebSite","@id":"https:\/\/www.fnmotol.cz\/#website","url":"https:\/\/www.fnmotol.cz\/","name":"Fakultn\u00ed nemocnice Motol a Homolka","description":"Fakultn\u00ed nemocnice Motol a Homolka je nejv\u011bt\u0161\u00ed zdravotnick\u00e9 za\u0159\u00edzen\u00ed v \u010cesku a jedno z nejv\u011bt\u0161\u00edch v Evrop\u011b s kapacitou v\u00edce jak 2 000 l\u016f\u017eek!","potentialAction":[{"@type":"SearchAction","target":{"@type":"EntryPoint","urlTemplate":"https:\/\/www.fnmotol.cz\/?s={search_term_string}"},"query-input":"required name=search_term_string"}],"inLanguage":"en-US"}]}},"_links":{"self":[{"href":"https:\/\/www.fnmotol.cz\/en\/wp-json\/wp\/v2\/pages\/5242","targetHints":{"allow":["GET"]}}],"collection":[{"href":"https:\/\/www.fnmotol.cz\/en\/wp-json\/wp\/v2\/pages"}],"about":[{"href":"https:\/\/www.fnmotol.cz\/en\/wp-json\/wp\/v2\/types\/page"}],"author":[{"embeddable":true,"href":"https:\/\/www.fnmotol.cz\/en\/wp-json\/wp\/v2\/users\/4"}],"replies":[{"embeddable":true,"href":"https:\/\/www.fnmotol.cz\/en\/wp-json\/wp\/v2\/comments?post=5242"}],"version-history":[{"count":7,"href":"https:\/\/www.fnmotol.cz\/en\/wp-json\/wp\/v2\/pages\/5242\/revisions"}],"predecessor-version":[{"id":16322,"href":"https:\/\/www.fnmotol.cz\/en\/wp-json\/wp\/v2\/pages\/5242\/revisions\/16322"}],"up":[{"embeddable":true,"href":"https:\/\/www.fnmotol.cz\/en\/wp-json\/wp\/v2\/pages\/4460"}],"wp:attachment":[{"href":"https:\/\/www.fnmotol.cz\/en\/wp-json\/wp\/v2\/media?parent=5242"}],"curies":[{"name":"wp","href":"https:\/\/api.w.org\/{rel}","templated":true}]}}