{"id":5244,"date":"2024-06-16T17:11:04","date_gmt":"2024-06-16T15:11:04","guid":{"rendered":"https:\/\/www.fnmotol.cz\/oddeleni-pece-o-samoplatce-en\/zdravotni-pece-pro-cizince\/"},"modified":"2025-07-07T10:45:49","modified_gmt":"2025-07-07T08:45:49","slug":"zdravotni-pece-pro-cizince","status":"publish","type":"page","link":"https:\/\/www.fnmotol.cz\/en\/oddeleni-pece-o-samoplatce-en\/zdravotni-pece-pro-cizince\/","title":{"rendered":"Health care for foreigners"},"content":{"rendered":"<!-- Text block H1 -->\n<div class=\"content\" data-aos=\"fade-up\">\n            <h1>Health care for foreigners<\/h1>\n                    <div>\n            <p style=\"text-align: justify;\">The Motol University Hospital provides patients with comprehensive, highly specialised care both within the framework of emergency and acute care, as well as within the framework of planned and outpatient care.<\/p>\n<p style=\"text-align: justify;\">Below you will find more information on each type of care.<\/p>\n        <\/div>\n    <\/div>\n<!-- \/Text block H1 -->\n\n<!-- subpage -->\n<div class=\"content\">\n                <h2 data-aos=\"fade-up\" data-aos-delay=\"50\">Choose the type of care<\/h2>\n                    <div class=\"subpage-block\" data-aos=\"fade-up\" data-aos-delay=\"50\">\n            <a \r\n    href=\"https:\/\/www.fnmotol.cz\/en\/oddeleni-pece-o-samoplatce\/zdravotni-pece-pro-cizince\/urgentni-akutni\/\"\r\n    class=\"subpage-block__item c-1\"\r\n    target=\"_self\"\r\n    >Urgent\/acute<\/a>\r\n        <a \r\n    href=\"https:\/\/www.fnmotol.cz\/en\/oddeleni-pece-o-samoplatce\/zdravotni-pece-pro-cizince\/ambulantni\/\"\r\n    class=\"subpage-block__item c-1\"\r\n    target=\"_self\"\r\n    >Ambulatory<\/a>\r\n        <a \r\n    href=\"https:\/\/www.fnmotol.cz\/en\/oddeleni-pece-o-samoplatce\/zdravotni-pece-pro-cizince\/planovana\/\"\r\n    class=\"subpage-block__item c-1\"\r\n    target=\"_self\"\r\n    >Planned<\/a>\r\n            <\/div>\n        <\/div>\n<!-- \/subpage -->\n\n<!-- Warning messages -->\n<div class=\"content \">\n    <div class=\"messages messages__informative\" data-aos=\"fade-up\" data-aos-delay=\"50\">\n        <div>\n            <p style=\"text-align: justify;\"><strong>ATTENTION!<\/strong><\/p>\n<p style=\"text-align: justify;\"><strong>Most Czech commercial insurance companies do not cover treatment for chronic diseases or health problems that occurred before the insurance contract was signed. Please pay attention to the scope of medical care: comprehensive, essential and acute.<\/strong><\/p>\n        <\/div>\n    <\/div>\n<\/div>\n<!-- \/Warning messages -->","protected":false},"excerpt":{"rendered":"","protected":false},"author":4,"featured_media":0,"parent":4460,"menu_order":132,"comment_status":"closed","ping_status":"closed","template":"","meta":{"_acf_changed":false,"footnotes":""},"class_list":["post-5244","page","type-page","status-publish","hentry"],"acf":[],"yoast_head":"<!-- This site is optimized with the Yoast SEO plugin v22.7 - https:\/\/yoast.com\/wordpress\/plugins\/seo\/ -->\n<title>Health care for foreigners - Fakultn\u00ed nemocnice Motol a Homolka<\/title>\n<meta name=\"robots\" content=\"index, follow, max-snippet:-1, max-image-preview:large, max-video-preview:-1\" \/>\n<link rel=\"canonical\" href=\"https:\/\/www.fnmotol.cz\/en\/oddeleni-pece-o-samoplatce-en\/zdravotni-pece-pro-cizince\/\" \/>\n<meta property=\"og:locale\" content=\"en_US\" \/>\n<meta property=\"og:type\" content=\"article\" \/>\n<meta property=\"og:title\" content=\"Health care for foreigners - Fakultn\u00ed nemocnice Motol a Homolka\" \/>\n<meta property=\"og:url\" content=\"https:\/\/www.fnmotol.cz\/en\/oddeleni-pece-o-samoplatce-en\/zdravotni-pece-pro-cizince\/\" \/>\n<meta property=\"og:site_name\" content=\"Fakultn\u00ed nemocnice Motol a Homolka\" \/>\n<meta property=\"article:modified_time\" content=\"2025-07-07T08:45:49+00:00\" \/>\n<meta name=\"twitter:card\" content=\"summary_large_image\" \/>\n<script type=\"application\/ld+json\" class=\"yoast-schema-graph\">{\"@context\":\"https:\/\/schema.org\",\"@graph\":[{\"@type\":\"WebPage\",\"@id\":\"https:\/\/www.fnmotol.cz\/en\/oddeleni-pece-o-samoplatce-en\/zdravotni-pece-pro-cizince\/\",\"url\":\"https:\/\/www.fnmotol.cz\/en\/oddeleni-pece-o-samoplatce-en\/zdravotni-pece-pro-cizince\/\",\"name\":\"Health care for foreigners - Fakultn\u00ed nemocnice Motol a Homolka\",\"isPartOf\":{\"@id\":\"https:\/\/www.fnmotol.cz\/#website\"},\"datePublished\":\"2024-06-16T15:11:04+00:00\",\"dateModified\":\"2025-07-07T08:45:49+00:00\",\"breadcrumb\":{\"@id\":\"https:\/\/www.fnmotol.cz\/en\/oddeleni-pece-o-samoplatce-en\/zdravotni-pece-pro-cizince\/#breadcrumb\"},\"inLanguage\":\"en-US\",\"potentialAction\":[{\"@type\":\"ReadAction\",\"target\":[\"https:\/\/www.fnmotol.cz\/en\/oddeleni-pece-o-samoplatce-en\/zdravotni-pece-pro-cizince\/\"]}]},{\"@type\":\"BreadcrumbList\",\"@id\":\"https:\/\/www.fnmotol.cz\/en\/oddeleni-pece-o-samoplatce-en\/zdravotni-pece-pro-cizince\/#breadcrumb\",\"itemListElement\":[{\"@type\":\"ListItem\",\"position\":1,\"name\":\"Dom\u016f\",\"item\":\"https:\/\/www.fnmotol.cz\/en\/\"},{\"@type\":\"ListItem\",\"position\":2,\"name\":\"Information for foreigners\",\"item\":\"https:\/\/www.fnmotol.cz\/en\/oddeleni-pece-o-samoplatce-en\/\"},{\"@type\":\"ListItem\",\"position\":3,\"name\":\"Health care for foreigners\"}]},{\"@type\":\"WebSite\",\"@id\":\"https:\/\/www.fnmotol.cz\/#website\",\"url\":\"https:\/\/www.fnmotol.cz\/\",\"name\":\"Fakultn\u00ed nemocnice Motol a Homolka\",\"description\":\"Fakultn\u00ed nemocnice Motol a Homolka je nejv\u011bt\u0161\u00ed zdravotnick\u00e9 za\u0159\u00edzen\u00ed v \u010cesku a jedno z nejv\u011bt\u0161\u00edch v Evrop\u011b s kapacitou v\u00edce jak 2 000 l\u016f\u017eek!\",\"potentialAction\":[{\"@type\":\"SearchAction\",\"target\":{\"@type\":\"EntryPoint\",\"urlTemplate\":\"https:\/\/www.fnmotol.cz\/?s={search_term_string}\"},\"query-input\":\"required name=search_term_string\"}],\"inLanguage\":\"en-US\"}]}<\/script>\n<!-- \/ Yoast SEO plugin. -->","yoast_head_json":{"title":"Health care for foreigners - Fakultn\u00ed nemocnice Motol a Homolka","robots":{"index":"index","follow":"follow","max-snippet":"max-snippet:-1","max-image-preview":"max-image-preview:large","max-video-preview":"max-video-preview:-1"},"canonical":"https:\/\/www.fnmotol.cz\/en\/oddeleni-pece-o-samoplatce-en\/zdravotni-pece-pro-cizince\/","og_locale":"en_US","og_type":"article","og_title":"Health care for foreigners - Fakultn\u00ed nemocnice Motol a Homolka","og_url":"https:\/\/www.fnmotol.cz\/en\/oddeleni-pece-o-samoplatce-en\/zdravotni-pece-pro-cizince\/","og_site_name":"Fakultn\u00ed nemocnice Motol a Homolka","article_modified_time":"2025-07-07T08:45:49+00:00","twitter_card":"summary_large_image","schema":{"@context":"https:\/\/schema.org","@graph":[{"@type":"WebPage","@id":"https:\/\/www.fnmotol.cz\/en\/oddeleni-pece-o-samoplatce-en\/zdravotni-pece-pro-cizince\/","url":"https:\/\/www.fnmotol.cz\/en\/oddeleni-pece-o-samoplatce-en\/zdravotni-pece-pro-cizince\/","name":"Health care for foreigners - Fakultn\u00ed nemocnice Motol a Homolka","isPartOf":{"@id":"https:\/\/www.fnmotol.cz\/#website"},"datePublished":"2024-06-16T15:11:04+00:00","dateModified":"2025-07-07T08:45:49+00:00","breadcrumb":{"@id":"https:\/\/www.fnmotol.cz\/en\/oddeleni-pece-o-samoplatce-en\/zdravotni-pece-pro-cizince\/#breadcrumb"},"inLanguage":"en-US","potentialAction":[{"@type":"ReadAction","target":["https:\/\/www.fnmotol.cz\/en\/oddeleni-pece-o-samoplatce-en\/zdravotni-pece-pro-cizince\/"]}]},{"@type":"BreadcrumbList","@id":"https:\/\/www.fnmotol.cz\/en\/oddeleni-pece-o-samoplatce-en\/zdravotni-pece-pro-cizince\/#breadcrumb","itemListElement":[{"@type":"ListItem","position":1,"name":"Dom\u016f","item":"https:\/\/www.fnmotol.cz\/en\/"},{"@type":"ListItem","position":2,"name":"Information for foreigners","item":"https:\/\/www.fnmotol.cz\/en\/oddeleni-pece-o-samoplatce-en\/"},{"@type":"ListItem","position":3,"name":"Health care for foreigners"}]},{"@type":"WebSite","@id":"https:\/\/www.fnmotol.cz\/#website","url":"https:\/\/www.fnmotol.cz\/","name":"Fakultn\u00ed nemocnice Motol a Homolka","description":"Fakultn\u00ed nemocnice Motol a Homolka je nejv\u011bt\u0161\u00ed zdravotnick\u00e9 za\u0159\u00edzen\u00ed v \u010cesku a jedno z nejv\u011bt\u0161\u00edch v Evrop\u011b s kapacitou v\u00edce jak 2 000 l\u016f\u017eek!","potentialAction":[{"@type":"SearchAction","target":{"@type":"EntryPoint","urlTemplate":"https:\/\/www.fnmotol.cz\/?s={search_term_string}"},"query-input":"required name=search_term_string"}],"inLanguage":"en-US"}]}},"_links":{"self":[{"href":"https:\/\/www.fnmotol.cz\/en\/wp-json\/wp\/v2\/pages\/5244","targetHints":{"allow":["GET"]}}],"collection":[{"href":"https:\/\/www.fnmotol.cz\/en\/wp-json\/wp\/v2\/pages"}],"about":[{"href":"https:\/\/www.fnmotol.cz\/en\/wp-json\/wp\/v2\/types\/page"}],"author":[{"embeddable":true,"href":"https:\/\/www.fnmotol.cz\/en\/wp-json\/wp\/v2\/users\/4"}],"replies":[{"embeddable":true,"href":"https:\/\/www.fnmotol.cz\/en\/wp-json\/wp\/v2\/comments?post=5244"}],"version-history":[{"count":6,"href":"https:\/\/www.fnmotol.cz\/en\/wp-json\/wp\/v2\/pages\/5244\/revisions"}],"predecessor-version":[{"id":13233,"href":"https:\/\/www.fnmotol.cz\/en\/wp-json\/wp\/v2\/pages\/5244\/revisions\/13233"}],"up":[{"embeddable":true,"href":"https:\/\/www.fnmotol.cz\/en\/wp-json\/wp\/v2\/pages\/4460"}],"wp:attachment":[{"href":"https:\/\/www.fnmotol.cz\/en\/wp-json\/wp\/v2\/media?parent=5244"}],"curies":[{"name":"wp","href":"https:\/\/api.w.org\/{rel}","templated":true}]}}