{"id":5246,"date":"2024-06-16T17:16:17","date_gmt":"2024-06-16T15:16:17","guid":{"rendered":"https:\/\/www.fnmotol.cz\/oddeleni-pece-o-samoplatce-en\/zdravotni-pece-pro-cizince\/urgentni-akutni\/"},"modified":"2026-02-26T12:00:18","modified_gmt":"2026-02-26T11:00:18","slug":"urgentni-akutni","status":"publish","type":"page","link":"https:\/\/www.fnmotol.cz\/en\/oddeleni-pece-o-samoplatce-en\/zdravotni-pece-pro-cizince\/urgentni-akutni\/","title":{"rendered":"Urgent\/acute"},"content":{"rendered":"<!-- Text block H1 -->\n<div class=\"content\" data-aos=\"fade-up\">\n            <h1>Urgent\/acute<\/h1>\n                    <div>\n            <p style=\"text-align: justify;\"><strong>If you have an acute health problem, you can come to the hospital without an appointment, the emergency department for children and adults is opened 24\/7. The first medical help for adults is opened on weekdays from 5 p.m. to 11:00 p.m., from 7 a.m. to 10 p.m. on weekends and holidays.<\/strong><\/p>\n<p style=\"text-align: justify;\">If you do not have a valid Czech public health insurance and you come during the opening hours of the Foreign and Private Patient Department, you need:<\/p>\n<ul style=\"text-align: justify;\">\n<li>register at the Foreign and Private Patient Department.<\/li>\n<li>contact the insurance company in advance (Uniqa, VZP for foreigners, SV, AXA Interpartner, travel insurance);<\/li>\n<li>take your passport \/ other identity document and insurance with you;<\/li>\n<li>pay a deposit for treatment, in case your treatment will not be covered by the insurance company;<\/li>\n<li>if you hold the European Health Insurance Card, take it with you and check the validity of the card;<\/li>\n<\/ul>\n<p style=\"text-align: justify;\">The amount of the deposit depends on the expected scope of health care.<\/p>\n<p style=\"text-align: justify;\">After the examination, the patient will return to the Foreign and Private Patient Department, where the final invoice for the examination will be issued.<\/p>\n<p style=\"text-align: justify;\">The final amount for the provided health care may exceed the amount of the advance payment. In this case, it is necessary to pay the remaining amount at the counter of our department.<\/p>\n<p style=\"text-align: justify;\">Outside the opening hours of the Foreign and Private Patient Department, please go directly to the Emergency department (for adults or children), fill out the registration form legibly, the next day we will arrange payment with you, or you can contact us yourself.<\/p>\n        <\/div>\n    <\/div>\n<!-- \/Text block H1 -->\n\n<!-- subpage -->\n<div class=\"content\">\n                <h2 data-aos=\"fade-up\" data-aos-delay=\"50\">The type of care<\/h2>\n                    <div class=\"subpage-block\" data-aos=\"fade-up\" data-aos-delay=\"50\">\n            <a \r\n    href=\"https:\/\/www.fnmotol.cz\/en\/oddeleni-pece-o-samoplatce-en\/zdravotni-pece-pro-cizince\/ambulantni\/\"\r\n    class=\"subpage-block__item c-1\"\r\n    target=\"_self\"\r\n    >Ambulatory<\/a>\r\n        <a \r\n    href=\"https:\/\/www.fnmotol.cz\/en\/oddeleni-pece-o-samoplatce-en\/zdravotni-pece-pro-cizince\/planovana\/\"\r\n    class=\"subpage-block__item c-1\"\r\n    target=\"_self\"\r\n    >Planned<\/a>\r\n            <\/div>\n        <\/div>\n<!-- \/subpage -->","protected":false},"excerpt":{"rendered":"","protected":false},"author":4,"featured_media":0,"parent":5244,"menu_order":130,"comment_status":"closed","ping_status":"closed","template":"","meta":{"_acf_changed":false,"footnotes":""},"class_list":["post-5246","page","type-page","status-publish","hentry"],"acf":[],"yoast_head":"<!-- This site is optimized with the Yoast SEO plugin v22.7 - https:\/\/yoast.com\/wordpress\/plugins\/seo\/ -->\n<title>Urgent\/acute - Fakultn\u00ed nemocnice Motol a Homolka<\/title>\n<meta name=\"robots\" content=\"index, follow, max-snippet:-1, max-image-preview:large, max-video-preview:-1\" \/>\n<link rel=\"canonical\" href=\"https:\/\/www.fnmotol.cz\/en\/oddeleni-pece-o-samoplatce-en\/zdravotni-pece-pro-cizince\/urgentni-akutni\/\" \/>\n<meta property=\"og:locale\" content=\"en_US\" \/>\n<meta property=\"og:type\" content=\"article\" \/>\n<meta property=\"og:title\" content=\"Urgent\/acute - Fakultn\u00ed nemocnice Motol a Homolka\" \/>\n<meta property=\"og:url\" content=\"https:\/\/www.fnmotol.cz\/en\/oddeleni-pece-o-samoplatce-en\/zdravotni-pece-pro-cizince\/urgentni-akutni\/\" \/>\n<meta property=\"og:site_name\" content=\"Fakultn\u00ed nemocnice Motol a Homolka\" \/>\n<meta property=\"article:modified_time\" content=\"2026-02-26T11:00:18+00:00\" \/>\n<meta name=\"twitter:card\" content=\"summary_large_image\" \/>\n<script type=\"application\/ld+json\" class=\"yoast-schema-graph\">{\"@context\":\"https:\/\/schema.org\",\"@graph\":[{\"@type\":\"WebPage\",\"@id\":\"https:\/\/www.fnmotol.cz\/en\/oddeleni-pece-o-samoplatce-en\/zdravotni-pece-pro-cizince\/urgentni-akutni\/\",\"url\":\"https:\/\/www.fnmotol.cz\/en\/oddeleni-pece-o-samoplatce-en\/zdravotni-pece-pro-cizince\/urgentni-akutni\/\",\"name\":\"Urgent\/acute - Fakultn\u00ed nemocnice Motol a Homolka\",\"isPartOf\":{\"@id\":\"https:\/\/www.fnmotol.cz\/#website\"},\"datePublished\":\"2024-06-16T15:16:17+00:00\",\"dateModified\":\"2026-02-26T11:00:18+00:00\",\"breadcrumb\":{\"@id\":\"https:\/\/www.fnmotol.cz\/en\/oddeleni-pece-o-samoplatce-en\/zdravotni-pece-pro-cizince\/urgentni-akutni\/#breadcrumb\"},\"inLanguage\":\"en-US\",\"potentialAction\":[{\"@type\":\"ReadAction\",\"target\":[\"https:\/\/www.fnmotol.cz\/en\/oddeleni-pece-o-samoplatce-en\/zdravotni-pece-pro-cizince\/urgentni-akutni\/\"]}]},{\"@type\":\"BreadcrumbList\",\"@id\":\"https:\/\/www.fnmotol.cz\/en\/oddeleni-pece-o-samoplatce-en\/zdravotni-pece-pro-cizince\/urgentni-akutni\/#breadcrumb\",\"itemListElement\":[{\"@type\":\"ListItem\",\"position\":1,\"name\":\"Dom\u016f\",\"item\":\"https:\/\/www.fnmotol.cz\/en\/\"},{\"@type\":\"ListItem\",\"position\":2,\"name\":\"Information for foreigners\",\"item\":\"https:\/\/www.fnmotol.cz\/en\/oddeleni-pece-o-samoplatce-en\/\"},{\"@type\":\"ListItem\",\"position\":3,\"name\":\"Health care for foreigners\",\"item\":\"https:\/\/www.fnmotol.cz\/en\/oddeleni-pece-o-samoplatce-en\/zdravotni-pece-pro-cizince\/\"},{\"@type\":\"ListItem\",\"position\":4,\"name\":\"Urgent\/acute\"}]},{\"@type\":\"WebSite\",\"@id\":\"https:\/\/www.fnmotol.cz\/#website\",\"url\":\"https:\/\/www.fnmotol.cz\/\",\"name\":\"Fakultn\u00ed nemocnice Motol a Homolka\",\"description\":\"Fakultn\u00ed nemocnice Motol a Homolka je nejv\u011bt\u0161\u00ed zdravotnick\u00e9 za\u0159\u00edzen\u00ed v \u010cesku a jedno z nejv\u011bt\u0161\u00edch v Evrop\u011b s kapacitou v\u00edce jak 2 000 l\u016f\u017eek!\",\"potentialAction\":[{\"@type\":\"SearchAction\",\"target\":{\"@type\":\"EntryPoint\",\"urlTemplate\":\"https:\/\/www.fnmotol.cz\/?s={search_term_string}\"},\"query-input\":\"required name=search_term_string\"}],\"inLanguage\":\"en-US\"}]}<\/script>\n<!-- \/ Yoast SEO plugin. -->","yoast_head_json":{"title":"Urgent\/acute - Fakultn\u00ed nemocnice Motol a Homolka","robots":{"index":"index","follow":"follow","max-snippet":"max-snippet:-1","max-image-preview":"max-image-preview:large","max-video-preview":"max-video-preview:-1"},"canonical":"https:\/\/www.fnmotol.cz\/en\/oddeleni-pece-o-samoplatce-en\/zdravotni-pece-pro-cizince\/urgentni-akutni\/","og_locale":"en_US","og_type":"article","og_title":"Urgent\/acute - Fakultn\u00ed nemocnice Motol a Homolka","og_url":"https:\/\/www.fnmotol.cz\/en\/oddeleni-pece-o-samoplatce-en\/zdravotni-pece-pro-cizince\/urgentni-akutni\/","og_site_name":"Fakultn\u00ed nemocnice Motol a Homolka","article_modified_time":"2026-02-26T11:00:18+00:00","twitter_card":"summary_large_image","schema":{"@context":"https:\/\/schema.org","@graph":[{"@type":"WebPage","@id":"https:\/\/www.fnmotol.cz\/en\/oddeleni-pece-o-samoplatce-en\/zdravotni-pece-pro-cizince\/urgentni-akutni\/","url":"https:\/\/www.fnmotol.cz\/en\/oddeleni-pece-o-samoplatce-en\/zdravotni-pece-pro-cizince\/urgentni-akutni\/","name":"Urgent\/acute - Fakultn\u00ed nemocnice Motol a Homolka","isPartOf":{"@id":"https:\/\/www.fnmotol.cz\/#website"},"datePublished":"2024-06-16T15:16:17+00:00","dateModified":"2026-02-26T11:00:18+00:00","breadcrumb":{"@id":"https:\/\/www.fnmotol.cz\/en\/oddeleni-pece-o-samoplatce-en\/zdravotni-pece-pro-cizince\/urgentni-akutni\/#breadcrumb"},"inLanguage":"en-US","potentialAction":[{"@type":"ReadAction","target":["https:\/\/www.fnmotol.cz\/en\/oddeleni-pece-o-samoplatce-en\/zdravotni-pece-pro-cizince\/urgentni-akutni\/"]}]},{"@type":"BreadcrumbList","@id":"https:\/\/www.fnmotol.cz\/en\/oddeleni-pece-o-samoplatce-en\/zdravotni-pece-pro-cizince\/urgentni-akutni\/#breadcrumb","itemListElement":[{"@type":"ListItem","position":1,"name":"Dom\u016f","item":"https:\/\/www.fnmotol.cz\/en\/"},{"@type":"ListItem","position":2,"name":"Information for foreigners","item":"https:\/\/www.fnmotol.cz\/en\/oddeleni-pece-o-samoplatce-en\/"},{"@type":"ListItem","position":3,"name":"Health care for foreigners","item":"https:\/\/www.fnmotol.cz\/en\/oddeleni-pece-o-samoplatce-en\/zdravotni-pece-pro-cizince\/"},{"@type":"ListItem","position":4,"name":"Urgent\/acute"}]},{"@type":"WebSite","@id":"https:\/\/www.fnmotol.cz\/#website","url":"https:\/\/www.fnmotol.cz\/","name":"Fakultn\u00ed nemocnice Motol a Homolka","description":"Fakultn\u00ed nemocnice Motol a Homolka je nejv\u011bt\u0161\u00ed zdravotnick\u00e9 za\u0159\u00edzen\u00ed v \u010cesku a jedno z nejv\u011bt\u0161\u00edch v Evrop\u011b s kapacitou v\u00edce jak 2 000 l\u016f\u017eek!","potentialAction":[{"@type":"SearchAction","target":{"@type":"EntryPoint","urlTemplate":"https:\/\/www.fnmotol.cz\/?s={search_term_string}"},"query-input":"required name=search_term_string"}],"inLanguage":"en-US"}]}},"_links":{"self":[{"href":"https:\/\/www.fnmotol.cz\/en\/wp-json\/wp\/v2\/pages\/5246","targetHints":{"allow":["GET"]}}],"collection":[{"href":"https:\/\/www.fnmotol.cz\/en\/wp-json\/wp\/v2\/pages"}],"about":[{"href":"https:\/\/www.fnmotol.cz\/en\/wp-json\/wp\/v2\/types\/page"}],"author":[{"embeddable":true,"href":"https:\/\/www.fnmotol.cz\/en\/wp-json\/wp\/v2\/users\/4"}],"replies":[{"embeddable":true,"href":"https:\/\/www.fnmotol.cz\/en\/wp-json\/wp\/v2\/comments?post=5246"}],"version-history":[{"count":8,"href":"https:\/\/www.fnmotol.cz\/en\/wp-json\/wp\/v2\/pages\/5246\/revisions"}],"predecessor-version":[{"id":16810,"href":"https:\/\/www.fnmotol.cz\/en\/wp-json\/wp\/v2\/pages\/5246\/revisions\/16810"}],"up":[{"embeddable":true,"href":"https:\/\/www.fnmotol.cz\/en\/wp-json\/wp\/v2\/pages\/5244"}],"wp:attachment":[{"href":"https:\/\/www.fnmotol.cz\/en\/wp-json\/wp\/v2\/media?parent=5246"}],"curies":[{"name":"wp","href":"https:\/\/api.w.org\/{rel}","templated":true}]}}