{"id":5250,"date":"2024-06-16T17:22:32","date_gmt":"2024-06-16T15:22:32","guid":{"rendered":"https:\/\/www.fnmotol.cz\/oddeleni-pece-o-samoplatce-en\/zdravotni-pece-pro-cizince\/planovana\/"},"modified":"2025-07-07T10:56:00","modified_gmt":"2025-07-07T08:56:00","slug":"planovana","status":"publish","type":"page","link":"https:\/\/www.fnmotol.cz\/en\/oddeleni-pece-o-samoplatce-en\/zdravotni-pece-pro-cizince\/planovana\/","title":{"rendered":"Planned"},"content":{"rendered":"<!-- Text block H1 -->\n<div class=\"content\" data-aos=\"fade-up\">\n            <h1>Planned<\/h1>\n                    <div>\n            <p style=\"text-align: justify;\">Planned care is care for which the foreign patient has purposefully come to the Czech Republic or is living in the Czech Republic for a long time and is to undergo a planned treatment. The provision of care is typically arranged in advance with the healthcare facility. There are several options for reimbursement of the planned care:<\/p>\n<ul>\n<li style=\"text-align: justify;\">Planned care on the basis of a <strong>valid foreign claim document<\/strong> in the form of Form <strong>S2<\/strong> or <strong>E112<\/strong> issued by a foreign insurance company. Note the scope of covered care, ambulance transport, accompaniment of pediatric patients. Most elective care cannot be covered by the European Insurance Card. The form must be presented before the patient is admitted to the hospital (at the latest on the day of admission to the hospital).<\/li>\n<li style=\"text-align: justify;\">Planned care that is covered by the patient&#8217;s commercial instance company. In this case, a guarantee from the insurance company specifying the guaranteed care is required prior to treatment.<\/li>\n<li style=\"text-align: justify;\">Planned care when the foreign patient has not submitted any of the claim documents and wants to pay for the planned care as a self-payer. <strong>Payment for the care will be agreed upon with the patient prior to the service<\/strong>, as well as other details. The cost of care is billed directly to the patient and a deposit equal to the estimated cost is required before care is rendered. At the end of the hospitalization, the patient will receive a final bill and an additional payment\/refund will be settled.<\/li>\n<\/ul>\n        <\/div>\n    <\/div>\n<!-- \/Text block H1 -->\n\n<!-- subpage -->\n<div class=\"content\">\n                <h2 data-aos=\"fade-up\" data-aos-delay=\"50\">The type of care<\/h2>\n                    <div class=\"subpage-block\" data-aos=\"fade-up\" data-aos-delay=\"50\">\n            <a \r\n    href=\"https:\/\/www.fnmotol.cz\/en\/oddeleni-pece-o-samoplatce-en\/zdravotni-pece-pro-cizince\/urgentni-akutni\/\"\r\n    class=\"subpage-block__item c-1\"\r\n    target=\"_self\"\r\n    >Urgent\/acute<\/a>\r\n        <a \r\n    href=\"https:\/\/www.fnmotol.cz\/en\/oddeleni-pece-o-samoplatce-en\/zdravotni-pece-pro-cizince\/ambulantni\/\"\r\n    class=\"subpage-block__item c-1\"\r\n    target=\"_self\"\r\n    >Ambulatory<\/a>\r\n            <\/div>\n        <\/div>\n<!-- \/subpage -->","protected":false},"excerpt":{"rendered":"","protected":false},"author":4,"featured_media":0,"parent":5244,"menu_order":126,"comment_status":"closed","ping_status":"closed","template":"","meta":{"_acf_changed":false,"footnotes":""},"class_list":["post-5250","page","type-page","status-publish","hentry"],"acf":[],"yoast_head":"<!-- This site is optimized with the Yoast SEO plugin v22.7 - https:\/\/yoast.com\/wordpress\/plugins\/seo\/ -->\n<title>Planned - Fakultn\u00ed nemocnice Motol a Homolka<\/title>\n<meta name=\"robots\" content=\"index, follow, max-snippet:-1, max-image-preview:large, max-video-preview:-1\" \/>\n<link rel=\"canonical\" href=\"https:\/\/www.fnmotol.cz\/en\/oddeleni-pece-o-samoplatce-en\/zdravotni-pece-pro-cizince\/planovana\/\" \/>\n<meta property=\"og:locale\" content=\"en_US\" \/>\n<meta property=\"og:type\" content=\"article\" \/>\n<meta property=\"og:title\" content=\"Planned - Fakultn\u00ed nemocnice Motol a Homolka\" \/>\n<meta property=\"og:url\" content=\"https:\/\/www.fnmotol.cz\/en\/oddeleni-pece-o-samoplatce-en\/zdravotni-pece-pro-cizince\/planovana\/\" \/>\n<meta property=\"og:site_name\" content=\"Fakultn\u00ed nemocnice Motol a Homolka\" \/>\n<meta property=\"article:modified_time\" content=\"2025-07-07T08:56:00+00:00\" \/>\n<meta name=\"twitter:card\" content=\"summary_large_image\" \/>\n<script type=\"application\/ld+json\" class=\"yoast-schema-graph\">{\"@context\":\"https:\/\/schema.org\",\"@graph\":[{\"@type\":\"WebPage\",\"@id\":\"https:\/\/www.fnmotol.cz\/en\/oddeleni-pece-o-samoplatce-en\/zdravotni-pece-pro-cizince\/planovana\/\",\"url\":\"https:\/\/www.fnmotol.cz\/en\/oddeleni-pece-o-samoplatce-en\/zdravotni-pece-pro-cizince\/planovana\/\",\"name\":\"Planned - Fakultn\u00ed nemocnice Motol a Homolka\",\"isPartOf\":{\"@id\":\"https:\/\/www.fnmotol.cz\/#website\"},\"datePublished\":\"2024-06-16T15:22:32+00:00\",\"dateModified\":\"2025-07-07T08:56:00+00:00\",\"breadcrumb\":{\"@id\":\"https:\/\/www.fnmotol.cz\/en\/oddeleni-pece-o-samoplatce-en\/zdravotni-pece-pro-cizince\/planovana\/#breadcrumb\"},\"inLanguage\":\"en-US\",\"potentialAction\":[{\"@type\":\"ReadAction\",\"target\":[\"https:\/\/www.fnmotol.cz\/en\/oddeleni-pece-o-samoplatce-en\/zdravotni-pece-pro-cizince\/planovana\/\"]}]},{\"@type\":\"BreadcrumbList\",\"@id\":\"https:\/\/www.fnmotol.cz\/en\/oddeleni-pece-o-samoplatce-en\/zdravotni-pece-pro-cizince\/planovana\/#breadcrumb\",\"itemListElement\":[{\"@type\":\"ListItem\",\"position\":1,\"name\":\"Dom\u016f\",\"item\":\"https:\/\/www.fnmotol.cz\/en\/\"},{\"@type\":\"ListItem\",\"position\":2,\"name\":\"Information for foreigners\",\"item\":\"https:\/\/www.fnmotol.cz\/en\/oddeleni-pece-o-samoplatce-en\/\"},{\"@type\":\"ListItem\",\"position\":3,\"name\":\"Health care for foreigners\",\"item\":\"https:\/\/www.fnmotol.cz\/en\/oddeleni-pece-o-samoplatce-en\/zdravotni-pece-pro-cizince\/\"},{\"@type\":\"ListItem\",\"position\":4,\"name\":\"Planned\"}]},{\"@type\":\"WebSite\",\"@id\":\"https:\/\/www.fnmotol.cz\/#website\",\"url\":\"https:\/\/www.fnmotol.cz\/\",\"name\":\"Fakultn\u00ed nemocnice Motol a Homolka\",\"description\":\"Fakultn\u00ed nemocnice Motol a Homolka je nejv\u011bt\u0161\u00ed zdravotnick\u00e9 za\u0159\u00edzen\u00ed v \u010cesku a jedno z nejv\u011bt\u0161\u00edch v Evrop\u011b s kapacitou v\u00edce jak 2 000 l\u016f\u017eek!\",\"potentialAction\":[{\"@type\":\"SearchAction\",\"target\":{\"@type\":\"EntryPoint\",\"urlTemplate\":\"https:\/\/www.fnmotol.cz\/?s={search_term_string}\"},\"query-input\":\"required name=search_term_string\"}],\"inLanguage\":\"en-US\"}]}<\/script>\n<!-- \/ Yoast SEO plugin. -->","yoast_head_json":{"title":"Planned - Fakultn\u00ed nemocnice Motol a Homolka","robots":{"index":"index","follow":"follow","max-snippet":"max-snippet:-1","max-image-preview":"max-image-preview:large","max-video-preview":"max-video-preview:-1"},"canonical":"https:\/\/www.fnmotol.cz\/en\/oddeleni-pece-o-samoplatce-en\/zdravotni-pece-pro-cizince\/planovana\/","og_locale":"en_US","og_type":"article","og_title":"Planned - Fakultn\u00ed nemocnice Motol a Homolka","og_url":"https:\/\/www.fnmotol.cz\/en\/oddeleni-pece-o-samoplatce-en\/zdravotni-pece-pro-cizince\/planovana\/","og_site_name":"Fakultn\u00ed nemocnice Motol a Homolka","article_modified_time":"2025-07-07T08:56:00+00:00","twitter_card":"summary_large_image","schema":{"@context":"https:\/\/schema.org","@graph":[{"@type":"WebPage","@id":"https:\/\/www.fnmotol.cz\/en\/oddeleni-pece-o-samoplatce-en\/zdravotni-pece-pro-cizince\/planovana\/","url":"https:\/\/www.fnmotol.cz\/en\/oddeleni-pece-o-samoplatce-en\/zdravotni-pece-pro-cizince\/planovana\/","name":"Planned - Fakultn\u00ed nemocnice Motol a Homolka","isPartOf":{"@id":"https:\/\/www.fnmotol.cz\/#website"},"datePublished":"2024-06-16T15:22:32+00:00","dateModified":"2025-07-07T08:56:00+00:00","breadcrumb":{"@id":"https:\/\/www.fnmotol.cz\/en\/oddeleni-pece-o-samoplatce-en\/zdravotni-pece-pro-cizince\/planovana\/#breadcrumb"},"inLanguage":"en-US","potentialAction":[{"@type":"ReadAction","target":["https:\/\/www.fnmotol.cz\/en\/oddeleni-pece-o-samoplatce-en\/zdravotni-pece-pro-cizince\/planovana\/"]}]},{"@type":"BreadcrumbList","@id":"https:\/\/www.fnmotol.cz\/en\/oddeleni-pece-o-samoplatce-en\/zdravotni-pece-pro-cizince\/planovana\/#breadcrumb","itemListElement":[{"@type":"ListItem","position":1,"name":"Dom\u016f","item":"https:\/\/www.fnmotol.cz\/en\/"},{"@type":"ListItem","position":2,"name":"Information for foreigners","item":"https:\/\/www.fnmotol.cz\/en\/oddeleni-pece-o-samoplatce-en\/"},{"@type":"ListItem","position":3,"name":"Health care for foreigners","item":"https:\/\/www.fnmotol.cz\/en\/oddeleni-pece-o-samoplatce-en\/zdravotni-pece-pro-cizince\/"},{"@type":"ListItem","position":4,"name":"Planned"}]},{"@type":"WebSite","@id":"https:\/\/www.fnmotol.cz\/#website","url":"https:\/\/www.fnmotol.cz\/","name":"Fakultn\u00ed nemocnice Motol a Homolka","description":"Fakultn\u00ed nemocnice Motol a Homolka je nejv\u011bt\u0161\u00ed zdravotnick\u00e9 za\u0159\u00edzen\u00ed v \u010cesku a jedno z nejv\u011bt\u0161\u00edch v Evrop\u011b s kapacitou v\u00edce jak 2 000 l\u016f\u017eek!","potentialAction":[{"@type":"SearchAction","target":{"@type":"EntryPoint","urlTemplate":"https:\/\/www.fnmotol.cz\/?s={search_term_string}"},"query-input":"required name=search_term_string"}],"inLanguage":"en-US"}]}},"_links":{"self":[{"href":"https:\/\/www.fnmotol.cz\/en\/wp-json\/wp\/v2\/pages\/5250","targetHints":{"allow":["GET"]}}],"collection":[{"href":"https:\/\/www.fnmotol.cz\/en\/wp-json\/wp\/v2\/pages"}],"about":[{"href":"https:\/\/www.fnmotol.cz\/en\/wp-json\/wp\/v2\/types\/page"}],"author":[{"embeddable":true,"href":"https:\/\/www.fnmotol.cz\/en\/wp-json\/wp\/v2\/users\/4"}],"replies":[{"embeddable":true,"href":"https:\/\/www.fnmotol.cz\/en\/wp-json\/wp\/v2\/comments?post=5250"}],"version-history":[{"count":7,"href":"https:\/\/www.fnmotol.cz\/en\/wp-json\/wp\/v2\/pages\/5250\/revisions"}],"predecessor-version":[{"id":13239,"href":"https:\/\/www.fnmotol.cz\/en\/wp-json\/wp\/v2\/pages\/5250\/revisions\/13239"}],"up":[{"embeddable":true,"href":"https:\/\/www.fnmotol.cz\/en\/wp-json\/wp\/v2\/pages\/5244"}],"wp:attachment":[{"href":"https:\/\/www.fnmotol.cz\/en\/wp-json\/wp\/v2\/media?parent=5250"}],"curies":[{"name":"wp","href":"https:\/\/api.w.org\/{rel}","templated":true}]}}