{"id":5411,"date":"2024-05-16T12:07:10","date_gmt":"2024-05-16T10:07:10","guid":{"rendered":"https:\/\/www.fnmotol.cz\/kontakty\/"},"modified":"2025-03-03T22:18:03","modified_gmt":"2025-03-03T21:18:03","slug":"kontakty","status":"publish","type":"page","link":"https:\/\/www.fnmotol.cz\/en\/kontakty\/","title":{"rendered":"Contacts"},"content":{"rendered":"<!-- Text block H1 -->\n<div class=\"content\" data-aos=\"fade-up\">\n            <h1>Contacts<\/h1>\n            <\/div>\n<!-- \/Text block H1 -->\n\n<!-- Column text + image -->\n<div class=\"content columns\">\n                <!-- Text -->\n            <div class=\"column text\" data-aos=\"fade-right\" data-aos-delay=\"50\">\n                <h2>Contacts<\/h2>\n                <h2><strong>Fakultn\u00ed nemocnice v Motole<br \/>\n<\/strong>V \u00davalu 84\/1<br \/>\nPraha 5<br \/>\n150 00<\/h2>\n<h4><strong>I\u010c:\u00a0<\/strong>00064203<br \/>\n<strong>DI\u010c:\u00a0<\/strong>CZ00064203<\/h4>\n<p>Datov\u00e1 schr\u00e1nka:\u00a0<strong>nk8bxj3<\/strong><\/p>\n<p><strong>\u00dast\u0159edna:\u00a0(+420) 224 431 111<\/strong><\/p>\n<p><strong>Pohotovost D\u011aTI:<\/strong>\u00a0224 433 652,\u00a0224 433 653<br \/>\n<strong>Pohotovost DOSP\u011aL\u00cd:<\/strong>\u00a0224 438 590<\/p>\n<p><strong>Urgentn\u00ed p\u0159\u00edjem D\u011aTI:<\/strong>\u00a0224 433 650<br \/>\n<strong>Urgentn\u00ed p\u0159\u00edjem DOSP\u011aL\u00cd:<\/strong>\u00a0224 436 767<\/p>\n                            <\/div>\n            <!-- Image -->\n            <div class=\"column image d-flex\" data-aos=\"fade-left\" data-aos-delay=\"50\">\n                <a data-fancybox href=\"https:\/\/www.fnmotol.cz\/wp-content\/uploads\/2024\/06\/dji-0015-2048x1365.jpg\">\n                            <img decoding=\"async\" src=\"https:\/\/www.fnmotol.cz\/wp-content\/uploads\/2024\/06\/dji-0015-1024x683.jpg\" alt=\"\" class=\"pl\" \/>\r\n                    <\/a>\n            <\/div>\n                        <\/div>\n<!-- Column text + image -->\n\n<!-- Text block - blue background -->\n<div class=\"content \" data-aos=\"fade-up\" data-aos-delay=\"50\">\n            <h2>Map<\/h2>\n                <div>\n            <p><iframe loading=\"lazy\" style=\"border: 0;\" src=\"https:\/\/www.google.com\/maps\/embed?pb=!1m10!1m8!1m3!1d5121.453387886377!2d14.346195920159913!3d50.072679870141826!3m2!1i1024!2i768!4f13.1!5e0!3m2!1scs!2scz!4v1718289405192!5m2!1scs!2scz\" width=\"100%\" height=\"600\" allowfullscreen=\"allowfullscreen\"><\/iframe><\/p>\n        <\/div>\n    <\/div>\n<!-- \/Text block - blue background -->\n\n<!-- Text block - blue background -->\n<div class=\"content \" data-aos=\"fade-up\" data-aos-delay=\"50\">\n            <h2>Dal\u0161\u00ed kontakty<\/h2>\n                <div>\n            <h3>Veden\u00ed nemocnice<\/h3>\n<p>Sekretari\u00e1t \u0159editele FN Motol<br \/>\n<strong>e-mail:<\/strong>\u00a0<a href=\"mailto:reditelstvi@fnmotol.cz\">reditelstvi@fnmotol.cz<\/a><\/p>\n        <\/div>\n    <\/div>\n<!-- \/Text block - blue background -->\n\n<!-- Text block - blue background -->\n<div class=\"content blue\" data-aos=\"fade-up\" data-aos-delay=\"50\">\n                <div>\n            <h3>Podatelna<\/h3>\n<p><strong>Fakultn\u00ed nemocnice v Motole<\/strong><br \/>\nV \u00davalu 84\/1<br \/>\n150 00 Praha 5<\/p>\n<p>budova \u0159editelstv\u00ed &#8211; sn\u00ed\u017een\u00e9 p\u0159\u00edzem\u00ed<\/p>\n<p><strong>tel.:<\/strong>\u00a0224 431 111\u00a0(spojovatelka)<br \/>\n<strong>e-mail:<\/strong>\u00a0<a href=\"mailto:podatelna@fnmotol.cz\">podatelna@fnmotol.cz<\/a><br \/>\n<strong>ID datov\u00e9 schr\u00e1nky:<\/strong>\u00a0nk8bxj3<\/p>\n<p><strong>\u00da\u0159edn\u00ed hodiny:<\/strong><br \/>\nPo-P\u00e1 9:30-11:00, 12:30-14:00<\/p>\n        <\/div>\n    <\/div>\n<!-- \/Text block - blue background -->\n\n <!-- Documents -->\n <div class=\"content\">\n                    <ul class=\"documents\">\n                                <!-- Document -->\n                    <li data-aos=\"fade-up\" data-aos-delay=\"50\">\n                        <span class=\"name\">Informace o provozu podatelny<\/span>\n                        <div class=\"actions\">\n                            <a href=\"https:\/\/www.fnmotol.cz\/wp-content\/uploads\/2024\/10\/podatelna-fnm-info.pdf\" target=\"_blank\" class=\"show\">\n                                <svg width=\"20\" height=\"13\" viewBox=\"0 0 20 13\" fill=\"none\" xmlns=\"http:\/\/www.w3.org\/2000\/svg\">\n                                    <path d=\"M10.0046 10.1538C11.0287 10.1538 11.8976 9.79817 12.6114 9.08683C13.3253 8.37547 13.6822 7.51169 13.6822 6.49548C13.6822 5.47926 13.3237 4.61698 12.6069 3.90865C11.89 3.20032 11.0195 2.84615 9.99544 2.84615C8.97135 2.84615 8.10239 3.20182 7.38856 3.91317C6.67474 4.62452 6.31783 5.48831 6.31783 6.50453C6.31783 7.52074 6.67626 8.38302 7.39312 9.09135C8.10999 9.79968 8.98047 10.1538 10.0046 10.1538ZM10 9.2C9.24419 9.2 8.60174 8.9375 8.07267 8.4125C7.5436 7.8875 7.27907 7.25 7.27907 6.5C7.27907 5.75 7.5436 5.1125 8.07267 4.5875C8.60174 4.0625 9.24419 3.8 10 3.8C10.7558 3.8 11.3983 4.0625 11.9273 4.5875C12.4564 5.1125 12.7209 5.75 12.7209 6.5C12.7209 7.25 12.4564 7.8875 11.9273 8.4125C11.3983 8.9375 10.7558 9.2 10 9.2ZM10.0028 13C7.82005 13 5.83075 12.4106 4.03489 11.2317C2.23901 10.0529 0.894044 8.47565 0 6.5C0.894044 4.52435 2.23808 2.94711 4.03212 1.76828C5.82613 0.589426 7.81451 0 9.99723 0C12.18 0 14.1692 0.589426 15.9651 1.76828C17.761 2.94711 19.106 4.52435 20 6.5C19.106 8.47565 17.7619 10.0529 15.9679 11.2317C14.1739 12.4106 12.1855 13 10.0028 13ZM10 12C11.8979 12 13.6405 11.5042 15.2277 10.5125C16.8149 9.52083 18.0284 8.18333 18.8682 6.5C18.0284 4.81667 16.8149 3.47917 15.2277 2.4875C13.6405 1.49583 11.8979 1 10 1C8.10207 1 6.3595 1.49583 4.77229 2.4875C3.18508 3.47917 1.97157 4.81667 1.13178 6.5C1.97157 8.18333 3.18508 9.52083 4.77229 10.5125C6.3595 11.5042 8.10207 12 10 12Z\" fill=\"#002F4C\"\/>\n                                <\/svg> \n                                Zobrazit                            <\/a>\n                            <a href=\"https:\/\/www.fnmotol.cz\/wp-content\/uploads\/2024\/10\/podatelna-fnm-info.pdf\" target=\"_blank\" class=\"download\" download>\n                                <svg width=\"14\" height=\"14\" viewBox=\"0 0 14 14\" fill=\"none\" xmlns=\"http:\/\/www.w3.org\/2000\/svg\">\n                                    <path d=\"M7 10.5769L3.46152 7.03845L4.16923 6.31923L6.5 8.65V0H7.5V8.65L9.83078 6.31923L10.5385 7.03845L7 10.5769ZM1.61537 14C1.15512 14 0.770833 13.8458 0.4625 13.5375C0.154167 13.2292 0 12.8449 0 12.3846V9.96155H1V12.3846C1 12.5385 1.0641 12.6795 1.1923 12.8077C1.32052 12.9359 1.46154 13 1.61537 13H12.3846C12.5385 13 12.6795 12.9359 12.8077 12.8077C12.9359 12.6795 13 12.5385 13 12.3846V9.96155H14V12.3846C14 12.8449 13.8458 13.2292 13.5375 13.5375C13.2292 13.8458 12.8449 14 12.3846 14H1.61537Z\" fill=\"#002F4C\"\/>\n                                <\/svg>  \n                                    St\u00e1hnout                            <\/a>\n                        <\/div>\n                    <\/li>\n                            <\/ul>\n    <\/div>\n<!-- \/Documents -->\n\n<!-- Text block - blue background -->\n<div class=\"content blue\" data-aos=\"fade-up\" data-aos-delay=\"50\">\n                <div>\n            <h3>Odd\u011blen\u00ed p\u00e9\u010de o samopl\u00e1tce (pro cizince):<\/h3>\n<p><strong>tel.:<\/strong>\u00a0224 433 691,\u00a0224 433 681<br \/>\n<strong>e-mail:<\/strong>\u00a0<a href=\"mailto:ops@fnmotol.cz\">ops@fnmotol.cz<\/a><\/p>\n<p>Zde naleznete v\u00edce informac\u00ed o <a href=\"https:\/\/www.fnmotol.cz\/oddeleni-pece-o-samoplatce\/\"><strong>Odd\u011blen\u00ed p\u00e9\u010de o samopl\u00e1tce<\/strong><\/a>.<\/p>\n        <\/div>\n    <\/div>\n<!-- \/Text block - blue background -->\n\n<!-- Text block - blue background -->\n<div class=\"content blue\" data-aos=\"fade-up\" data-aos-delay=\"50\">\n                <div>\n            <h3>St\u00ed\u017enosti<\/h3>\n<p>St\u00ed\u017enosti a p\u0159ipom\u00ednky ob\u010dan\u016f vy\u0159izuje\u00a0<a href=\"https:\/\/www.fnmotol.cz\/ombudsman\/\" target=\"_blank\" rel=\"noopener\">Samostatn\u00e9 odd\u011blen\u00ed nemocni\u010dn\u00edho ombudsmana a st\u00ed\u017enost\u00ed<\/a>.<\/p>\n<p>St\u00ed\u017enost je mo\u017en\u00e9 podat p\u00edsemn\u011b na adresu nemocnice, nebo e-mailem na adresu <a href=\"mailto:ombudsman@fnmotol.cz\">ombudsman@fnmotol.cz<\/a><\/p>\n        <\/div>\n    <\/div>\n<!-- \/Text block - blue background -->\n\n<!-- Text block - blue background -->\n<div class=\"content blue\" data-aos=\"fade-up\" data-aos-delay=\"50\">\n                <div>\n            <h3>\u017d\u00e1dosti o zdravotnickou dokumentaci<\/h3>\n<p><strong>tel.:<\/strong> 224 431 026<br \/>\n<strong>e-mail:<\/strong>\u00a0<a href=\"mailto:nlpp@fnmotol.cz\">nlpp@fnmotol.cz<\/a><\/p>\n<p>Zde naleznete <strong><a href=\"https:\/\/www.fnmotol.cz\/pravo-na-informace\/zdravotnicka-dokumentace\/\">informace k pod\u00e1n\u00ed \u017e\u00e1dosti o zdravotnickou dokumentaci<\/a>.<\/strong><\/p>\n        <\/div>\n    <\/div>\n<!-- \/Text block - blue background -->\n\n<!-- Text block - blue background -->\n<div class=\"content blue\" data-aos=\"fade-up\" data-aos-delay=\"50\">\n                <div>\n            <h3>\u017d\u00e1dosti o informace dle z\u00e1kona \u010d. 106\/1999 Sb., o svobodn\u00e9m p\u0159\u00edstupu k informac\u00edm<\/h3>\n<p><strong>tel.:<\/strong> 224 431 087<br \/>\n<strong>e-mail:<\/strong>\u00a0<a href=\"mailto:pravni@fnmotol.cz\">pravni@fnmotol.cz<\/a><\/p>\n<p>Zde naleznete <a href=\"https:\/\/www.fnmotol.cz\/o-nas\/informace-106\/\"><strong>informace k pod\u00e1n\u00ed \u017e\u00e1dosti o informace dle z\u00e1kona \u010d. 106\/1999 Sb.<\/strong><\/a><\/p>\n        <\/div>\n    <\/div>\n<!-- \/Text block - blue background -->\n\n<!-- Button block -->\n    <div class=\"btn-wrapper flex justify-content-center marg-5\">\n            <a \r\n    href=\"https:\/\/www.fnmotol.cz\/en\/kontakty\/kontakty-na-zdravotnicka-pracoviste\/\"\r\n    class=\"btn btn--primary big\"\r\n    target=\"_self\"\r\n    >Contacts for health care centres<\/a>\r\n        <\/div>\n<!-- \/Button block -->","protected":false},"excerpt":{"rendered":"","protected":false},"author":2,"featured_media":0,"parent":0,"menu_order":165,"comment_status":"closed","ping_status":"closed","template":"templates\/text-page.php","meta":{"_acf_changed":false,"footnotes":""},"class_list":["post-5411","page","type-page","status-publish","hentry"],"acf":[],"yoast_head":"<!-- This site is optimized with the Yoast SEO plugin v22.7 - https:\/\/yoast.com\/wordpress\/plugins\/seo\/ -->\n<title>Contacts - Fakultn\u00ed nemocnice Motol a Homolka<\/title>\n<meta name=\"robots\" content=\"index, follow, max-snippet:-1, max-image-preview:large, max-video-preview:-1\" \/>\n<link rel=\"canonical\" href=\"https:\/\/www.fnmotol.cz\/en\/kontakty\/\" \/>\n<meta property=\"og:locale\" content=\"en_US\" \/>\n<meta property=\"og:type\" content=\"article\" \/>\n<meta property=\"og:title\" content=\"Contacts - Fakultn\u00ed nemocnice Motol a Homolka\" \/>\n<meta property=\"og:url\" content=\"https:\/\/www.fnmotol.cz\/en\/kontakty\/\" \/>\n<meta property=\"og:site_name\" content=\"Fakultn\u00ed nemocnice Motol a Homolka\" \/>\n<meta property=\"article:modified_time\" content=\"2025-03-03T21:18:03+00:00\" \/>\n<meta name=\"twitter:card\" content=\"summary_large_image\" \/>\n<script type=\"application\/ld+json\" class=\"yoast-schema-graph\">{\"@context\":\"https:\/\/schema.org\",\"@graph\":[{\"@type\":\"WebPage\",\"@id\":\"https:\/\/www.fnmotol.cz\/en\/kontakty\/\",\"url\":\"https:\/\/www.fnmotol.cz\/en\/kontakty\/\",\"name\":\"Contacts - Fakultn\u00ed nemocnice Motol a Homolka\",\"isPartOf\":{\"@id\":\"https:\/\/www.fnmotol.cz\/#website\"},\"datePublished\":\"2024-05-16T10:07:10+00:00\",\"dateModified\":\"2025-03-03T21:18:03+00:00\",\"breadcrumb\":{\"@id\":\"https:\/\/www.fnmotol.cz\/en\/kontakty\/#breadcrumb\"},\"inLanguage\":\"en-US\",\"potentialAction\":[{\"@type\":\"ReadAction\",\"target\":[\"https:\/\/www.fnmotol.cz\/en\/kontakty\/\"]}]},{\"@type\":\"BreadcrumbList\",\"@id\":\"https:\/\/www.fnmotol.cz\/en\/kontakty\/#breadcrumb\",\"itemListElement\":[{\"@type\":\"ListItem\",\"position\":1,\"name\":\"Dom\u016f\",\"item\":\"https:\/\/www.fnmotol.cz\/en\/\"},{\"@type\":\"ListItem\",\"position\":2,\"name\":\"Contacts\"}]},{\"@type\":\"WebSite\",\"@id\":\"https:\/\/www.fnmotol.cz\/#website\",\"url\":\"https:\/\/www.fnmotol.cz\/\",\"name\":\"Fakultn\u00ed nemocnice Motol a Homolka\",\"description\":\"Fakultn\u00ed nemocnice Motol a Homolka je nejv\u011bt\u0161\u00ed zdravotnick\u00e9 za\u0159\u00edzen\u00ed v \u010cesku a jedno z nejv\u011bt\u0161\u00edch v Evrop\u011b s kapacitou v\u00edce jak 2 000 l\u016f\u017eek!\",\"potentialAction\":[{\"@type\":\"SearchAction\",\"target\":{\"@type\":\"EntryPoint\",\"urlTemplate\":\"https:\/\/www.fnmotol.cz\/?s={search_term_string}\"},\"query-input\":\"required name=search_term_string\"}],\"inLanguage\":\"en-US\"}]}<\/script>\n<!-- \/ Yoast SEO plugin. -->","yoast_head_json":{"title":"Contacts - Fakultn\u00ed nemocnice Motol a Homolka","robots":{"index":"index","follow":"follow","max-snippet":"max-snippet:-1","max-image-preview":"max-image-preview:large","max-video-preview":"max-video-preview:-1"},"canonical":"https:\/\/www.fnmotol.cz\/en\/kontakty\/","og_locale":"en_US","og_type":"article","og_title":"Contacts - Fakultn\u00ed nemocnice Motol a Homolka","og_url":"https:\/\/www.fnmotol.cz\/en\/kontakty\/","og_site_name":"Fakultn\u00ed nemocnice Motol a Homolka","article_modified_time":"2025-03-03T21:18:03+00:00","twitter_card":"summary_large_image","schema":{"@context":"https:\/\/schema.org","@graph":[{"@type":"WebPage","@id":"https:\/\/www.fnmotol.cz\/en\/kontakty\/","url":"https:\/\/www.fnmotol.cz\/en\/kontakty\/","name":"Contacts - Fakultn\u00ed nemocnice Motol a Homolka","isPartOf":{"@id":"https:\/\/www.fnmotol.cz\/#website"},"datePublished":"2024-05-16T10:07:10+00:00","dateModified":"2025-03-03T21:18:03+00:00","breadcrumb":{"@id":"https:\/\/www.fnmotol.cz\/en\/kontakty\/#breadcrumb"},"inLanguage":"en-US","potentialAction":[{"@type":"ReadAction","target":["https:\/\/www.fnmotol.cz\/en\/kontakty\/"]}]},{"@type":"BreadcrumbList","@id":"https:\/\/www.fnmotol.cz\/en\/kontakty\/#breadcrumb","itemListElement":[{"@type":"ListItem","position":1,"name":"Dom\u016f","item":"https:\/\/www.fnmotol.cz\/en\/"},{"@type":"ListItem","position":2,"name":"Contacts"}]},{"@type":"WebSite","@id":"https:\/\/www.fnmotol.cz\/#website","url":"https:\/\/www.fnmotol.cz\/","name":"Fakultn\u00ed nemocnice Motol a Homolka","description":"Fakultn\u00ed nemocnice Motol a Homolka je nejv\u011bt\u0161\u00ed zdravotnick\u00e9 za\u0159\u00edzen\u00ed v \u010cesku a jedno z nejv\u011bt\u0161\u00edch v Evrop\u011b s kapacitou v\u00edce jak 2 000 l\u016f\u017eek!","potentialAction":[{"@type":"SearchAction","target":{"@type":"EntryPoint","urlTemplate":"https:\/\/www.fnmotol.cz\/?s={search_term_string}"},"query-input":"required name=search_term_string"}],"inLanguage":"en-US"}]}},"_links":{"self":[{"href":"https:\/\/www.fnmotol.cz\/en\/wp-json\/wp\/v2\/pages\/5411","targetHints":{"allow":["GET"]}}],"collection":[{"href":"https:\/\/www.fnmotol.cz\/en\/wp-json\/wp\/v2\/pages"}],"about":[{"href":"https:\/\/www.fnmotol.cz\/en\/wp-json\/wp\/v2\/types\/page"}],"author":[{"embeddable":true,"href":"https:\/\/www.fnmotol.cz\/en\/wp-json\/wp\/v2\/users\/2"}],"replies":[{"embeddable":true,"href":"https:\/\/www.fnmotol.cz\/en\/wp-json\/wp\/v2\/comments?post=5411"}],"version-history":[{"count":11,"href":"https:\/\/www.fnmotol.cz\/en\/wp-json\/wp\/v2\/pages\/5411\/revisions"}],"predecessor-version":[{"id":9943,"href":"https:\/\/www.fnmotol.cz\/en\/wp-json\/wp\/v2\/pages\/5411\/revisions\/9943"}],"wp:attachment":[{"href":"https:\/\/www.fnmotol.cz\/en\/wp-json\/wp\/v2\/media?parent=5411"}],"curies":[{"name":"wp","href":"https:\/\/api.w.org\/{rel}","templated":true}]}}