{"id":6083,"date":"2024-07-14T19:52:28","date_gmt":"2024-07-14T17:52:28","guid":{"rendered":"https:\/\/www.fnmotol.cz\/easy-to-read\/"},"modified":"2024-10-18T17:45:29","modified_gmt":"2024-10-18T15:45:29","slug":"easy-to-read","status":"publish","type":"page","link":"https:\/\/www.fnmotol.cz\/en\/easy-to-read\/","title":{"rendered":"Easy to read"},"content":{"rendered":"<!-- Text block H1 -->\n<div class=\"content\" data-aos=\"fade-up\">\n            <h1>Easy to read<\/h1>\n                    <div>\n            <h2>Srozumiteln\u00e9 informace<\/h2>\n<h3>Kdo jsme?<\/h3>\n<p>Fakultn\u00ed nemocnice v\u00a0Motole<\/p>\n<p>Kontakty:<\/p>\n<p>224\u00a0431\u00a0111 \u2013 centr\u00e1la<br \/>\n224\u00a0433\u00a0652 nebo 224\u00a0433\u00a0653 \u2013 pohotovost d\u011bti<br \/>\n224\u00a0438\u00a0590 \u2013 pohotovost dosp\u011bl\u00ed<\/p>\n<p>Adresa:<\/p>\n<p>V\u00a0\u00favalu 84, Praha 5<\/p>\n<p>Kudy k n\u00e1m<\/p>\n<p>od metra trasy A \u2013 stanice Nemocnice Motol<br \/>\nod metra trasy A \u2013 stanice Dejvick\u00e1 autobusem \u010d\u00edslo 180<br \/>\nod metra trasy A \u2013 stanice Hrad\u010dansk\u00e1 autobusem \u010d\u00edslo 184<br \/>\nod metra trasy B \u2013 stanice And\u011bl autobusem \u010d\u00edslo 167<br \/>\nod metra trasy B \u2013 stanice Nov\u00e9 Butovice autobusy \u010d\u00edslo 179 nebo 168<br \/>\nod Hlavn\u00edho n\u00e1dra\u017e\u00ed tramvaj\u00ed \u010d\u00edslo 9 sm\u011br And\u011bl a na And\u011blu p\u0159estoupit na autobus \u010d. 167<br \/>\nno\u010dn\u00edm autobusem \u010d\u00edslo 502<\/p>\n<p>Ka\u017ed\u00e1 budova m\u00e1 bezbari\u00e9rov\u00fd vchod. V\u00a0ka\u017ed\u00e9 budov\u011b je v\u00fdtah.<\/p>\n<p>U nemocnice je celkem 45 parkovac\u00edch m\u00edst jen pro osoby se ZTP. Tyto osoby maj\u00ed parkov\u00e1n\u00ed zdarma.<\/p>\n<p>Komunika\u010dn\u00ed tablety pro nesly\u0161\u00edc\u00ed osoby se p\u016fj\u010duj\u00ed na urgentn\u00edm p\u0159\u00edjmu dosp\u011bl\u00fdch nebo urgentn\u00edm p\u0159\u00edjmu d\u011bt\u00ed.<\/p>\n<h3>Co d\u011bl\u00e1me?<\/h3>\n<p>Co je nemocnice?<\/p>\n<p>Nemocnice je velk\u00fd d\u016fm, ve kter\u00e9m je hodn\u011b pokoj\u016f a postel\u00ed. V\u00a0nemocnici le\u017e\u00ed nemocn\u00ed lid\u00e9, kter\u00fdm se \u0159\u00edk\u00e1 pacienti. V\u00a0nemocnici jsou tak\u00e9 dokto\u0159i a doktorky a o\u0161et\u0159ovatel\u00e9. Ti v\u0161ichni se o nemocn\u00e9 staraj\u00ed, aby se uzdravili.<\/p>\n<p>Co je fakultn\u00ed nemocnice?<\/p>\n<p>Je to nemocnice, kde se l\u00e9\u010d\u00ed nemocn\u00ed. Je propojen\u00e1 s\u00a0vysokou \u0161kolou. Na vysok\u00e9 \u0161kole studuj\u00ed studenti, aby z\u00a0nich mohli b\u00fdt l\u00e9ka\u0159i a l\u00e9ka\u0159ky. Anebo zdravotn\u00ed sestry. U\u010d\u00ed se zde v\u0161e o lidsk\u00e9m t\u011ble a nemocech. Ale to nesta\u010d\u00ed. Studenti mus\u00ed tak\u00e9 pracovat p\u0159\u00edmo v\u00a0nemocnici, kde pom\u00e1haj\u00ed l\u00e9ka\u0159\u016fm a zdravotn\u00edm sestr\u00e1m. Nap\u0159\u00edklad vy\u0161et\u0159ovat nemocn\u00e9, u\u010dit se o nemocech, p\u0159edepisovat l\u00e9ky, starat se o pacienty.<\/p>\n<p>Kde najdu v\u00a0nemocnici sv\u00e9ho l\u00e9ka\u0159e?<\/p>\n<p>Nemocnice m\u00e1 dv\u011b hlavn\u00ed budovy: dosp\u011blou (modr\u00e1 barva) a d\u011btskou (b\u00edl\u00e1 barva). V\u00a0p\u0159\u00edzem\u00ed ka\u017ed\u00e9 budovy jsou Informace, a tam mi porad\u00ed, jak se dostanu ke sv\u00e9mu l\u00e9ka\u0159i, nebo na vy\u0161et\u0159en\u00ed.<\/p>\n<p>Je v\u00a0nemocnici l\u00e9k\u00e1rna?<\/p>\n<p>L\u00e9k\u00e1rna je m\u00edsto, kde dostanu za recept od l\u00e9ka\u0159e l\u00e9ky, nebo si m\u016f\u017eu koupit vitam\u00edny, kr\u00e9my, bylinkov\u00e9 \u010daje a podobn\u011b, je v\u00a0budov\u011b, kde se l\u00e9\u010d\u00ed dosp\u011bl\u00ed pacienti (modr\u00e1 barva).<\/p>\n<h2>Informace pro nemocn\u00e9<\/h2>\n<p>Pro\u010d chod\u00ed lidi do nemocnice?<\/p>\n<p>Lid\u00e9 mohou b\u00fdt nemocn\u00ed, nebo zran\u011bn\u00ed. Proto pot\u0159ebuj\u00ed pomoc od l\u00e9ka\u0159\u016f. Do nemocnice lid\u00e9 p\u0159ich\u00e1z\u00ed tak\u00e9 proto, \u017ee pot\u0159ebuj\u00ed vy\u0161et\u0159it speci\u00e1ln\u00edm p\u0159\u00edstrojem, anebo pot\u0159ebuj\u00ed d\u016fle\u017eit\u00e9 o\u0161et\u0159en\u00ed, kter\u00e9 je mo\u017en\u00e9 ud\u011blat jen v\u00a0nemocnici. Stejn\u011b jako kdy\u017e nemocn\u00fd pot\u0159ebuje operaci.<\/p>\n<p>N\u011bkdy se m\u016f\u017ee st\u00e1t, \u017ee pacient pot\u0159ebuje velmi rychle do nemocnice \u2013 nap\u0159\u00edklad kdy\u017e se mu stane n\u011bjak\u00fd \u00faraz, o\u0161kliv\u011b se zran\u00ed, anebo mu nezab\u00edraj\u00ed l\u00e9ky. V\u00a0tomto p\u0159\u00edpad\u011b ho m\u016f\u017ee do nemocnice odv\u00e9zt sanitka.<\/p>\n<p>Co se d\u011bje v nemocnici?<\/p>\n<p>Nemocn\u00ed lid\u00e9 p\u0159ich\u00e1z\u00ed do nemocnice z\u00a0r\u016fzn\u00fdch d\u016fvod\u016f. N\u011bkte\u0159\u00ed maj\u00ed n\u011bjakou nemoc, n\u011bkte\u0159\u00ed jsou zran\u011bn\u00ed. N\u011bkdo pot\u0159ebuje jen mal\u00e9 a kr\u00e1tk\u00e9 o\u0161et\u0159en\u00ed, kter\u00e9 se stihne b\u011bhem jednoho dne. Tomu se \u0159\u00edk\u00e1 ambulantn\u00ed o\u0161et\u0159en\u00ed.<\/p>\n<p>N\u011bkdo ale mus\u00ed v\u00a0nemocnici z\u016fstat na l\u016f\u017eku p\u0159es noc, nebo i v\u00edce dn\u00ed. Tomu se \u0159\u00edk\u00e1 hospitalizace. Nemocn\u00fd je ulo\u017een\u00fd na l\u016f\u017eko na n\u011bjak\u00e9 odd\u011blen\u00ed. Odd\u011blen\u00ed je toti\u017e v\u00a0nemocnici hodn\u011b a maj\u00ed sv\u00e9 n\u00e1zvy. Nap\u0159\u00edklad: o\u010dn\u00ed, d\u011btsk\u00e9, srde\u010dn\u00ed, pro star\u00e9 lidi apod.<\/p>\n<p>Co se d\u011bje na pokoj\u00edch v nemocnici?<\/p>\n<p>Ka\u017ed\u00fd nemocn\u00fd m\u00e1 svoji postel a na pokoji je v\u00edce postel\u00ed a sp\u00ed tady v\u00edce nemocn\u00fdch. Nemocn\u00ed dost\u00e1vaj\u00ed j\u00eddlo a pit\u00ed.<\/p>\n<p>S\u00a0nemocn\u00fdmi mluv\u00ed ka\u017ed\u00fd den l\u00e9ka\u0159 nebo l\u00e9ka\u0159ka a staraj\u00ed se o n\u011b o\u0161et\u0159ovatel\u00e9 a o\u0161et\u0159ovatelky. P\u00edchaj\u00ed jim t\u0159eba injekce, m\u011bn\u00ed obvazy, pom\u00e1haj\u00ed nemocn\u00fdm na toaletu.<\/p>\n<p>Na pokoji je televize.<\/p>\n<p>Co si mus\u00ed nemocn\u00fd p\u0159in\u00e9st, kdy\u017e bude z\u016fst\u00e1vat na odd\u011blen\u00ed?<\/p>\n<ul>\n<li>Doporu\u010den\u00ed od sv\u00e9ho l\u00e9ka\u0159e<\/li>\n<li>Karti\u010dku zdravotn\u00edho poji\u0161t\u011bn\u00ed<\/li>\n<li>Svoje l\u00e9ky<\/li>\n<li>Py\u017eamo<\/li>\n<li>Zubn\u00ed kart\u00e1\u010dek<\/li>\n<li>Ru\u010dn\u00edk, m\u00fddlo<\/li>\n<li>Pantofle<\/li>\n<li>\u017dupan<\/li>\n<\/ul>\n<p>Sk\u0159\u00edn\u011b na v\u011bci nejsou velk\u00e9, nenoste do nemocnice zbyte\u010dn\u011b mnoho v\u011bc\u00ed.<\/p>\n<p>Co je\u0161t\u011b mus\u00edte v\u011bd\u011bt?<\/p>\n<p>D\u00e1vejte dobr\u00fd pozor na sv\u00e9 osobn\u00ed v\u011bci. M\u016f\u017eete n\u011bco ztratit, anebo V\u00e1m m\u016f\u017ee n\u011bkdo n\u011bco drah\u00e9ho ukr\u00e1st, nap\u0159\u00edklad: hodinky, pen\u011b\u017eenku. Proto nechte rad\u011bji drah\u00e9 v\u011bci doma.<\/p>\n<p>Co je zak\u00e1zan\u00e9 m\u00edt u sebe na nemocni\u010dn\u00edm pokoji?<\/p>\n<p>Zbran\u011b, no\u017ee, zv\u00ed\u0159ata, alkohol<\/p>\n<h2>Informace o klinik\u00e1ch a odd\u011blen\u00edch<\/h2>\n<p>Ka\u017ed\u00fd pacient je jin\u00fd. Pacienti maj\u00ed r\u016fzn\u00e9 nemoci. A ka\u017ed\u00e1 \u010d\u00e1st t\u011bla m\u016f\u017ee onemocn\u011bt. Proto jsou l\u00e9ka\u0159i odborn\u00edci, aby toho co nejv\u00edce v\u011bd\u011bli a mohli se podrobn\u011b v\u011bnovat nemocn\u00e9 \u010d\u00e1sti t\u011bla.<\/p>\n<p>Nap\u0159\u00edklad:<\/p>\n<ul>\n<li>U\u0161n\u00ed l\u00e9ka\u0159 v\u00ed v\u0161echno o nemocech ucha.<\/li>\n<li>U\u0161n\u00ed l\u00e9ka\u0159 pracuje na Klinice u\u0161n\u00ed, kr\u010dn\u00ed, nosn\u00ed.<\/li>\n<\/ul>\n<p>O\u010dn\u00ed l\u00e9ka\u0159 v\u00ed v\u0161echno o nemocech oka. O\u010dn\u00ed l\u00e9ka\u0159 pracuje na O\u010dn\u00ed klinice.<\/p>\n<p>Fakultn\u00ed nemocnice v\u00a0Motole m\u00e1 mnoho r\u016fzn\u00fdch klinik a odd\u011blen\u00ed. M\u016f\u017ee tak pomoci skoro v\u0161em nemocn\u00fdm.<\/p>\n<p>Zde najdete v\u0161echny kliniky a odd\u011blen\u00ed: <a href=\"https:\/\/www.fnmotol.cz\/kliniky-a-ambulance\/\">https:\/\/www.fnmotol.cz\/kliniky-a-ambulance\/<\/a><\/p>\n<h2>Kontakt<\/h2>\n<p>Pot\u0159ebujete rychlou pomoc? Jste v\u00a0nouzov\u00e9m stavu (n\u011bjak\u00fd \u010dlov\u011bk je zran\u011bn\u00fd, m\u00e1 velk\u00e9 bolesti, siln\u011b krv\u00e1c\u00ed, nem\u016f\u017ee mluvit)?<\/p>\n<p>Volejte toto \u010d\u00edslo: 155 (\u010d\u00edslo na z\u00e1chrannou slu\u017ebu)<\/p>\n<p>Z\u00e1chrann\u00e1 slu\u017eba bude od V\u00e1s cht\u00edt v\u011bd\u011bt:<\/p>\n<ul>\n<li>Jm\u00e9no<\/li>\n<li>Kolik lid\u00ed je zran\u011bn\u00fdch nebo nemocn\u00fdch (jeden nebo v\u00edc)<\/li>\n<li>Jak\u00e1 je adresa<\/li>\n<li>Va\u0161e telefonn\u00ed \u010d\u00edslo<\/li>\n<\/ul>\n<p>M\u00e1te je\u0161t\u011b ot\u00e1zky?<\/p>\n<p>M\u00e1te dal\u0161\u00ed ot\u00e1zky k na\u0161\u00ed nemocnici? Chcete se zeptat na term\u00edn o\u0161et\u0159en\u00ed? Pak n\u00e1m zavolejte na tel: 224 431 111. R\u00e1di V\u00e1m pom\u016f\u017eeme!<\/p>\n<h2>Jak se k n\u00e1m dostanete<\/h2>\n<p>METRO \u2013 Nemocnice Motol (kone\u010dn\u00e1 stanice trasa A)<\/p>\n<p>BUS \u2013 Nemocnice Motol: linka 180 (ze stanice metra Dejvick\u00e1 \u2013 trasa A), 184 (ze stanice metra Hrad\u010dansk\u00e1 \u2013 trasa A), 167 (ze stanice metra And\u011bl \u2013 trasa B), 179 a 168 (ze stanice metra Nov\u00e9 Butovice \u2013 trasa B),<\/p>\n<p>AUTO \u2013 Nemocnice m\u00e1 celkem 3 vjezdy \u2013 z\u00a0ul. Kukulova, Roentgoenova, V\u00a0\u00davalu. V\u00a0are\u00e1lu nemocnice je v\u00edce parkovi\u0161\u0165, kde je mo\u017en\u00e9 auto zaparkovat. Za parkov\u00e1n\u00ed se plat\u00ed poplatky. Neplat\u00ed jen ti, kte\u0159\u00ed maj\u00ed pr\u016fkazku ZTP a auto s\u00a0karti\u010dkou ZTP .<\/p>\n<p>MAPA:<\/p>\n<p><iframe loading=\"lazy\" style=\"border: 0;\" src=\"https:\/\/www.google.com\/maps\/embed?pb=!1m18!1m12!1m3!1d10242.736714769811!2d14.331885668406702!3d50.07347602233685!2m3!1f0!2f0!3f0!3m2!1i1024!2i768!4f13.1!3m3!1m2!1s0x470b958368daa153%3A0x268b663fcb8457cd!2sFakultn%C3%AD%20nemocnice%20v%20Motole!5e0!3m2!1scs!2scz!4v1671437433233!5m2!1scs!2scz\" width=\"800\" height=\"450\" allowfullscreen=\"allowfullscreen\" data-mce-fragment=\"1\"><\/iframe><br \/>\nOdkaz na mapu: <a href=\"https:\/\/goo.gl\/maps\/X2PaCdCNyHxyq1kq5\" target=\"_blank\" rel=\"noopener\">https:\/\/goo.gl\/maps\/X2PaCdCNyHxyq1kq5<\/a><\/p>\n        <\/div>\n    <\/div>\n<!-- \/Text block H1 -->","protected":false},"excerpt":{"rendered":"","protected":false},"author":4,"featured_media":0,"parent":0,"menu_order":86,"comment_status":"closed","ping_status":"closed","template":"","meta":{"_acf_changed":false,"footnotes":""},"class_list":["post-6083","page","type-page","status-publish","hentry"],"acf":[],"yoast_head":"<!-- This site is optimized with the Yoast SEO plugin v22.7 - https:\/\/yoast.com\/wordpress\/plugins\/seo\/ -->\n<title>Easy to read - Fakultn\u00ed nemocnice Motol a Homolka<\/title>\n<meta name=\"robots\" content=\"index, follow, max-snippet:-1, max-image-preview:large, max-video-preview:-1\" \/>\n<link rel=\"canonical\" href=\"https:\/\/www.fnmotol.cz\/easy-to-read\/\" \/>\n<meta property=\"og:locale\" content=\"en_US\" \/>\n<meta property=\"og:type\" content=\"article\" \/>\n<meta property=\"og:title\" content=\"Easy to read - Fakultn\u00ed nemocnice Motol a Homolka\" \/>\n<meta property=\"og:url\" content=\"https:\/\/www.fnmotol.cz\/easy-to-read\/\" \/>\n<meta property=\"og:site_name\" content=\"Fakultn\u00ed nemocnice Motol a Homolka\" \/>\n<meta property=\"article:modified_time\" content=\"2024-10-18T15:45:29+00:00\" \/>\n<meta name=\"twitter:card\" content=\"summary_large_image\" \/>\n<script type=\"application\/ld+json\" class=\"yoast-schema-graph\">{\"@context\":\"https:\/\/schema.org\",\"@graph\":[{\"@type\":\"WebPage\",\"@id\":\"https:\/\/www.fnmotol.cz\/easy-to-read\/\",\"url\":\"https:\/\/www.fnmotol.cz\/easy-to-read\/\",\"name\":\"Easy to read - Fakultn\u00ed nemocnice Motol a Homolka\",\"isPartOf\":{\"@id\":\"https:\/\/www.fnmotol.cz\/#website\"},\"datePublished\":\"2024-07-14T17:52:28+00:00\",\"dateModified\":\"2024-10-18T15:45:29+00:00\",\"breadcrumb\":{\"@id\":\"https:\/\/www.fnmotol.cz\/easy-to-read\/#breadcrumb\"},\"inLanguage\":\"en-US\",\"potentialAction\":[{\"@type\":\"ReadAction\",\"target\":[\"https:\/\/www.fnmotol.cz\/easy-to-read\/\"]}]},{\"@type\":\"BreadcrumbList\",\"@id\":\"https:\/\/www.fnmotol.cz\/easy-to-read\/#breadcrumb\",\"itemListElement\":[{\"@type\":\"ListItem\",\"position\":1,\"name\":\"Dom\u016f\",\"item\":\"https:\/\/www.fnmotol.cz\/en\/\"},{\"@type\":\"ListItem\",\"position\":2,\"name\":\"Easy to read\"}]},{\"@type\":\"WebSite\",\"@id\":\"https:\/\/www.fnmotol.cz\/#website\",\"url\":\"https:\/\/www.fnmotol.cz\/\",\"name\":\"Fakultn\u00ed nemocnice Motol a Homolka\",\"description\":\"Fakultn\u00ed nemocnice Motol a Homolka je nejv\u011bt\u0161\u00ed zdravotnick\u00e9 za\u0159\u00edzen\u00ed v \u010cesku a jedno z nejv\u011bt\u0161\u00edch v Evrop\u011b s kapacitou v\u00edce jak 2 000 l\u016f\u017eek!\",\"potentialAction\":[{\"@type\":\"SearchAction\",\"target\":{\"@type\":\"EntryPoint\",\"urlTemplate\":\"https:\/\/www.fnmotol.cz\/?s={search_term_string}\"},\"query-input\":\"required name=search_term_string\"}],\"inLanguage\":\"en-US\"}]}<\/script>\n<!-- \/ Yoast SEO plugin. -->","yoast_head_json":{"title":"Easy to read - Fakultn\u00ed nemocnice Motol a Homolka","robots":{"index":"index","follow":"follow","max-snippet":"max-snippet:-1","max-image-preview":"max-image-preview:large","max-video-preview":"max-video-preview:-1"},"canonical":"https:\/\/www.fnmotol.cz\/easy-to-read\/","og_locale":"en_US","og_type":"article","og_title":"Easy to read - Fakultn\u00ed nemocnice Motol a Homolka","og_url":"https:\/\/www.fnmotol.cz\/easy-to-read\/","og_site_name":"Fakultn\u00ed nemocnice Motol a Homolka","article_modified_time":"2024-10-18T15:45:29+00:00","twitter_card":"summary_large_image","schema":{"@context":"https:\/\/schema.org","@graph":[{"@type":"WebPage","@id":"https:\/\/www.fnmotol.cz\/easy-to-read\/","url":"https:\/\/www.fnmotol.cz\/easy-to-read\/","name":"Easy to read - Fakultn\u00ed nemocnice Motol a Homolka","isPartOf":{"@id":"https:\/\/www.fnmotol.cz\/#website"},"datePublished":"2024-07-14T17:52:28+00:00","dateModified":"2024-10-18T15:45:29+00:00","breadcrumb":{"@id":"https:\/\/www.fnmotol.cz\/easy-to-read\/#breadcrumb"},"inLanguage":"en-US","potentialAction":[{"@type":"ReadAction","target":["https:\/\/www.fnmotol.cz\/easy-to-read\/"]}]},{"@type":"BreadcrumbList","@id":"https:\/\/www.fnmotol.cz\/easy-to-read\/#breadcrumb","itemListElement":[{"@type":"ListItem","position":1,"name":"Dom\u016f","item":"https:\/\/www.fnmotol.cz\/en\/"},{"@type":"ListItem","position":2,"name":"Easy to read"}]},{"@type":"WebSite","@id":"https:\/\/www.fnmotol.cz\/#website","url":"https:\/\/www.fnmotol.cz\/","name":"Fakultn\u00ed nemocnice Motol a Homolka","description":"Fakultn\u00ed nemocnice Motol a Homolka je nejv\u011bt\u0161\u00ed zdravotnick\u00e9 za\u0159\u00edzen\u00ed v \u010cesku a jedno z nejv\u011bt\u0161\u00edch v Evrop\u011b s kapacitou v\u00edce jak 2 000 l\u016f\u017eek!","potentialAction":[{"@type":"SearchAction","target":{"@type":"EntryPoint","urlTemplate":"https:\/\/www.fnmotol.cz\/?s={search_term_string}"},"query-input":"required name=search_term_string"}],"inLanguage":"en-US"}]}},"_links":{"self":[{"href":"https:\/\/www.fnmotol.cz\/en\/wp-json\/wp\/v2\/pages\/6083","targetHints":{"allow":["GET"]}}],"collection":[{"href":"https:\/\/www.fnmotol.cz\/en\/wp-json\/wp\/v2\/pages"}],"about":[{"href":"https:\/\/www.fnmotol.cz\/en\/wp-json\/wp\/v2\/types\/page"}],"author":[{"embeddable":true,"href":"https:\/\/www.fnmotol.cz\/en\/wp-json\/wp\/v2\/users\/4"}],"replies":[{"embeddable":true,"href":"https:\/\/www.fnmotol.cz\/en\/wp-json\/wp\/v2\/comments?post=6083"}],"version-history":[{"count":1,"href":"https:\/\/www.fnmotol.cz\/en\/wp-json\/wp\/v2\/pages\/6083\/revisions"}],"predecessor-version":[{"id":6084,"href":"https:\/\/www.fnmotol.cz\/en\/wp-json\/wp\/v2\/pages\/6083\/revisions\/6084"}],"wp:attachment":[{"href":"https:\/\/www.fnmotol.cz\/en\/wp-json\/wp\/v2\/media?parent=6083"}],"curies":[{"name":"wp","href":"https:\/\/api.w.org\/{rel}","templated":true}]}}