{"id":7724,"date":"2024-05-20T22:17:16","date_gmt":"2024-05-20T20:17:16","guid":{"rendered":"https:\/\/www.fnmotol.cz\/o-nas\/management\/"},"modified":"2025-12-04T09:26:51","modified_gmt":"2025-12-04T08:26:51","slug":"management","status":"publish","type":"page","link":"https:\/\/www.fnmotol.cz\/en\/o-nas\/management\/","title":{"rendered":"Management"},"content":{"rendered":"<!-- Text block H1 -->\n<div class=\"content\" data-aos=\"fade-up\">\n            <h1>Management<\/h1>\n            <\/div>\n<!-- \/Text block H1 -->\n\n<!-- Team -->\r\n<div class=\"content blue\">\r\n            <div class=\"person-clinic-block\">\r\n        <div class=\"row\">\r\n            <div class=\"col-12 col-sm-5 col-md-4 col-lg-3 d-flex align-items-center\" data-aos=\"fade-right\" data-aos-delay=\"100\">\r\n                <div class=\"person-clinic-block__img\">\r\n                                                    <img decoding=\"async\" src=\"https:\/\/www.fnmotol.cz\/wp-content\/uploads\/2025\/03\/DSC09094-683x1024.jpeg\" alt=\"MUDr. Petr Polou\u010dek, MBA\" class=\"\" \/>\r\n                                        <\/div>\r\n            <\/div>\r\n            <div class=\"col-12 col-sm-7 col-md-7 col-lg-4\" data-aos=\"fade-right\" data-aos-delay=\"100\">                    \r\n                <div class=\"person-clinic-block__content\">\r\n                    <span class=\"position\">Hospital Director<\/span>\r\n                    <h4>\r\n                    MUDr. Petr Polou\u010dek, MBA                    <\/h4>\r\n                                                <span class=\"tels\">\r\n                                                                    <a href=\"tel:224431000\">\r\n                                        224 431 000                                    <\/a>\r\n                                                                <\/span>\r\n                                        <\/div>\r\n            <\/div>\r\n            <div class=\"col-12 col-lg-5\">\r\n                                                                    <div class=\"person-clinic-block__sub\" data-aos=\"fade-left\" data-aos-delay=\"100\">\r\n                        <span class=\"position\"><\/span>\r\n                        <span class=\"name\"><strong><\/strong><\/span>\r\n                        <div class=\"contact\" style=\"display: block\">\r\n                                                <\/div>\r\n                    <\/div>\r\n                            <\/div>\r\n        <\/div>\r\n    <\/div>\r\n<\/div>\r\n<!-- \/Team -->\n\n<!-- Our - Team -->\n<div class=\"content\">\n                        <div class=\"row\" style=\"margin-top: 2rem\">\n                                        <div class=\"col-12 col-sm-6 col-md-6\" style=\"margin-bottom: 2rem\">\n                            <div class=\"our-team-big\">\n                                                                                    <img decoding=\"async\" src=\"https:\/\/www.fnmotol.cz\/wp-content\/uploads\/2024\/06\/valentova-qj6n2jtrf0srv28gmp8t28pc7x5dvtuks8sma44tvo.jpg\" alt=\"MUDr. Lucie Valentov\u00e1-Bart\u00e1kov\u00e1\" class=\"\" \/>\r\n                                                                                    <h3>Deputy Director for Preventive Medical Care<\/h3>\n                                                                        <h4 style=\"margin-top: 0.5rem\">MUDr. Lucie Valentov\u00e1-Bart\u00e1kov\u00e1<br>\n\t\t\t\t\t\t\t\t\t\t\t\t\t\t\t\t\t\t\t\t\t\t224 431 011\t\t\t\t\t\t\t\t\t\t\t\t\n\t\t\t\t\t\t\t\t\t\t\t\t<br>\n\t\t\t\t\t\t\t\t\t<a href=\"mailto:lucie.valentova-bartakova@fnmotol.cz\">lucie.valentova-bartakova@fnmotol.cz<\/a>\n                                    \t\t\t\t\t\t\t\t\n\t\t\t\t\t\t\t\t<\/h4>\n                            <\/div>\n                        <\/div>\n                                                <div class=\"col-12 col-sm-6 col-md-6\" style=\"margin-bottom: 2rem\">\n                            <div class=\"our-team-big\">\n                                                                                    <img decoding=\"async\" src=\"https:\/\/www.fnmotol.cz\/wp-content\/uploads\/2025\/04\/Kopie-souboru-DSC09157_small-300x200.jpg\" alt=\" Ing. Petr \u0160anda, DiS.\" class=\"\" \/>\r\n                                                                                    <h3>Deputy Director for Operations and Technical Matters<\/h3>\n                                                                        <h4 style=\"margin-top: 0.5rem\">Ing. Petr \u0160anda, DiS.<br>\n\t\t\t\t\t\t\t\t\t<br>\n\t\t\t\t\t\t\t\t\t<a href=\"mailto:\"><\/a>\n                                    \t\t\t\t\t\t\t\t\n\t\t\t\t\t\t\t\t<\/h4>\n                            <\/div>\n                        <\/div>\n                                                <div class=\"col-12 col-sm-6 col-md-6\" style=\"margin-bottom: 2rem\">\n                            <div class=\"our-team-big\">\n                                                                                    <img decoding=\"async\" src=\"https:\/\/www.fnmotol.cz\/wp-content\/uploads\/2024\/06\/jiri-cihar.jpg\" alt=\"224 431 151\" class=\"\" \/>\r\n                                                                                    <h3>Deputy Director for Economics<\/h3>\n                                                                        <h4 style=\"margin-top: 0.5rem\">Ing. Ji\u0159\u00ed \u010ciha\u0159<br>\n\t\t\t\t\t\t\t\t\t\t\t\t\t\t\t\t\t\t\t\t\t\t224 431 151\t\t\t\t\t\t\t\t\t\t\t\t\n\t\t\t\t\t\t\t\t\t\t\t\t<br>\n\t\t\t\t\t\t\t\t\t<a href=\"mailto:ekonam@fnmotol.cz\">ekonam@fnmotol.cz<\/a>\n                                    \t\t\t\t\t\t\t\t\n\t\t\t\t\t\t\t\t<\/h4>\n                            <\/div>\n                        <\/div>\n                                                <div class=\"col-12 col-sm-6 col-md-6\" style=\"margin-bottom: 2rem\">\n                            <div class=\"our-team-big\">\n                                                                                    <img decoding=\"async\" src=\"https:\/\/www.fnmotol.cz\/wp-content\/uploads\/2024\/06\/jana-novakova.jpg\" alt=\"\" class=\"\" \/>\r\n                                                                                    <h3>Deputy Director for Nursing Care<\/h3>\n                                                                        <h4 style=\"margin-top: 0.5rem\">Mgr. Jana Nov\u00e1kov\u00e1, MBA<br>\n\t\t\t\t\t\t\t\t\t\t\t\t\t\t\t\t\t\t\t\t\t\t224 431 050\t\t\t\t\t\t\t\t\t\t\t\t\n\t\t\t\t\t\t\t\t\t\t\t\t<br>\n\t\t\t\t\t\t\t\t\t<a href=\"mailto:jana.novakova@fnmotol.cz\">jana.novakova@fnmotol.cz<\/a>\n                                    \t\t\t\t\t\t\t\t\n\t\t\t\t\t\t\t\t<\/h4>\n                            <\/div>\n                        <\/div>\n                                                <div class=\"col-12 col-sm-6 col-md-6\" style=\"margin-bottom: 2rem\">\n                            <div class=\"our-team-big\">\n                                                                                    <img decoding=\"async\" src=\"https:\/\/www.fnmotol.cz\/wp-content\/uploads\/2025\/04\/Basta_vertikalne-200x300.jpg\" alt=\"Pavel Ba\u0161ta\" class=\"\" \/>\r\n                                                                                    <h3>Deputy Business Director<\/h3>\n                                                                        <h4 style=\"margin-top: 0.5rem\">Pavel Ba\u0161ta<br>\n\t\t\t\t\t\t\t\t\t<br>\n\t\t\t\t\t\t\t\t\t<a href=\"mailto:\"><\/a>\n                                    \t\t\t\t\t\t\t\t\n\t\t\t\t\t\t\t\t<\/h4>\n                            <\/div>\n                        <\/div>\n                                                <div class=\"col-12 col-sm-6 col-md-6\" style=\"margin-bottom: 2rem\">\n                            <div class=\"our-team-big\">\n                                                                                    <img decoding=\"async\" src=\"https:\/\/www.fnmotol.cz\/wp-content\/uploads\/2024\/06\/anna-sediva.webp\" alt=\"Prof. MUDr. Anna \u0160ediv\u00e1, DSc.\" class=\"\" \/>\r\n                                                                                    <h3>Deputy Director for Science and Research<\/h3>\n                                                                        <h4 style=\"margin-top: 0.5rem\">Prof. MUDr. Anna \u0160ediv\u00e1, DSc.<br>\n\t\t\t\t\t\t\t\t\t\t\t\t\t\t\t\t\t\t\t\t\t\t224 435 961\t\t\t\t\t\t\t\t\t\t\t\t\n\t\t\t\t\t\t\t\t\t\t\t\t<br>\n\t\t\t\t\t\t\t\t\t<a href=\"mailto:anna.sediva@fnmotol.cz\">anna.sediva@fnmotol.cz<\/a>\n                                    \t\t\t\t\t\t\t\t\n\t\t\t\t\t\t\t\t<\/h4>\n                            <\/div>\n                        <\/div>\n                                                <div class=\"col-12 col-sm-6 col-md-6\" style=\"margin-bottom: 2rem\">\n                            <div class=\"our-team-big\">\n                                                                                    <img decoding=\"async\" src=\"https:\/\/www.fnmotol.cz\/wp-content\/uploads\/2025\/04\/Kopie-souboru-DSC09153_small-300x200.jpg\" alt=\"Mgr. Martin Gal\u00e1z, LL.M\" class=\"\" \/>\r\n                                                                                    <h3>Deputy Director for Legal Affairs<\/h3>\n                                                                        <h4 style=\"margin-top: 0.5rem\">Mgr. Martin Gal\u00e1\u017e, LL.M.<br>\n\t\t\t\t\t\t\t\t\t<br>\n\t\t\t\t\t\t\t\t\t<a href=\"mailto:\"><\/a>\n                                    \t\t\t\t\t\t\t\t\n\t\t\t\t\t\t\t\t<\/h4>\n                            <\/div>\n                        <\/div>\n                                                <div class=\"col-12 col-sm-6 col-md-6\" style=\"margin-bottom: 2rem\">\n                            <div class=\"our-team-big\">\n                                                                                    <img decoding=\"async\" src=\"https:\/\/www.fnmotol.cz\/wp-content\/uploads\/2025\/04\/Ing-Hana-Hasalova-300x200.jpeg\" alt=\"Ing. Hana Hasalov\u00e1\" class=\"\" \/>\r\n                                                                                    <h3>Deputy Director of Human Resources<\/h3>\n                                                                        <h4 style=\"margin-top: 0.5rem\">Ing. Hana Hasalov\u00e1<br>\n\t\t\t\t\t\t\t\t\t\t\t\t\t\t\t\t\t\t\t\t\t\t224 431 100\t\t\t\t\t\t\t\t\t\t\t\t\n\t\t\t\t\t\t\t\t\t\t\t\t<br>\n\t\t\t\t\t\t\t\t\t<a href=\"mailto:personalni@fnmotol.cz\">personalni@fnmotol.cz<\/a>\n                                    \t\t\t\t\t\t\t\t\n\t\t\t\t\t\t\t\t<\/h4>\n                            <\/div>\n                        <\/div>\n                                                <div class=\"col-12 col-sm-6 col-md-6\" style=\"margin-bottom: 2rem\">\n                            <div class=\"our-team-big\">\n                                                                                    <img decoding=\"async\" src=\"https:\/\/www.fnmotol.cz\/wp-content\/uploads\/2025\/06\/Bc-Miroslav-Pavlicek-MBA-300x200.jpg\" alt=\"Bc. Miroslav Pavl\u00ed\u010dek, MBA\" class=\"\" \/>\r\n                                                                                    <h3>Deputy Director for Information and Communication Technology<\/h3>\n                                                                        <h4 style=\"margin-top: 0.5rem\">Bc. Miroslav Pavl\u00ed\u010dek, MBA<br>\n\t\t\t\t\t\t\t\t\t<br>\n\t\t\t\t\t\t\t\t\t<a href=\"mailto:\"><\/a>\n                                    \t\t\t\t\t\t\t\t\n\t\t\t\t\t\t\t\t<\/h4>\n                            <\/div>\n                        <\/div>\n                                    <\/div>\n            <\/div>\n<!-- \/Our - Team -->","protected":false},"excerpt":{"rendered":"","protected":false},"author":4,"featured_media":0,"parent":6085,"menu_order":192,"comment_status":"closed","ping_status":"closed","template":"templates\/text-page.php","meta":{"_acf_changed":false,"footnotes":""},"class_list":["post-7724","page","type-page","status-publish","hentry"],"acf":[],"yoast_head":"<!-- This site is optimized with the Yoast SEO plugin v22.7 - https:\/\/yoast.com\/wordpress\/plugins\/seo\/ -->\n<title>Management - Fakultn\u00ed nemocnice Motol a Homolka<\/title>\n<meta name=\"robots\" content=\"index, follow, max-snippet:-1, max-image-preview:large, max-video-preview:-1\" \/>\n<link rel=\"canonical\" href=\"https:\/\/www.fnmotol.cz\/en\/o-nas\/management\/\" \/>\n<meta property=\"og:locale\" content=\"en_US\" \/>\n<meta property=\"og:type\" content=\"article\" \/>\n<meta property=\"og:title\" content=\"Management - Fakultn\u00ed nemocnice Motol a Homolka\" \/>\n<meta property=\"og:url\" content=\"https:\/\/www.fnmotol.cz\/en\/o-nas\/management\/\" \/>\n<meta property=\"og:site_name\" content=\"Fakultn\u00ed nemocnice Motol a Homolka\" \/>\n<meta property=\"article:modified_time\" content=\"2025-12-04T08:26:51+00:00\" \/>\n<meta name=\"twitter:card\" content=\"summary_large_image\" \/>\n<script type=\"application\/ld+json\" class=\"yoast-schema-graph\">{\"@context\":\"https:\/\/schema.org\",\"@graph\":[{\"@type\":\"WebPage\",\"@id\":\"https:\/\/www.fnmotol.cz\/en\/o-nas\/management\/\",\"url\":\"https:\/\/www.fnmotol.cz\/en\/o-nas\/management\/\",\"name\":\"Management - Fakultn\u00ed nemocnice Motol a Homolka\",\"isPartOf\":{\"@id\":\"https:\/\/www.fnmotol.cz\/#website\"},\"datePublished\":\"2024-05-20T20:17:16+00:00\",\"dateModified\":\"2025-12-04T08:26:51+00:00\",\"breadcrumb\":{\"@id\":\"https:\/\/www.fnmotol.cz\/en\/o-nas\/management\/#breadcrumb\"},\"inLanguage\":\"en-US\",\"potentialAction\":[{\"@type\":\"ReadAction\",\"target\":[\"https:\/\/www.fnmotol.cz\/en\/o-nas\/management\/\"]}]},{\"@type\":\"BreadcrumbList\",\"@id\":\"https:\/\/www.fnmotol.cz\/en\/o-nas\/management\/#breadcrumb\",\"itemListElement\":[{\"@type\":\"ListItem\",\"position\":1,\"name\":\"Dom\u016f\",\"item\":\"https:\/\/www.fnmotol.cz\/en\/\"},{\"@type\":\"ListItem\",\"position\":2,\"name\":\"About us\",\"item\":\"https:\/\/www.fnmotol.cz\/en\/o-nas\/\"},{\"@type\":\"ListItem\",\"position\":3,\"name\":\"Management\"}]},{\"@type\":\"WebSite\",\"@id\":\"https:\/\/www.fnmotol.cz\/#website\",\"url\":\"https:\/\/www.fnmotol.cz\/\",\"name\":\"Fakultn\u00ed nemocnice Motol a Homolka\",\"description\":\"Fakultn\u00ed nemocnice Motol a Homolka je nejv\u011bt\u0161\u00ed zdravotnick\u00e9 za\u0159\u00edzen\u00ed v \u010cesku a jedno z nejv\u011bt\u0161\u00edch v Evrop\u011b s kapacitou v\u00edce jak 2 000 l\u016f\u017eek!\",\"potentialAction\":[{\"@type\":\"SearchAction\",\"target\":{\"@type\":\"EntryPoint\",\"urlTemplate\":\"https:\/\/www.fnmotol.cz\/?s={search_term_string}\"},\"query-input\":\"required name=search_term_string\"}],\"inLanguage\":\"en-US\"}]}<\/script>\n<!-- \/ Yoast SEO plugin. -->","yoast_head_json":{"title":"Management - Fakultn\u00ed nemocnice Motol a Homolka","robots":{"index":"index","follow":"follow","max-snippet":"max-snippet:-1","max-image-preview":"max-image-preview:large","max-video-preview":"max-video-preview:-1"},"canonical":"https:\/\/www.fnmotol.cz\/en\/o-nas\/management\/","og_locale":"en_US","og_type":"article","og_title":"Management - Fakultn\u00ed nemocnice Motol a Homolka","og_url":"https:\/\/www.fnmotol.cz\/en\/o-nas\/management\/","og_site_name":"Fakultn\u00ed nemocnice Motol a Homolka","article_modified_time":"2025-12-04T08:26:51+00:00","twitter_card":"summary_large_image","schema":{"@context":"https:\/\/schema.org","@graph":[{"@type":"WebPage","@id":"https:\/\/www.fnmotol.cz\/en\/o-nas\/management\/","url":"https:\/\/www.fnmotol.cz\/en\/o-nas\/management\/","name":"Management - Fakultn\u00ed nemocnice Motol a Homolka","isPartOf":{"@id":"https:\/\/www.fnmotol.cz\/#website"},"datePublished":"2024-05-20T20:17:16+00:00","dateModified":"2025-12-04T08:26:51+00:00","breadcrumb":{"@id":"https:\/\/www.fnmotol.cz\/en\/o-nas\/management\/#breadcrumb"},"inLanguage":"en-US","potentialAction":[{"@type":"ReadAction","target":["https:\/\/www.fnmotol.cz\/en\/o-nas\/management\/"]}]},{"@type":"BreadcrumbList","@id":"https:\/\/www.fnmotol.cz\/en\/o-nas\/management\/#breadcrumb","itemListElement":[{"@type":"ListItem","position":1,"name":"Dom\u016f","item":"https:\/\/www.fnmotol.cz\/en\/"},{"@type":"ListItem","position":2,"name":"About us","item":"https:\/\/www.fnmotol.cz\/en\/o-nas\/"},{"@type":"ListItem","position":3,"name":"Management"}]},{"@type":"WebSite","@id":"https:\/\/www.fnmotol.cz\/#website","url":"https:\/\/www.fnmotol.cz\/","name":"Fakultn\u00ed nemocnice Motol a Homolka","description":"Fakultn\u00ed nemocnice Motol a Homolka je nejv\u011bt\u0161\u00ed zdravotnick\u00e9 za\u0159\u00edzen\u00ed v \u010cesku a jedno z nejv\u011bt\u0161\u00edch v Evrop\u011b s kapacitou v\u00edce jak 2 000 l\u016f\u017eek!","potentialAction":[{"@type":"SearchAction","target":{"@type":"EntryPoint","urlTemplate":"https:\/\/www.fnmotol.cz\/?s={search_term_string}"},"query-input":"required name=search_term_string"}],"inLanguage":"en-US"}]}},"_links":{"self":[{"href":"https:\/\/www.fnmotol.cz\/en\/wp-json\/wp\/v2\/pages\/7724","targetHints":{"allow":["GET"]}}],"collection":[{"href":"https:\/\/www.fnmotol.cz\/en\/wp-json\/wp\/v2\/pages"}],"about":[{"href":"https:\/\/www.fnmotol.cz\/en\/wp-json\/wp\/v2\/types\/page"}],"author":[{"embeddable":true,"href":"https:\/\/www.fnmotol.cz\/en\/wp-json\/wp\/v2\/users\/4"}],"replies":[{"embeddable":true,"href":"https:\/\/www.fnmotol.cz\/en\/wp-json\/wp\/v2\/comments?post=7724"}],"version-history":[{"count":26,"href":"https:\/\/www.fnmotol.cz\/en\/wp-json\/wp\/v2\/pages\/7724\/revisions"}],"predecessor-version":[{"id":15209,"href":"https:\/\/www.fnmotol.cz\/en\/wp-json\/wp\/v2\/pages\/7724\/revisions\/15209"}],"up":[{"embeddable":true,"href":"https:\/\/www.fnmotol.cz\/en\/wp-json\/wp\/v2\/pages\/6085"}],"wp:attachment":[{"href":"https:\/\/www.fnmotol.cz\/en\/wp-json\/wp\/v2\/media?parent=7724"}],"curies":[{"name":"wp","href":"https:\/\/api.w.org\/{rel}","templated":true}]}}