{"id":7750,"date":"2024-05-20T22:54:38","date_gmt":"2024-05-20T20:54:38","guid":{"rendered":"https:\/\/www.fnmotol.cz\/o-nas\/kvalita-a-bezpeci-zdravotnich-sluzeb\/"},"modified":"2024-12-01T18:55:51","modified_gmt":"2024-12-01T17:55:51","slug":"kvalita-a-bezpeci-zdravotnich-sluzeb","status":"publish","type":"page","link":"https:\/\/www.fnmotol.cz\/en\/o-nas\/kvalita-a-bezpeci-zdravotnich-sluzeb\/","title":{"rendered":"Quality and safety of health services"},"content":{"rendered":"<!-- Column text + image -->\n<div class=\"content columns\">\n                <!-- Text -->\n            <div class=\"column text\" data-aos=\"fade-right\" data-aos-delay=\"50\">\n                <h2>Quality and safety of health services<\/h2>\n                <p>Motol University Hospital has defended the <strong>highly prestigious quality certificate of<\/strong> the United Accreditation Commission, o.p.s. The external audit, which the hospital underwent in the last week of January, dealt with meeting the accreditation standards for hospitals. As a result of the audit, the hospital was found to have met all quality standards and departmental safety indicators and to have created the conditions for providing high-quality and safe care.<\/p>\n<p>The Accreditation Commission monitors compliance with the Ministry of Health\u2019s standards and indicators of safe care. The standards apply to all activities taking place in the hospital. Starting with hospital management and monitoring quality indicators, through patient access to health services, diagnostic and treatment procedures, to the safety of the environment in the buildings and hospital grounds. Great emphasis is placed on <strong>patients&#8217; rights<\/strong>. The hospital had much to boast about, such as new treatment procedures, new equipment and an improved environment in the recently reconstructed children&#8217;s hospital. Improvement in the areas that are most important for the patient is evidenced by continuous monitoring of the quality indicators that the hospital has chosen to indicate the quality and safety of health services. Patient satisfaction is the best proof that the hospital management and staff are succeeding in their efforts to continuously improve health services.<\/p>\n                            <\/div>\n            <!-- Image -->\n            <div class=\"column image d-flex\" data-aos=\"fade-left\" data-aos-delay=\"50\">\n                <a data-fancybox href=\"https:\/\/www.fnmotol.cz\/wp-content\/uploads\/2024\/06\/logo-sak-akreditovano.png\">\n                            <img decoding=\"async\" src=\"https:\/\/www.fnmotol.cz\/wp-content\/uploads\/2024\/06\/logo-sak-akreditovano.png\" alt=\"Akreditace FN Motol\" class=\"pl\" \/>\r\n                    <\/a>\n            <\/div>\n                        <\/div>\n<!-- Column text + image -->\n\n<!-- Text block - blue background -->\n<div class=\"content \" data-aos=\"fade-up\" data-aos-delay=\"50\">\n            <h2>MUH accreditation in 2024<\/h2>\n                <div>\n            <p><a href=\"https:\/\/www.fnmotol.cz\/wp-content\/uploads\/2024\/11\/certifikat-2024.jpg\"><img loading=\"lazy\" decoding=\"async\" class=\"aligncenter wp-image-7219 size-large\" src=\"https:\/\/www.fnmotol.cz\/wp-content\/uploads\/2024\/11\/certifikat-2024-1024x724.jpg\" alt=\"Certifik\u00e1t akreditace 2024\" width=\"1024\" height=\"724\" srcset=\"https:\/\/www.fnmotol.cz\/wp-content\/uploads\/2024\/11\/certifikat-2024-1024x724.jpg 1024w, https:\/\/www.fnmotol.cz\/wp-content\/uploads\/2024\/11\/certifikat-2024-300x212.jpg 300w, https:\/\/www.fnmotol.cz\/wp-content\/uploads\/2024\/11\/certifikat-2024-768x543.jpg 768w, https:\/\/www.fnmotol.cz\/wp-content\/uploads\/2024\/11\/certifikat-2024-1536x1087.jpg 1536w, https:\/\/www.fnmotol.cz\/wp-content\/uploads\/2024\/11\/certifikat-2024-100x71.jpg 100w, https:\/\/www.fnmotol.cz\/wp-content\/uploads\/2024\/11\/certifikat-2024-160x113.jpg 160w, https:\/\/www.fnmotol.cz\/wp-content\/uploads\/2024\/11\/certifikat-2024-707x500.jpg 707w, https:\/\/www.fnmotol.cz\/wp-content\/uploads\/2024\/11\/certifikat-2024-500x354.jpg 500w, https:\/\/www.fnmotol.cz\/wp-content\/uploads\/2024\/11\/certifikat-2024.jpg 1682w\" sizes=\"auto, (max-width: 1024px) 100vw, 1024px\" \/><\/a><\/p>\n        <\/div>\n    <\/div>\n<!-- \/Text block - blue background -->\n\n<!-- Text block - blue background -->\n<div class=\"content blue\" data-aos=\"fade-up\" data-aos-delay=\"50\">\n            <h2>Quality monitoring at MUH<\/h2>\n                <div>\n            <p>The MUH assesses the level of providing health services in terms of their quality and safety via an external audit of the quality and safety of health services. The hospital has implemented a quality and safety management system in accordance with the Spojen\u00e9 akredita\u010dn\u00ed komise, o.p.s. (United Accreditation Commission) hospital accreditation standards, which cover and extend:<\/p>\n<ul>\n<li>Requirements for the internal quality and safety assessment system, within the meaning of the provisions of Section 47(3)(b) of Act No 372\/2011 Coll., on Health Services and the Conditions for their Provision, or the minimum requirements according to Ministry of Health Bulletin No 16\/2015,<\/li>\n<li>evaluation standards within the meaning of Section 98(7) of Act No 372\/2011 Coll., on Health Services and the Conditions for their Provision, as amended. Minimum evaluation standards according to Decree No. 102\/2012 Coll. on Assessing the Quality and Safety of Inpatient Care.<\/li>\n<\/ul>\n<p>The level of quality and safety of health services is proven by the MUH\u2019s accreditation to the extent of the above-mentioned quality standards.<\/p>\n        <\/div>\n    <\/div>\n<!-- \/Text block - blue background -->\n\n<!-- Text block - blue background -->\n<div class=\"content \" data-aos=\"fade-up\" data-aos-delay=\"50\">\n            <h2>Quality management system<\/h2>\n                <div>\n            <h4><strong>Internal audits<\/strong><\/h4>\n<p>Internal audits are a tool for monitoring and verifying knowledge and the effective implementation of internal measures. Internal audits can highlight risks arising from non-compliance and provide valuable feedback to senior management and the management of the MUH. Internal audits are carried out in accordance with the Quality and Safety Plan for Health Services for the given calendar year.<\/p>\n<h4><strong>Adverse event monitoring and evaluation<\/strong><\/h4>\n<p>An adverse event is any unforeseeable event that occurred whilst providing health services or any unforeseeable event at the MUH that led to patient harm or the risk of such harm or disrupts the normal operation of the relevant part of the hospital or poses a safety risk to patients, visitors or staff. The MUH has an internal system for reporting, analysing and resolving adverse events, including taking corrective and preventive measures.<\/p>\n<h4><strong>Monitoring the satisfaction of hospitalised patients<\/strong><\/h4>\n<p>The patient satisfaction survey is a very important form of feedback for hospital management to improve services. The MUH carries out the survey by means of a questionnaire that every hospitalised patient or the accompanying adult of a minor should receive at the health care facility where they are being treated. The completed questionnaire can be dropped into a box located in each inpatient room.<\/p>\n        <\/div>\n    <\/div>\n<!-- \/Text block - blue background -->\n\n <!-- Documents -->\n <div class=\"content\">\n                    <ul class=\"documents\">\n                                <!-- Document -->\n                    <li data-aos=\"fade-up\" data-aos-delay=\"50\">\n                        <span class=\"name\">Survey of adult inpatients\u2019 satisfaction <\/span>\n                        <div class=\"actions\">\n                            <a href=\"https:\/\/www.fnmotol.cz\/wp-content\/uploads\/2024\/06\/fnmotol-dospeliupravafinalni.pdf\" target=\"_blank\" class=\"show\">\n                                <svg width=\"20\" height=\"13\" viewBox=\"0 0 20 13\" fill=\"none\" xmlns=\"http:\/\/www.w3.org\/2000\/svg\">\n                                    <path d=\"M10.0046 10.1538C11.0287 10.1538 11.8976 9.79817 12.6114 9.08683C13.3253 8.37547 13.6822 7.51169 13.6822 6.49548C13.6822 5.47926 13.3237 4.61698 12.6069 3.90865C11.89 3.20032 11.0195 2.84615 9.99544 2.84615C8.97135 2.84615 8.10239 3.20182 7.38856 3.91317C6.67474 4.62452 6.31783 5.48831 6.31783 6.50453C6.31783 7.52074 6.67626 8.38302 7.39312 9.09135C8.10999 9.79968 8.98047 10.1538 10.0046 10.1538ZM10 9.2C9.24419 9.2 8.60174 8.9375 8.07267 8.4125C7.5436 7.8875 7.27907 7.25 7.27907 6.5C7.27907 5.75 7.5436 5.1125 8.07267 4.5875C8.60174 4.0625 9.24419 3.8 10 3.8C10.7558 3.8 11.3983 4.0625 11.9273 4.5875C12.4564 5.1125 12.7209 5.75 12.7209 6.5C12.7209 7.25 12.4564 7.8875 11.9273 8.4125C11.3983 8.9375 10.7558 9.2 10 9.2ZM10.0028 13C7.82005 13 5.83075 12.4106 4.03489 11.2317C2.23901 10.0529 0.894044 8.47565 0 6.5C0.894044 4.52435 2.23808 2.94711 4.03212 1.76828C5.82613 0.589426 7.81451 0 9.99723 0C12.18 0 14.1692 0.589426 15.9651 1.76828C17.761 2.94711 19.106 4.52435 20 6.5C19.106 8.47565 17.7619 10.0529 15.9679 11.2317C14.1739 12.4106 12.1855 13 10.0028 13ZM10 12C11.8979 12 13.6405 11.5042 15.2277 10.5125C16.8149 9.52083 18.0284 8.18333 18.8682 6.5C18.0284 4.81667 16.8149 3.47917 15.2277 2.4875C13.6405 1.49583 11.8979 1 10 1C8.10207 1 6.3595 1.49583 4.77229 2.4875C3.18508 3.47917 1.97157 4.81667 1.13178 6.5C1.97157 8.18333 3.18508 9.52083 4.77229 10.5125C6.3595 11.5042 8.10207 12 10 12Z\" fill=\"#002F4C\"\/>\n                                <\/svg> \n                                Zobrazit                            <\/a>\n                            <a href=\"https:\/\/www.fnmotol.cz\/wp-content\/uploads\/2024\/06\/fnmotol-dospeliupravafinalni.pdf\" target=\"_blank\" class=\"download\" download>\n                                <svg width=\"14\" height=\"14\" viewBox=\"0 0 14 14\" fill=\"none\" xmlns=\"http:\/\/www.w3.org\/2000\/svg\">\n                                    <path d=\"M7 10.5769L3.46152 7.03845L4.16923 6.31923L6.5 8.65V0H7.5V8.65L9.83078 6.31923L10.5385 7.03845L7 10.5769ZM1.61537 14C1.15512 14 0.770833 13.8458 0.4625 13.5375C0.154167 13.2292 0 12.8449 0 12.3846V9.96155H1V12.3846C1 12.5385 1.0641 12.6795 1.1923 12.8077C1.32052 12.9359 1.46154 13 1.61537 13H12.3846C12.5385 13 12.6795 12.9359 12.8077 12.8077C12.9359 12.6795 13 12.5385 13 12.3846V9.96155H14V12.3846C14 12.8449 13.8458 13.2292 13.5375 13.5375C13.2292 13.8458 12.8449 14 12.3846 14H1.61537Z\" fill=\"#002F4C\"\/>\n                                <\/svg>  \n                                    St\u00e1hnout                            <\/a>\n                        <\/div>\n                    <\/li>\n                                        <!-- Document -->\n                    <li data-aos=\"fade-up\" data-aos-delay=\"100\">\n                        <span class=\"name\">Survey of paediatric inpatients\u2019 Satisfaction <\/span>\n                        <div class=\"actions\">\n                            <a href=\"https:\/\/www.fnmotol.cz\/wp-content\/uploads\/2024\/06\/fnmotol-detiupravafinalni.pdf\" target=\"_blank\" class=\"show\">\n                                <svg width=\"20\" height=\"13\" viewBox=\"0 0 20 13\" fill=\"none\" xmlns=\"http:\/\/www.w3.org\/2000\/svg\">\n                                    <path d=\"M10.0046 10.1538C11.0287 10.1538 11.8976 9.79817 12.6114 9.08683C13.3253 8.37547 13.6822 7.51169 13.6822 6.49548C13.6822 5.47926 13.3237 4.61698 12.6069 3.90865C11.89 3.20032 11.0195 2.84615 9.99544 2.84615C8.97135 2.84615 8.10239 3.20182 7.38856 3.91317C6.67474 4.62452 6.31783 5.48831 6.31783 6.50453C6.31783 7.52074 6.67626 8.38302 7.39312 9.09135C8.10999 9.79968 8.98047 10.1538 10.0046 10.1538ZM10 9.2C9.24419 9.2 8.60174 8.9375 8.07267 8.4125C7.5436 7.8875 7.27907 7.25 7.27907 6.5C7.27907 5.75 7.5436 5.1125 8.07267 4.5875C8.60174 4.0625 9.24419 3.8 10 3.8C10.7558 3.8 11.3983 4.0625 11.9273 4.5875C12.4564 5.1125 12.7209 5.75 12.7209 6.5C12.7209 7.25 12.4564 7.8875 11.9273 8.4125C11.3983 8.9375 10.7558 9.2 10 9.2ZM10.0028 13C7.82005 13 5.83075 12.4106 4.03489 11.2317C2.23901 10.0529 0.894044 8.47565 0 6.5C0.894044 4.52435 2.23808 2.94711 4.03212 1.76828C5.82613 0.589426 7.81451 0 9.99723 0C12.18 0 14.1692 0.589426 15.9651 1.76828C17.761 2.94711 19.106 4.52435 20 6.5C19.106 8.47565 17.7619 10.0529 15.9679 11.2317C14.1739 12.4106 12.1855 13 10.0028 13ZM10 12C11.8979 12 13.6405 11.5042 15.2277 10.5125C16.8149 9.52083 18.0284 8.18333 18.8682 6.5C18.0284 4.81667 16.8149 3.47917 15.2277 2.4875C13.6405 1.49583 11.8979 1 10 1C8.10207 1 6.3595 1.49583 4.77229 2.4875C3.18508 3.47917 1.97157 4.81667 1.13178 6.5C1.97157 8.18333 3.18508 9.52083 4.77229 10.5125C6.3595 11.5042 8.10207 12 10 12Z\" fill=\"#002F4C\"\/>\n                                <\/svg> \n                                Zobrazit                            <\/a>\n                            <a href=\"https:\/\/www.fnmotol.cz\/wp-content\/uploads\/2024\/06\/fnmotol-detiupravafinalni.pdf\" target=\"_blank\" class=\"download\" download>\n                                <svg width=\"14\" height=\"14\" viewBox=\"0 0 14 14\" fill=\"none\" xmlns=\"http:\/\/www.w3.org\/2000\/svg\">\n                                    <path d=\"M7 10.5769L3.46152 7.03845L4.16923 6.31923L6.5 8.65V0H7.5V8.65L9.83078 6.31923L10.5385 7.03845L7 10.5769ZM1.61537 14C1.15512 14 0.770833 13.8458 0.4625 13.5375C0.154167 13.2292 0 12.8449 0 12.3846V9.96155H1V12.3846C1 12.5385 1.0641 12.6795 1.1923 12.8077C1.32052 12.9359 1.46154 13 1.61537 13H12.3846C12.5385 13 12.6795 12.9359 12.8077 12.8077C12.9359 12.6795 13 12.5385 13 12.3846V9.96155H14V12.3846C14 12.8449 13.8458 13.2292 13.5375 13.5375C13.2292 13.8458 12.8449 14 12.3846 14H1.61537Z\" fill=\"#002F4C\"\/>\n                                <\/svg>  \n                                    St\u00e1hnout                            <\/a>\n                        <\/div>\n                    <\/li>\n                            <\/ul>\n    <\/div>\n<!-- \/Documents -->\n\n<!-- Text block - blue background -->\n<div class=\"content blue\" data-aos=\"fade-up\" data-aos-delay=\"50\">\n            <h2>Accreditation and certification of individual medical workplaces<\/h2>\n                <div>\n            <p>All Clinical laboratories, pursuant to healthcare payer requirements, demonstrate their quality with certificates <a href=\"https:\/\/www.naskl.cz\/\"><strong>NASKL<\/strong><\/a> and <a href=\"https:\/\/www.cai.cz\/\"><strong>CIA<\/strong><\/a>.<\/p>\n        <\/div>\n    <\/div>\n<!-- \/Text block - blue background -->\n\n<!-- subpage -->\n<div class=\"content\">\n            <div class=\"subpage-block\" data-aos=\"fade-up\" data-aos-delay=\"50\">\n            <a \r\n    href=\"https:\/\/www.fnmotol.cz\/en\/o-nas\/kvalita-a-bezpeci-zdravotnich-sluzeb\/vyroba-zdravotnickych-prostredku\/\"\r\n    class=\"subpage-block__item c-1\"\r\n    target=\"_self\"\r\n    >Manufacture of medical devices under Article 5(5) of EU Regulation 2017\/746 (IVDR)<\/a>\r\n            <\/div>\n        <\/div>\n<!-- \/subpage -->","protected":false},"excerpt":{"rendered":"","protected":false},"author":4,"featured_media":0,"parent":6085,"menu_order":217,"comment_status":"closed","ping_status":"closed","template":"templates\/text-page.php","meta":{"_acf_changed":false,"footnotes":""},"class_list":["post-7750","page","type-page","status-publish","hentry"],"acf":[],"yoast_head":"<!-- This site is optimized with the Yoast SEO plugin v22.7 - https:\/\/yoast.com\/wordpress\/plugins\/seo\/ -->\n<title>Quality and safety of health services - Fakultn\u00ed nemocnice Motol a Homolka<\/title>\n<meta name=\"robots\" content=\"index, follow, max-snippet:-1, max-image-preview:large, max-video-preview:-1\" \/>\n<link rel=\"canonical\" href=\"https:\/\/www.fnmotol.cz\/en\/o-nas\/kvalita-a-bezpeci-zdravotnich-sluzeb\/\" \/>\n<meta property=\"og:locale\" content=\"en_US\" \/>\n<meta property=\"og:type\" content=\"article\" \/>\n<meta property=\"og:title\" content=\"Quality and safety of health services - Fakultn\u00ed nemocnice Motol a Homolka\" \/>\n<meta property=\"og:url\" content=\"https:\/\/www.fnmotol.cz\/en\/o-nas\/kvalita-a-bezpeci-zdravotnich-sluzeb\/\" \/>\n<meta property=\"og:site_name\" content=\"Fakultn\u00ed nemocnice Motol a Homolka\" \/>\n<meta property=\"article:modified_time\" content=\"2024-12-01T17:55:51+00:00\" \/>\n<meta name=\"twitter:card\" content=\"summary_large_image\" \/>\n<script type=\"application\/ld+json\" class=\"yoast-schema-graph\">{\"@context\":\"https:\/\/schema.org\",\"@graph\":[{\"@type\":\"WebPage\",\"@id\":\"https:\/\/www.fnmotol.cz\/en\/o-nas\/kvalita-a-bezpeci-zdravotnich-sluzeb\/\",\"url\":\"https:\/\/www.fnmotol.cz\/en\/o-nas\/kvalita-a-bezpeci-zdravotnich-sluzeb\/\",\"name\":\"Quality and safety of health services - Fakultn\u00ed nemocnice Motol a Homolka\",\"isPartOf\":{\"@id\":\"https:\/\/www.fnmotol.cz\/#website\"},\"datePublished\":\"2024-05-20T20:54:38+00:00\",\"dateModified\":\"2024-12-01T17:55:51+00:00\",\"breadcrumb\":{\"@id\":\"https:\/\/www.fnmotol.cz\/en\/o-nas\/kvalita-a-bezpeci-zdravotnich-sluzeb\/#breadcrumb\"},\"inLanguage\":\"en-US\",\"potentialAction\":[{\"@type\":\"ReadAction\",\"target\":[\"https:\/\/www.fnmotol.cz\/en\/o-nas\/kvalita-a-bezpeci-zdravotnich-sluzeb\/\"]}]},{\"@type\":\"BreadcrumbList\",\"@id\":\"https:\/\/www.fnmotol.cz\/en\/o-nas\/kvalita-a-bezpeci-zdravotnich-sluzeb\/#breadcrumb\",\"itemListElement\":[{\"@type\":\"ListItem\",\"position\":1,\"name\":\"Dom\u016f\",\"item\":\"https:\/\/www.fnmotol.cz\/en\/\"},{\"@type\":\"ListItem\",\"position\":2,\"name\":\"About us\",\"item\":\"https:\/\/www.fnmotol.cz\/en\/o-nas\/\"},{\"@type\":\"ListItem\",\"position\":3,\"name\":\"Quality and safety of health services\"}]},{\"@type\":\"WebSite\",\"@id\":\"https:\/\/www.fnmotol.cz\/#website\",\"url\":\"https:\/\/www.fnmotol.cz\/\",\"name\":\"Fakultn\u00ed nemocnice Motol a Homolka\",\"description\":\"Fakultn\u00ed nemocnice Motol a Homolka je nejv\u011bt\u0161\u00ed zdravotnick\u00e9 za\u0159\u00edzen\u00ed v \u010cesku a jedno z nejv\u011bt\u0161\u00edch v Evrop\u011b s kapacitou v\u00edce jak 2 000 l\u016f\u017eek!\",\"potentialAction\":[{\"@type\":\"SearchAction\",\"target\":{\"@type\":\"EntryPoint\",\"urlTemplate\":\"https:\/\/www.fnmotol.cz\/?s={search_term_string}\"},\"query-input\":\"required name=search_term_string\"}],\"inLanguage\":\"en-US\"}]}<\/script>\n<!-- \/ Yoast SEO plugin. -->","yoast_head_json":{"title":"Quality and safety of health services - Fakultn\u00ed nemocnice Motol a Homolka","robots":{"index":"index","follow":"follow","max-snippet":"max-snippet:-1","max-image-preview":"max-image-preview:large","max-video-preview":"max-video-preview:-1"},"canonical":"https:\/\/www.fnmotol.cz\/en\/o-nas\/kvalita-a-bezpeci-zdravotnich-sluzeb\/","og_locale":"en_US","og_type":"article","og_title":"Quality and safety of health services - Fakultn\u00ed nemocnice Motol a Homolka","og_url":"https:\/\/www.fnmotol.cz\/en\/o-nas\/kvalita-a-bezpeci-zdravotnich-sluzeb\/","og_site_name":"Fakultn\u00ed nemocnice Motol a Homolka","article_modified_time":"2024-12-01T17:55:51+00:00","twitter_card":"summary_large_image","schema":{"@context":"https:\/\/schema.org","@graph":[{"@type":"WebPage","@id":"https:\/\/www.fnmotol.cz\/en\/o-nas\/kvalita-a-bezpeci-zdravotnich-sluzeb\/","url":"https:\/\/www.fnmotol.cz\/en\/o-nas\/kvalita-a-bezpeci-zdravotnich-sluzeb\/","name":"Quality and safety of health services - Fakultn\u00ed nemocnice Motol a Homolka","isPartOf":{"@id":"https:\/\/www.fnmotol.cz\/#website"},"datePublished":"2024-05-20T20:54:38+00:00","dateModified":"2024-12-01T17:55:51+00:00","breadcrumb":{"@id":"https:\/\/www.fnmotol.cz\/en\/o-nas\/kvalita-a-bezpeci-zdravotnich-sluzeb\/#breadcrumb"},"inLanguage":"en-US","potentialAction":[{"@type":"ReadAction","target":["https:\/\/www.fnmotol.cz\/en\/o-nas\/kvalita-a-bezpeci-zdravotnich-sluzeb\/"]}]},{"@type":"BreadcrumbList","@id":"https:\/\/www.fnmotol.cz\/en\/o-nas\/kvalita-a-bezpeci-zdravotnich-sluzeb\/#breadcrumb","itemListElement":[{"@type":"ListItem","position":1,"name":"Dom\u016f","item":"https:\/\/www.fnmotol.cz\/en\/"},{"@type":"ListItem","position":2,"name":"About us","item":"https:\/\/www.fnmotol.cz\/en\/o-nas\/"},{"@type":"ListItem","position":3,"name":"Quality and safety of health services"}]},{"@type":"WebSite","@id":"https:\/\/www.fnmotol.cz\/#website","url":"https:\/\/www.fnmotol.cz\/","name":"Fakultn\u00ed nemocnice Motol a Homolka","description":"Fakultn\u00ed nemocnice Motol a Homolka je nejv\u011bt\u0161\u00ed zdravotnick\u00e9 za\u0159\u00edzen\u00ed v \u010cesku a jedno z nejv\u011bt\u0161\u00edch v Evrop\u011b s kapacitou v\u00edce jak 2 000 l\u016f\u017eek!","potentialAction":[{"@type":"SearchAction","target":{"@type":"EntryPoint","urlTemplate":"https:\/\/www.fnmotol.cz\/?s={search_term_string}"},"query-input":"required name=search_term_string"}],"inLanguage":"en-US"}]}},"_links":{"self":[{"href":"https:\/\/www.fnmotol.cz\/en\/wp-json\/wp\/v2\/pages\/7750","targetHints":{"allow":["GET"]}}],"collection":[{"href":"https:\/\/www.fnmotol.cz\/en\/wp-json\/wp\/v2\/pages"}],"about":[{"href":"https:\/\/www.fnmotol.cz\/en\/wp-json\/wp\/v2\/types\/page"}],"author":[{"embeddable":true,"href":"https:\/\/www.fnmotol.cz\/en\/wp-json\/wp\/v2\/users\/4"}],"replies":[{"embeddable":true,"href":"https:\/\/www.fnmotol.cz\/en\/wp-json\/wp\/v2\/comments?post=7750"}],"version-history":[{"count":4,"href":"https:\/\/www.fnmotol.cz\/en\/wp-json\/wp\/v2\/pages\/7750\/revisions"}],"predecessor-version":[{"id":7755,"href":"https:\/\/www.fnmotol.cz\/en\/wp-json\/wp\/v2\/pages\/7750\/revisions\/7755"}],"up":[{"embeddable":true,"href":"https:\/\/www.fnmotol.cz\/en\/wp-json\/wp\/v2\/pages\/6085"}],"wp:attachment":[{"href":"https:\/\/www.fnmotol.cz\/en\/wp-json\/wp\/v2\/media?parent=7750"}],"curies":[{"name":"wp","href":"https:\/\/api.w.org\/{rel}","templated":true}]}}