{"id":7778,"date":"2024-05-28T23:08:53","date_gmt":"2024-05-28T21:08:53","guid":{"rendered":"https:\/\/www.fnmotol.cz\/prakticke-informace\/jak-se-k-nam-dostanete\/"},"modified":"2024-12-01T20:13:47","modified_gmt":"2024-12-01T19:13:47","slug":"jak-se-k-nam-dostanete","status":"publish","type":"page","link":"https:\/\/www.fnmotol.cz\/en\/prakticke-informace\/jak-se-k-nam-dostanete\/","title":{"rendered":"How to reach us"},"content":{"rendered":"<!-- Text block H1 -->\n<div class=\"content\" data-aos=\"fade-up\">\n            <h1>How to reach us<\/h1>\n                    <div>\n            <h2><strong>Public transport connections<\/strong><\/h2>\n<ul>\n<li>from metro line A &#8211; Nemocnice Motol station<\/li>\n<li>from metro line A &#8211; Dejvick\u00e1 station by bus number 180<\/li>\n<li>from metro line A &#8211; Hrad\u010dansk\u00e1 station by bus number 184<\/li>\n<li>from metro line B &#8211; And\u011bl station by bus number 167<\/li>\n<li>from metro line B &#8211; Nov\u00e9 Butovice station by bus number 179 or 168<\/li>\n<li>from the Main Railway Station take tram number 9 in the direction of And\u011bl and change to bus number 167 at And\u011bl<\/li>\n<li>by night bus number 502<\/li>\n<\/ul>\n<p><strong>In all these cases, the exit station is Nemocnice Motol (Motol Hospital).<\/strong><\/p>\n<p>To find a specific connection, you can use the site at <a href=\"https:\/\/idos.idnes.cz\/vlakyautobusymhdvse\/spojeni\/\"><strong>https:\/\/idos.idnes.cz\/vlakyautobusymhdvse\/spojeni\/.<\/strong><\/a><\/p>\n<h2><strong>Map of the MUH<\/strong><\/h2>\n<p><img loading=\"lazy\" decoding=\"async\" width=\"1024\" height=\"724\" class=\"size-large wp-image-381\" src=\"http:\/\/www.fnmotol.cz\/wp-content\/uploads\/2024\/05\/mapa-arealu-a4-scaled-1024x724.jpg\" alt=\"Mapa nemocnice FN Motol\" srcset=\"https:\/\/www.fnmotol.cz\/wp-content\/uploads\/2024\/05\/mapa-arealu-a4-scaled-1024x724.jpg 1024w, https:\/\/www.fnmotol.cz\/wp-content\/uploads\/2024\/05\/mapa-arealu-a4-scaled-300x212.jpg 300w, https:\/\/www.fnmotol.cz\/wp-content\/uploads\/2024\/05\/mapa-arealu-a4-scaled-768x543.jpg 768w, https:\/\/www.fnmotol.cz\/wp-content\/uploads\/2024\/05\/mapa-arealu-a4-scaled-1536x1086.jpg 1536w, https:\/\/www.fnmotol.cz\/wp-content\/uploads\/2024\/05\/mapa-arealu-a4-scaled-2048x1448.jpg 2048w, https:\/\/www.fnmotol.cz\/wp-content\/uploads\/2024\/05\/mapa-arealu-a4-scaled-100x71.jpg 100w, https:\/\/www.fnmotol.cz\/wp-content\/uploads\/2024\/05\/mapa-arealu-a4-scaled-160x113.jpg 160w, https:\/\/www.fnmotol.cz\/wp-content\/uploads\/2024\/05\/mapa-arealu-a4-scaled-707x500.jpg 707w, https:\/\/www.fnmotol.cz\/wp-content\/uploads\/2024\/05\/mapa-arealu-a4-scaled-500x354.jpg 500w\" sizes=\"auto, (max-width: 1024px) 100vw, 1024px\" \/><\/p>\n        <\/div>\n    <\/div>\n<!-- \/Text block H1 -->","protected":false},"excerpt":{"rendered":"","protected":false},"author":4,"featured_media":0,"parent":7765,"menu_order":179,"comment_status":"closed","ping_status":"closed","template":"templates\/text-page.php","meta":{"_acf_changed":false,"footnotes":""},"class_list":["post-7778","page","type-page","status-publish","hentry"],"acf":[],"yoast_head":"<!-- This site is optimized with the Yoast SEO plugin v22.7 - https:\/\/yoast.com\/wordpress\/plugins\/seo\/ -->\n<title>How to reach us - Fakultn\u00ed nemocnice Motol a Homolka<\/title>\n<meta name=\"robots\" content=\"index, follow, max-snippet:-1, max-image-preview:large, max-video-preview:-1\" \/>\n<link rel=\"canonical\" href=\"https:\/\/www.fnmotol.cz\/en\/prakticke-informace\/jak-se-k-nam-dostanete\/\" \/>\n<meta property=\"og:locale\" content=\"en_US\" \/>\n<meta property=\"og:type\" content=\"article\" \/>\n<meta property=\"og:title\" content=\"How to reach us - Fakultn\u00ed nemocnice Motol a Homolka\" \/>\n<meta property=\"og:url\" content=\"https:\/\/www.fnmotol.cz\/en\/prakticke-informace\/jak-se-k-nam-dostanete\/\" \/>\n<meta property=\"og:site_name\" content=\"Fakultn\u00ed nemocnice Motol a Homolka\" \/>\n<meta property=\"article:modified_time\" content=\"2024-12-01T19:13:47+00:00\" \/>\n<meta name=\"twitter:card\" content=\"summary_large_image\" \/>\n<script type=\"application\/ld+json\" class=\"yoast-schema-graph\">{\"@context\":\"https:\/\/schema.org\",\"@graph\":[{\"@type\":\"WebPage\",\"@id\":\"https:\/\/www.fnmotol.cz\/en\/prakticke-informace\/jak-se-k-nam-dostanete\/\",\"url\":\"https:\/\/www.fnmotol.cz\/en\/prakticke-informace\/jak-se-k-nam-dostanete\/\",\"name\":\"How to reach us - Fakultn\u00ed nemocnice Motol a Homolka\",\"isPartOf\":{\"@id\":\"https:\/\/www.fnmotol.cz\/#website\"},\"datePublished\":\"2024-05-28T21:08:53+00:00\",\"dateModified\":\"2024-12-01T19:13:47+00:00\",\"breadcrumb\":{\"@id\":\"https:\/\/www.fnmotol.cz\/en\/prakticke-informace\/jak-se-k-nam-dostanete\/#breadcrumb\"},\"inLanguage\":\"en-US\",\"potentialAction\":[{\"@type\":\"ReadAction\",\"target\":[\"https:\/\/www.fnmotol.cz\/en\/prakticke-informace\/jak-se-k-nam-dostanete\/\"]}]},{\"@type\":\"BreadcrumbList\",\"@id\":\"https:\/\/www.fnmotol.cz\/en\/prakticke-informace\/jak-se-k-nam-dostanete\/#breadcrumb\",\"itemListElement\":[{\"@type\":\"ListItem\",\"position\":1,\"name\":\"Dom\u016f\",\"item\":\"https:\/\/www.fnmotol.cz\/en\/\"},{\"@type\":\"ListItem\",\"position\":2,\"name\":\"Practical information\",\"item\":\"https:\/\/www.fnmotol.cz\/en\/prakticke-informace\/\"},{\"@type\":\"ListItem\",\"position\":3,\"name\":\"How to reach us\"}]},{\"@type\":\"WebSite\",\"@id\":\"https:\/\/www.fnmotol.cz\/#website\",\"url\":\"https:\/\/www.fnmotol.cz\/\",\"name\":\"Fakultn\u00ed nemocnice Motol a Homolka\",\"description\":\"Fakultn\u00ed nemocnice Motol a Homolka je nejv\u011bt\u0161\u00ed zdravotnick\u00e9 za\u0159\u00edzen\u00ed v \u010cesku a jedno z nejv\u011bt\u0161\u00edch v Evrop\u011b s kapacitou v\u00edce jak 2 000 l\u016f\u017eek!\",\"potentialAction\":[{\"@type\":\"SearchAction\",\"target\":{\"@type\":\"EntryPoint\",\"urlTemplate\":\"https:\/\/www.fnmotol.cz\/?s={search_term_string}\"},\"query-input\":\"required name=search_term_string\"}],\"inLanguage\":\"en-US\"}]}<\/script>\n<!-- \/ Yoast SEO plugin. -->","yoast_head_json":{"title":"How to reach us - Fakultn\u00ed nemocnice Motol a Homolka","robots":{"index":"index","follow":"follow","max-snippet":"max-snippet:-1","max-image-preview":"max-image-preview:large","max-video-preview":"max-video-preview:-1"},"canonical":"https:\/\/www.fnmotol.cz\/en\/prakticke-informace\/jak-se-k-nam-dostanete\/","og_locale":"en_US","og_type":"article","og_title":"How to reach us - Fakultn\u00ed nemocnice Motol a Homolka","og_url":"https:\/\/www.fnmotol.cz\/en\/prakticke-informace\/jak-se-k-nam-dostanete\/","og_site_name":"Fakultn\u00ed nemocnice Motol a Homolka","article_modified_time":"2024-12-01T19:13:47+00:00","twitter_card":"summary_large_image","schema":{"@context":"https:\/\/schema.org","@graph":[{"@type":"WebPage","@id":"https:\/\/www.fnmotol.cz\/en\/prakticke-informace\/jak-se-k-nam-dostanete\/","url":"https:\/\/www.fnmotol.cz\/en\/prakticke-informace\/jak-se-k-nam-dostanete\/","name":"How to reach us - Fakultn\u00ed nemocnice Motol a Homolka","isPartOf":{"@id":"https:\/\/www.fnmotol.cz\/#website"},"datePublished":"2024-05-28T21:08:53+00:00","dateModified":"2024-12-01T19:13:47+00:00","breadcrumb":{"@id":"https:\/\/www.fnmotol.cz\/en\/prakticke-informace\/jak-se-k-nam-dostanete\/#breadcrumb"},"inLanguage":"en-US","potentialAction":[{"@type":"ReadAction","target":["https:\/\/www.fnmotol.cz\/en\/prakticke-informace\/jak-se-k-nam-dostanete\/"]}]},{"@type":"BreadcrumbList","@id":"https:\/\/www.fnmotol.cz\/en\/prakticke-informace\/jak-se-k-nam-dostanete\/#breadcrumb","itemListElement":[{"@type":"ListItem","position":1,"name":"Dom\u016f","item":"https:\/\/www.fnmotol.cz\/en\/"},{"@type":"ListItem","position":2,"name":"Practical information","item":"https:\/\/www.fnmotol.cz\/en\/prakticke-informace\/"},{"@type":"ListItem","position":3,"name":"How to reach us"}]},{"@type":"WebSite","@id":"https:\/\/www.fnmotol.cz\/#website","url":"https:\/\/www.fnmotol.cz\/","name":"Fakultn\u00ed nemocnice Motol a Homolka","description":"Fakultn\u00ed nemocnice Motol a Homolka je nejv\u011bt\u0161\u00ed zdravotnick\u00e9 za\u0159\u00edzen\u00ed v \u010cesku a jedno z nejv\u011bt\u0161\u00edch v Evrop\u011b s kapacitou v\u00edce jak 2 000 l\u016f\u017eek!","potentialAction":[{"@type":"SearchAction","target":{"@type":"EntryPoint","urlTemplate":"https:\/\/www.fnmotol.cz\/?s={search_term_string}"},"query-input":"required name=search_term_string"}],"inLanguage":"en-US"}]}},"_links":{"self":[{"href":"https:\/\/www.fnmotol.cz\/en\/wp-json\/wp\/v2\/pages\/7778","targetHints":{"allow":["GET"]}}],"collection":[{"href":"https:\/\/www.fnmotol.cz\/en\/wp-json\/wp\/v2\/pages"}],"about":[{"href":"https:\/\/www.fnmotol.cz\/en\/wp-json\/wp\/v2\/types\/page"}],"author":[{"embeddable":true,"href":"https:\/\/www.fnmotol.cz\/en\/wp-json\/wp\/v2\/users\/4"}],"replies":[{"embeddable":true,"href":"https:\/\/www.fnmotol.cz\/en\/wp-json\/wp\/v2\/comments?post=7778"}],"version-history":[{"count":3,"href":"https:\/\/www.fnmotol.cz\/en\/wp-json\/wp\/v2\/pages\/7778\/revisions"}],"predecessor-version":[{"id":7781,"href":"https:\/\/www.fnmotol.cz\/en\/wp-json\/wp\/v2\/pages\/7778\/revisions\/7781"}],"up":[{"embeddable":true,"href":"https:\/\/www.fnmotol.cz\/en\/wp-json\/wp\/v2\/pages\/7765"}],"wp:attachment":[{"href":"https:\/\/www.fnmotol.cz\/en\/wp-json\/wp\/v2\/media?parent=7778"}],"curies":[{"name":"wp","href":"https:\/\/api.w.org\/{rel}","templated":true}]}}