{"id":7824,"date":"2024-06-02T18:23:47","date_gmt":"2024-06-02T16:23:47","guid":{"rendered":"https:\/\/www.fnmotol.cz\/prakticke-informace\/nadstandardni-nezdravotni-sluzby\/"},"modified":"2024-12-02T18:31:10","modified_gmt":"2024-12-02T17:31:10","slug":"nadstandardni-nezdravotni-sluzby","status":"publish","type":"page","link":"https:\/\/www.fnmotol.cz\/en\/prakticke-informace\/nadstandardni-nezdravotni-sluzby\/","title":{"rendered":"Extra non-medical services"},"content":{"rendered":"<!-- Text block H1 -->\n<div class=\"content\" data-aos=\"fade-up\">\n            <h1>Extra non-medical services<\/h1>\n                    <div>\n            <h2><strong>Above-standard accommodation<\/strong><\/h2>\n<p>For adult patients, we offer the option of using above-standard hotel-type accommodation services (limited capacity), allowing you and your loved ones greater comfort and privacy during hospitalisation.<\/p>\n<p>17 departments and wards offer the opportunity to book accommodation by phone in an above-standard room with private bathroom, TV, fridge, kettle and WiFi (included). Please note that the above-standard rooms do not have air conditioning and are only available in the adult section of the hospital.<\/p>\n<p>Information about the options for above-standard accommodation is provided by the individual clinics and departments. Above-standard accommodation is paid for at the reception of the Self-payers Care Department, which can be found on the ground floor of the hospital, next to the florist.<\/p>\n        <\/div>\n    <\/div>\n<!-- \/Text block H1 -->\n\n<!-- Text block - blue background -->\n<div class=\"content \" data-aos=\"fade-up\" data-aos-delay=\"50\">\n            <h2>Price list for above-standard accommodation<\/h2>\n                <div>\n            <table>\n<tbody>\n<tr>\n<td><strong>Price CZK 1200<\/strong><\/td>\n<td><strong>Price CZK 1500<\/strong><\/td>\n<td><strong>Price CZK 2500<\/strong><\/td>\n<td><strong>Price CZK 2900<\/strong><\/td>\n<\/tr>\n<tr>\n<td><a href=\"https:\/\/www.fnmotol.cz\/kliniky-a-ambulance\/interni-klinika-2-lf-uk-a-fn-motol\/#luzkova-pece-hospitalizace\"><strong>Department of Internal Medicine<\/strong><\/a><\/p>\n<ul>\n<li>1<sup>st<\/sup> station*<\/li>\n<li>2<sup>nd<\/sup> station<\/li>\n<li>3<sup>rd<\/sup> station<\/li>\n<li>5<sup>th<\/sup> station<\/li>\n<li>7<sup>th<\/sup> station<\/li>\n<\/ul>\n<\/td>\n<td><a href=\"https:\/\/www.fnmotol.cz\/kliniky-a-ambulance\/pneumologicka-klinika-2-lf-uk-a-fn-motol\/#luzkove-oddeleni\"><strong>Department of Pneumology<\/strong><\/a><\/p>\n<ul>\n<li>1<sup>st<\/sup> station<\/li>\n<li>2<sup>nd<\/sup> station<\/li>\n<li>3<sup>rd<\/sup> station<\/li>\n<\/ul>\n<\/td>\n<td><a href=\"https:\/\/www.fnmotol.cz\/kliniky-a-ambulance\/interni-klinika-2-lf-uk-a-fn-motol\/#luzkova-pece-hospitalizace\"><strong>Department of Internal Medicine<\/strong><\/a><\/p>\n<ul>\n<li>7<sup>th<\/sup> station (apartment)<\/li>\n<\/ul>\n<\/td>\n<td><a href=\"https:\/\/www.fnmotol.cz\/kliniky-a-ambulance\/gynekologicko-porodnicka-klinika-2-lf-uk-a-fn-motol\/#nadstandardni-pokoje\"><strong>Gynaecology and Obstetrics<br \/>\nDept.<\/strong><\/a><\/p>\n<ul>\n<li>Postpartum 1<\/li>\n<li>Postpartum 2<\/li>\n<\/ul>\n<\/td>\n<\/tr>\n<tr>\n<td><a href=\"https:\/\/www.fnmotol.cz\/kliniky-a-ambulance\/iii-chirurgicka-klinika-1-lf-uk-a-fn-motol\/\"><strong>3<sup>rd<\/sup> Department of Surgery<\/strong><\/a><\/p>\n<ul>\n<li>2<sup>nd<\/sup> station<\/li>\n<\/ul>\n<\/td>\n<td><a href=\"https:\/\/www.fnmotol.cz\/kliniky-a-ambulance\/neurochirurgicka-klinika-deti-a-dospelych-2-lf-uk-a-fn-motol\/#oddeleni-pro-dospele\"><strong>Department of Neurosurgery for Children<br \/>\nand Adults<\/strong><\/a><\/p>\n<ul>\n<li>adult ward<\/li>\n<\/ul>\n<\/td>\n<td><\/td>\n<td><\/td>\n<\/tr>\n<tr>\n<td><a href=\"https:\/\/www.fnmotol.cz\/kliniky-a-ambulance\/neurologicka-klinika-2-lf-uk-a-fn-motol\/#luzkove-oddeleni\"><strong>Department of Neurology<\/strong><\/a><\/p>\n<ul>\n<li>2<sup>nd<\/sup> station*<\/li>\n<\/ul>\n<\/td>\n<td><a href=\"https:\/\/www.fnmotol.cz\/kliniky-a-ambulance\/geriatricka-interni-klinika-2-lf-uk-a-fn-motol\/\"><strong>Geriatric Internal Medicine Department<\/strong><\/a><\/p>\n<ul>\n<li>geriatrics<\/li>\n<\/ul>\n<\/td>\n<td><\/td>\n<td><\/td>\n<\/tr>\n<tr>\n<td><a href=\"https:\/\/www.fnmotol.cz\/kliniky-a-ambulance\/chirurgicka-klinika-2-lf-uk-a-fn-motol\/\"><strong>Department of Surgery<\/strong><\/a><\/p>\n<ul>\n<li>1<sup>st<\/sup> station<br \/>\n(plastic surgery)<\/li>\n<\/ul>\n<\/td>\n<td><a href=\"https:\/\/www.fnmotol.cz\/kliniky-a-ambulance\/chirurgicka-klinika-2-lf-uk-a-fn-motol\/\"><strong>Department of Surgery<\/strong><\/a><\/p>\n<ul>\n<li>2<sup>nd<\/sup> station<\/li>\n<li>3<sup>rd<\/sup> station*<\/li>\n<\/ul>\n<\/td>\n<td><\/td>\n<td><\/td>\n<\/tr>\n<tr>\n<td><a href=\"https:\/\/www.fnmotol.cz\/kliniky-a-ambulance\/urologicka-klinika-2-lf-uk-a-fn-motol\/#luzkova-oddeleni\"><strong>Department of Urology<\/strong><\/a><\/p>\n<ul>\n<li>standard department*<\/li>\n<\/ul>\n<\/td>\n<td><a href=\"https:\/\/www.fnmotol.cz\/kliniky-a-ambulance\/gynekologicko-porodnicka-klinika-2-lf-uk-a-fn-motol\/#nadstandardni-pokoje\"><strong>Gynaecology and Obstetrics<br \/>\nDept.<\/strong><\/a><\/p>\n<ul>\n<li>postoperative ward<\/li>\n<li>risk department<\/li>\n<\/ul>\n<\/td>\n<td><\/td>\n<td><\/td>\n<\/tr>\n<tr>\n<td><a href=\"https:\/\/www.fnmotol.cz\/kliniky-a-ambulance\/klinika-detske-a-dospele-ortopedie-a-traumatologie-2-lf-uk-a-fn-motol\/#luzkove-oddeleni\"><strong>Department of Paediatric and Adult Orthopaedics<br \/>\nand Traumatology<\/strong><\/a><\/p>\n<ul>\n<li>1<sup>st<\/sup> station*<\/li>\n<li>2<sup>nd<\/sup> station*<\/li>\n<\/ul>\n<\/td>\n<td><a href=\"https:\/\/www.fnmotol.cz\/kliniky-a-ambulance\/onkologicka-klinika-2-lf-uk-a-fn-motol\/#luzkove-oddeleni\"><strong>Department of Oncology<\/strong><\/a><\/p>\n<ul>\n<li>2<sup>nd<\/sup> station*<\/li>\n<\/ul>\n<\/td>\n<td><\/td>\n<td><\/td>\n<\/tr>\n<tr>\n<td><a href=\"https:\/\/www.fnmotol.cz\/kliniky-a-ambulance\/kardiologicka-klinika-2-lf-uk-a-fn-motol\/#luzkove-oddeleni\"><strong>Department of Cardiology<\/strong><\/a><\/p>\n<ul>\n<li>1<sup>st<\/sup> station<\/li>\n<li>2<sup>nd<\/sup> station*<\/li>\n<\/ul>\n<\/td>\n<td><a href=\"https:\/\/www.fnmotol.cz\/kliniky-a-ambulance\/klinika-rehabilitace-a-telovychovneho-lekarstvi-2-lf-uk-a-fn-motol\/#luzkove-oddeleni\"><strong>Department of Rehabilitation and<br \/>\nPhysical Medicine<\/strong><\/a><\/p>\n<ul>\n<li>adult ward*<\/li>\n<\/ul>\n<\/td>\n<td><\/td>\n<td><\/td>\n<\/tr>\n<tr>\n<td><a href=\"https:\/\/www.fnmotol.cz\/kliniky-a-ambulance\/klinika-kardiovaskularni-chirurgie-2-lf-uk-a-fn-motol\/#luzkove-oddeleni\"><strong>Department of Cardiovascular Surgery<\/strong><\/a><\/p>\n<ul>\n<li>1<sup>st<\/sup> station*<\/li>\n<\/ul>\n<\/td>\n<td><a href=\"https:\/\/www.fnmotol.cz\/kliniky-a-ambulance\/i-ortopedicka-klinika-1-lf-uk-a-fn-motol\/#luzkova-oddeleni\"><strong>1<sup>st<\/sup> Department of Orthopaedics<\/strong><\/a><\/p>\n<ul>\n<li>1<sup>st<\/sup> station*<\/li>\n<li>3<sup>rd<\/sup> station*<\/li>\n<li>traumatology*<\/li>\n<\/ul>\n<\/td>\n<td><\/td>\n<td><\/td>\n<\/tr>\n<tr>\n<td><a href=\"https:\/\/www.fnmotol.cz\/kliniky-a-ambulance\/ocni-klinika-deti-a-dospelych-2-lf-uk-a-fn-motol\/#luzkove-oddeleni\"><strong>Department of Ophthalmology for Children and Adults<\/strong><\/a><\/p>\n<ul>\n<li>standard department<\/li>\n<\/ul>\n<\/td>\n<td><a href=\"https:\/\/www.fnmotol.cz\/kliniky-a-ambulance\/klinika-spondylochirurgie-1-lf-uk-a-fn-motol\/#prubeh-moji-hospitalizace\"><strong>Department of Spinal Surgery<\/strong><\/a><\/p>\n<ul>\n<li>standard department<\/li>\n<\/ul>\n<\/td>\n<td><\/td>\n<td><\/td>\n<\/tr>\n<tr>\n<td><a href=\"https:\/\/www.fnmotol.cz\/kliniky-a-ambulance\/klinika-otorinolaryngologie-a-chirurgie-hlavy-a-krku-1-lf-uk-a-fn-motol\/#luzkove-oddeleni\"><strong>Department of ENT and Head and Neck<br \/>\nSurgery<\/strong><\/a><\/p>\n<ul>\n<li>2<sup>nd<\/sup> station*<\/li>\n<li>1<sup>st<\/sup> station (oncology)<\/li>\n<\/ul>\n<\/td>\n<td><\/td>\n<td><\/td>\n<td><\/td>\n<\/tr>\n<\/tbody>\n<\/table>\n<p><em>* If a double room is shared by two patients, there is a 50% discount on the price of above-standard accommodation. If the patient is alone in a double room, he\/she pays the full price.<\/em><\/p>\n<p>If you are undergoing a procedure at the MUH that is not for a medical purpose (e.g. for hospitalisation related to plastic surgery procedures), VAT at 21% must be added to the price of the above-standard accommodation.<\/p>\n<p><strong>Prices are valid from 1 November 2023<\/strong><\/p>\n        <\/div>\n    <\/div>\n<!-- \/Text block - blue background -->\n\n<!-- Text block - blue background -->\n<div class=\"content blue\" data-aos=\"fade-up\" data-aos-delay=\"50\">\n            <h2>Above-standard catering<\/h2>\n                <div>\n            <p>Both above-standard and standard rooms offer above-standard meals. Patients who have no dietary restrictions can order breakfast, lunch or dinner individually or a full day menu at a discounted price. You can order above-standard food directly at the department or ward where you are hospitalised. Above-standard meals are paid for at the reception of the Self-payers Care Department, which is located on the ground floor of the hospital, next to the florist.<\/p>\n<h4><strong>Prices<\/strong><\/h4>\n<ul>\n<li>Breakfast 90 CZK<\/li>\n<li>Lunch 150 CZK<\/li>\n<li>Dinner 150 CZK<\/li>\n<li>All-day menu 350 CZK<\/li>\n<\/ul>\n<p><em>If you undergo a procedure at the MUH that is not for a medical purpose (e.g. for hospitalisation related to plastic surgery procedures), VAT at 21% must be added to the prices for above-standard meals.<\/em><\/p>\n<h4><strong>Menu<\/strong><\/h4>\n<ul>\n<li><a href=\"https:\/\/www.fnmotol.cz\/wp-content\/uploads\/2024\/07\/jidelnicek-2024-.pdf\"><strong>Download the menu for above-standard meals (PDF)<\/strong><\/a><\/li>\n<\/ul>\n<h4><strong>WIFI connection<\/strong><\/h4>\n<p>You can make your stay in the hospital more pleasant by accessing the free WiFi. We provide individual WiFi access to patients in the regular rooms of all inpatient stations in the adult part of the hospital, apart from the Aftercare Centre and the Chronic Intensive Care Unit. The voucher for the WiFi connection can be obtained at the regulatory fee counters in the main hall in the adult section of the hospital, foreign patients can obtain it in the Self-payers Care Department.<\/p>\n        <\/div>\n    <\/div>\n<!-- \/Text block - blue background -->\n\n<!-- Gallery -->\n<div class=\"content\">\n            <h2 data-aos=\"fade-up\" data-aos-delay=\"100\">Photogallery<\/h2>\n                <div class=\"swiper gallery-swiper\" data-aos=\"fade-up\" data-aos-delay=\"150\">\n            <div class=\"swiper-wrapper align-items-stretch\">\n                                        <div class=\"swiper-slide\">\n                            <a href=\"https:\/\/www.fnmotol.cz\/wp-content\/uploads\/2024\/06\/ns1d04b-1-2048x1536.jpg\" data-fancybox=\"gallery\">\n                                    <img decoding=\"async\" src=\"https:\/\/www.fnmotol.cz\/wp-content\/uploads\/2024\/06\/ns1d04b-1-300x225.jpg\" alt=\"\" class=\"\" \/>\r\n                                <\/a>\n                        <\/div>\n                                                <div class=\"swiper-slide\">\n                            <a href=\"https:\/\/www.fnmotol.cz\/wp-content\/uploads\/2024\/06\/ns4d42f-2048x1536.jpg\" data-fancybox=\"gallery\">\n                                    <img decoding=\"async\" src=\"https:\/\/www.fnmotol.cz\/wp-content\/uploads\/2024\/06\/ns4d42f-300x225.jpg\" alt=\"\" class=\"\" \/>\r\n                                <\/a>\n                        <\/div>\n                                                <div class=\"swiper-slide\">\n                            <a href=\"https:\/\/www.fnmotol.cz\/wp-content\/uploads\/2024\/06\/ns5a3c9-2048x1536.jpg\" data-fancybox=\"gallery\">\n                                    <img decoding=\"async\" src=\"https:\/\/www.fnmotol.cz\/wp-content\/uploads\/2024\/06\/ns5a3c9-300x225.jpg\" alt=\"\" class=\"\" \/>\r\n                                <\/a>\n                        <\/div>\n                                                <div class=\"swiper-slide\">\n                            <a href=\"https:\/\/www.fnmotol.cz\/wp-content\/uploads\/2024\/06\/ns36b67-2048x1536.jpg\" data-fancybox=\"gallery\">\n                                    <img decoding=\"async\" src=\"https:\/\/www.fnmotol.cz\/wp-content\/uploads\/2024\/06\/ns36b67-300x225.jpg\" alt=\"\" class=\"\" \/>\r\n                                <\/a>\n                        <\/div>\n                                    <\/div>\n            <div class=\"swiper-button-next\"><\/div>\n            <div class=\"swiper-button-prev\"><\/div>\n        <\/div>\n    <\/div>\n<!-- \/Gallery -->","protected":false},"excerpt":{"rendered":"","protected":false},"author":4,"featured_media":0,"parent":7765,"menu_order":160,"comment_status":"closed","ping_status":"closed","template":"","meta":{"_acf_changed":false,"footnotes":""},"class_list":["post-7824","page","type-page","status-publish","hentry"],"acf":[],"yoast_head":"<!-- This site is optimized with the Yoast SEO plugin v22.7 - https:\/\/yoast.com\/wordpress\/plugins\/seo\/ -->\n<title>Extra non-medical services - Fakultn\u00ed nemocnice Motol a Homolka<\/title>\n<meta name=\"robots\" content=\"index, follow, max-snippet:-1, max-image-preview:large, max-video-preview:-1\" \/>\n<link rel=\"canonical\" href=\"https:\/\/www.fnmotol.cz\/en\/prakticke-informace\/nadstandardni-nezdravotni-sluzby\/\" \/>\n<meta property=\"og:locale\" content=\"en_US\" \/>\n<meta property=\"og:type\" content=\"article\" \/>\n<meta property=\"og:title\" content=\"Extra non-medical services - Fakultn\u00ed nemocnice Motol a Homolka\" \/>\n<meta property=\"og:url\" content=\"https:\/\/www.fnmotol.cz\/en\/prakticke-informace\/nadstandardni-nezdravotni-sluzby\/\" \/>\n<meta property=\"og:site_name\" content=\"Fakultn\u00ed nemocnice Motol a Homolka\" \/>\n<meta property=\"article:modified_time\" content=\"2024-12-02T17:31:10+00:00\" \/>\n<meta name=\"twitter:card\" content=\"summary_large_image\" \/>\n<script type=\"application\/ld+json\" class=\"yoast-schema-graph\">{\"@context\":\"https:\/\/schema.org\",\"@graph\":[{\"@type\":\"WebPage\",\"@id\":\"https:\/\/www.fnmotol.cz\/en\/prakticke-informace\/nadstandardni-nezdravotni-sluzby\/\",\"url\":\"https:\/\/www.fnmotol.cz\/en\/prakticke-informace\/nadstandardni-nezdravotni-sluzby\/\",\"name\":\"Extra non-medical services - Fakultn\u00ed nemocnice Motol a Homolka\",\"isPartOf\":{\"@id\":\"https:\/\/www.fnmotol.cz\/#website\"},\"datePublished\":\"2024-06-02T16:23:47+00:00\",\"dateModified\":\"2024-12-02T17:31:10+00:00\",\"breadcrumb\":{\"@id\":\"https:\/\/www.fnmotol.cz\/en\/prakticke-informace\/nadstandardni-nezdravotni-sluzby\/#breadcrumb\"},\"inLanguage\":\"en-US\",\"potentialAction\":[{\"@type\":\"ReadAction\",\"target\":[\"https:\/\/www.fnmotol.cz\/en\/prakticke-informace\/nadstandardni-nezdravotni-sluzby\/\"]}]},{\"@type\":\"BreadcrumbList\",\"@id\":\"https:\/\/www.fnmotol.cz\/en\/prakticke-informace\/nadstandardni-nezdravotni-sluzby\/#breadcrumb\",\"itemListElement\":[{\"@type\":\"ListItem\",\"position\":1,\"name\":\"Dom\u016f\",\"item\":\"https:\/\/www.fnmotol.cz\/en\/\"},{\"@type\":\"ListItem\",\"position\":2,\"name\":\"Practical information\",\"item\":\"https:\/\/www.fnmotol.cz\/en\/prakticke-informace\/\"},{\"@type\":\"ListItem\",\"position\":3,\"name\":\"Extra non-medical services\"}]},{\"@type\":\"WebSite\",\"@id\":\"https:\/\/www.fnmotol.cz\/#website\",\"url\":\"https:\/\/www.fnmotol.cz\/\",\"name\":\"Fakultn\u00ed nemocnice Motol a Homolka\",\"description\":\"Fakultn\u00ed nemocnice Motol a Homolka je nejv\u011bt\u0161\u00ed zdravotnick\u00e9 za\u0159\u00edzen\u00ed v \u010cesku a jedno z nejv\u011bt\u0161\u00edch v Evrop\u011b s kapacitou v\u00edce jak 2 000 l\u016f\u017eek!\",\"potentialAction\":[{\"@type\":\"SearchAction\",\"target\":{\"@type\":\"EntryPoint\",\"urlTemplate\":\"https:\/\/www.fnmotol.cz\/?s={search_term_string}\"},\"query-input\":\"required name=search_term_string\"}],\"inLanguage\":\"en-US\"}]}<\/script>\n<!-- \/ Yoast SEO plugin. -->","yoast_head_json":{"title":"Extra non-medical services - Fakultn\u00ed nemocnice Motol a Homolka","robots":{"index":"index","follow":"follow","max-snippet":"max-snippet:-1","max-image-preview":"max-image-preview:large","max-video-preview":"max-video-preview:-1"},"canonical":"https:\/\/www.fnmotol.cz\/en\/prakticke-informace\/nadstandardni-nezdravotni-sluzby\/","og_locale":"en_US","og_type":"article","og_title":"Extra non-medical services - Fakultn\u00ed nemocnice Motol a Homolka","og_url":"https:\/\/www.fnmotol.cz\/en\/prakticke-informace\/nadstandardni-nezdravotni-sluzby\/","og_site_name":"Fakultn\u00ed nemocnice Motol a Homolka","article_modified_time":"2024-12-02T17:31:10+00:00","twitter_card":"summary_large_image","schema":{"@context":"https:\/\/schema.org","@graph":[{"@type":"WebPage","@id":"https:\/\/www.fnmotol.cz\/en\/prakticke-informace\/nadstandardni-nezdravotni-sluzby\/","url":"https:\/\/www.fnmotol.cz\/en\/prakticke-informace\/nadstandardni-nezdravotni-sluzby\/","name":"Extra non-medical services - Fakultn\u00ed nemocnice Motol a Homolka","isPartOf":{"@id":"https:\/\/www.fnmotol.cz\/#website"},"datePublished":"2024-06-02T16:23:47+00:00","dateModified":"2024-12-02T17:31:10+00:00","breadcrumb":{"@id":"https:\/\/www.fnmotol.cz\/en\/prakticke-informace\/nadstandardni-nezdravotni-sluzby\/#breadcrumb"},"inLanguage":"en-US","potentialAction":[{"@type":"ReadAction","target":["https:\/\/www.fnmotol.cz\/en\/prakticke-informace\/nadstandardni-nezdravotni-sluzby\/"]}]},{"@type":"BreadcrumbList","@id":"https:\/\/www.fnmotol.cz\/en\/prakticke-informace\/nadstandardni-nezdravotni-sluzby\/#breadcrumb","itemListElement":[{"@type":"ListItem","position":1,"name":"Dom\u016f","item":"https:\/\/www.fnmotol.cz\/en\/"},{"@type":"ListItem","position":2,"name":"Practical information","item":"https:\/\/www.fnmotol.cz\/en\/prakticke-informace\/"},{"@type":"ListItem","position":3,"name":"Extra non-medical services"}]},{"@type":"WebSite","@id":"https:\/\/www.fnmotol.cz\/#website","url":"https:\/\/www.fnmotol.cz\/","name":"Fakultn\u00ed nemocnice Motol a Homolka","description":"Fakultn\u00ed nemocnice Motol a Homolka je nejv\u011bt\u0161\u00ed zdravotnick\u00e9 za\u0159\u00edzen\u00ed v \u010cesku a jedno z nejv\u011bt\u0161\u00edch v Evrop\u011b s kapacitou v\u00edce jak 2 000 l\u016f\u017eek!","potentialAction":[{"@type":"SearchAction","target":{"@type":"EntryPoint","urlTemplate":"https:\/\/www.fnmotol.cz\/?s={search_term_string}"},"query-input":"required name=search_term_string"}],"inLanguage":"en-US"}]}},"_links":{"self":[{"href":"https:\/\/www.fnmotol.cz\/en\/wp-json\/wp\/v2\/pages\/7824","targetHints":{"allow":["GET"]}}],"collection":[{"href":"https:\/\/www.fnmotol.cz\/en\/wp-json\/wp\/v2\/pages"}],"about":[{"href":"https:\/\/www.fnmotol.cz\/en\/wp-json\/wp\/v2\/types\/page"}],"author":[{"embeddable":true,"href":"https:\/\/www.fnmotol.cz\/en\/wp-json\/wp\/v2\/users\/4"}],"replies":[{"embeddable":true,"href":"https:\/\/www.fnmotol.cz\/en\/wp-json\/wp\/v2\/comments?post=7824"}],"version-history":[{"count":3,"href":"https:\/\/www.fnmotol.cz\/en\/wp-json\/wp\/v2\/pages\/7824\/revisions"}],"predecessor-version":[{"id":7831,"href":"https:\/\/www.fnmotol.cz\/en\/wp-json\/wp\/v2\/pages\/7824\/revisions\/7831"}],"up":[{"embeddable":true,"href":"https:\/\/www.fnmotol.cz\/en\/wp-json\/wp\/v2\/pages\/7765"}],"wp:attachment":[{"href":"https:\/\/www.fnmotol.cz\/en\/wp-json\/wp\/v2\/media?parent=7824"}],"curies":[{"name":"wp","href":"https:\/\/api.w.org\/{rel}","templated":true}]}}