{"id":7840,"date":"2024-06-26T18:56:59","date_gmt":"2024-06-26T16:56:59","guid":{"rendered":"https:\/\/www.fnmotol.cz\/prakticke-informace\/cekaci-doby\/"},"modified":"2024-12-02T19:29:50","modified_gmt":"2024-12-02T18:29:50","slug":"cekaci-doby","status":"publish","type":"page","link":"https:\/\/www.fnmotol.cz\/en\/prakticke-informace\/cekaci-doby\/","title":{"rendered":"Waiting times"},"content":{"rendered":"<!-- Text block H1 -->\n<div class=\"content\" data-aos=\"fade-up\">\n            <h1>Waiting times<\/h1>\n                    <div>\n            <table>\n<tbody>\n<tr>\n<td colspan=\"3\"><em>Outpatient examinations (over 3 weeks)<\/em><\/td>\n<td colspan=\"3\"><em>Operations (over 2 months)<\/em><\/td>\n<\/tr>\n<tr>\n<td colspan=\"6\"><strong>Pain Centre<\/strong><\/td>\n<\/tr>\n<tr>\n<td>outpatient unit<\/td>\n<td colspan=\"2\">3 months<\/td>\n<td colspan=\"3\"><\/td>\n<\/tr>\n<tr>\n<td colspan=\"6\"><strong>Department of Paediatric Dermatology<\/strong><\/td>\n<\/tr>\n<tr>\n<td>outpatient unit<\/td>\n<td colspan=\"2\">3 &#8211; 6 months<\/td>\n<td colspan=\"3\"><\/td>\n<\/tr>\n<tr>\n<td colspan=\"6\"><strong>\u00a0<\/strong><\/p>\n<p><strong>Department of Dermatovenerology<\/strong><\/td>\n<\/tr>\n<tr>\n<td>general outpatient unit<\/td>\n<td colspan=\"2\">3 months<\/td>\n<td colspan=\"3\" rowspan=\"2\"><\/td>\n<\/tr>\n<tr>\n<td>Specialised outpatient units:<\/p>\n<p>&#8211; Venereology outpatient unit<\/p>\n<p>&#8211; allergology, corrective outpatient unit, nail outpatient unit, acne, dermatoscope, pigment outpatient unit<\/p>\n<p>&#8211; psoriasis<\/p>\n<p>&#8211; lymphology outpatient unit, outpatient unit of the senior consultant<\/td>\n<td colspan=\"2\">&nbsp;<\/p>\n<p>from 1 month<\/p>\n<p>&nbsp;<\/p>\n<p>&nbsp;<\/p>\n<p>2 months<\/p>\n<p>2.5 months<\/p>\n<p>&nbsp;<\/p>\n<p>3 months<\/td>\n<\/tr>\n<tr>\n<td colspan=\"6\"><strong>Paediatric Surgery<\/strong><\/td>\n<\/tr>\n<tr>\n<td>urological outpatient unit<\/td>\n<td colspan=\"2\">3 months<\/td>\n<td colspan=\"2\" rowspan=\"2\">small procedures (circumcisions, inguinal and umbilical hernias) in children over 1 year of age<\/td>\n<td rowspan=\"2\">4 &#8211; 6 months<\/td>\n<\/tr>\n<tr>\n<td>proctological outpatient unit<\/td>\n<td colspan=\"2\">4 months<\/td>\n<\/tr>\n<tr>\n<td colspan=\"6\"><strong>Child Neurology<\/strong><\/td>\n<\/tr>\n<tr>\n<td>outpatient unit<\/td>\n<td colspan=\"2\">3 &#8211; 4 months<\/td>\n<td colspan=\"3\"><\/td>\n<\/tr>\n<tr>\n<td colspan=\"6\"><strong>Department of Paediatric Psychiatry<\/strong><\/td>\n<\/tr>\n<tr>\n<td>diagnostic programme &#8220;Autism&#8221;<\/td>\n<td colspan=\"2\">8 &#8211; 9 months<\/td>\n<td colspan=\"3\"><\/td>\n<\/tr>\n<tr>\n<td colspan=\"6\"><strong>Children&#8217;s dentistry<\/strong><\/td>\n<\/tr>\n<tr>\n<td colspan=\"3\" rowspan=\"3\"><\/td>\n<td colspan=\"2\">outpatient dental rehabilitation under general anaesthesia (healthy children up to 6 years of age)<\/td>\n<td>4 months<\/td>\n<\/tr>\n<tr>\n<td colspan=\"2\">outpatient dentoalveolar surgery under local anaesthesia<\/td>\n<td>4 months<\/td>\n<\/tr>\n<tr>\n<td colspan=\"2\">procedures under general anaesthesia with hospitalisation:<\/p>\n<p>&#8211; other dentoalveolar surgery depending on the time constraints<\/p>\n<p>&#8211; reconstruction for disabled paediatric patients<\/p>\n<p>&#8211; surgical extraction of 3<sup>rd<\/sup> molars (&#8220;wisdom teeth&#8221;)<\/td>\n<td>&nbsp;<\/p>\n<p>0 &#8211; 7 months<\/p>\n<p>12 months<\/p>\n<p>14 months<\/td>\n<\/tr>\n<tr>\n<td colspan=\"6\"><strong>\u00a0<\/strong><\/p>\n<p><strong>Children\u2019s Heart Centre<\/strong><\/td>\n<\/tr>\n<tr>\n<td rowspan=\"2\">outpatient unit<\/td>\n<td colspan=\"2\" rowspan=\"2\">3 months<\/td>\n<td colspan=\"2\">catheterisation procedure<\/td>\n<td>6 months<\/td>\n<\/tr>\n<tr>\n<td colspan=\"2\">cardiac surgery<\/td>\n<td>10 &#8211; 12 months<\/td>\n<\/tr>\n<tr>\n<td colspan=\"6\"><strong>3<sup>rd<\/sup> Department of Surgery, 1<sup>st<\/sup> Faculty of Medicine, Charles University and Motol University Hospital<\/strong><\/td>\n<\/tr>\n<tr>\n<td rowspan=\"6\">rectoscopy<\/td>\n<td colspan=\"2\" rowspan=\"6\">8 &#8211; 10 weeks<\/td>\n<td colspan=\"2\">surgery for non-malignant colorectal disease<\/td>\n<td>10 weeks<\/td>\n<\/tr>\n<tr>\n<td colspan=\"2\">Endocrinology<\/td>\n<td>2.5 months and more<\/td>\n<\/tr>\n<tr>\n<td colspan=\"2\">surgery of benign oesophageal disease, anti-reflux reconstruction<\/td>\n<td>3 months<\/td>\n<\/tr>\n<tr>\n<td colspan=\"2\">gallbladder removal<\/td>\n<td>3 months and more<\/td>\n<\/tr>\n<tr>\n<td colspan=\"2\">vascular surgery (varicose veins)<\/td>\n<td>3 months and more<\/td>\n<\/tr>\n<tr>\n<td colspan=\"2\">hernia surgery:<\/p>\n<p>&#8211; small operations<\/p>\n<p>&#8211; large operations<\/td>\n<td>&nbsp;<\/p>\n<p>2.5 &#8211; 3 months<\/p>\n<p>3 &#8211; 9 months<\/td>\n<\/tr>\n<tr>\n<td colspan=\"6\"><strong>\u00a0<\/strong><\/p>\n<p><strong>Department of Internal Medicine<\/strong><\/td>\n<\/tr>\n<tr>\n<td>vascular examination<\/td>\n<td>2 &#8211; 3 months<\/td>\n<td colspan=\"4\"><\/td>\n<\/tr>\n<tr>\n<td>nephrological examination<\/td>\n<td>2 &#8211; 3 months<\/td>\n<td colspan=\"4\"><\/td>\n<\/tr>\n<tr>\n<td>endocrinological examination<\/td>\n<td>2 &#8211; 3 months<\/td>\n<td colspan=\"4\"><\/td>\n<\/tr>\n<tr>\n<td colspan=\"6\"><strong>Department of Cardiology<\/strong><\/td>\n<\/tr>\n<tr>\n<td>Holter EKG<\/td>\n<td colspan=\"2\">2 &#8211; 4 weeks<\/td>\n<td colspan=\"3\" rowspan=\"9\"><\/td>\n<\/tr>\n<tr>\n<td>spiroergometry<\/td>\n<td colspan=\"2\">2 &#8211; 4 weeks<\/td>\n<\/tr>\n<tr>\n<td>arrhythmology outpatient unit<\/td>\n<td colspan=\"2\">1 &#8211; 2 months<\/td>\n<\/tr>\n<tr>\n<td>echocardiography (ECHO)<\/td>\n<td colspan=\"2\">2 months<\/td>\n<\/tr>\n<tr>\n<td>outpatient unit for heart defects<\/td>\n<td colspan=\"2\">2 months<\/td>\n<\/tr>\n<tr>\n<td>ergometry<\/td>\n<td colspan=\"2\">2 &#8211; 3 months<\/td>\n<\/tr>\n<tr>\n<td>outpatient unit for heart failure<\/td>\n<td colspan=\"2\">2 &#8211; 3 months<\/td>\n<\/tr>\n<tr>\n<td>outpatient unit for hypertrophic cardiomyopathy<\/td>\n<td colspan=\"2\">3 months<\/td>\n<\/tr>\n<tr>\n<td>angiology outpatient unit<\/td>\n<td colspan=\"2\">4 months<\/td>\n<\/tr>\n<tr>\n<td colspan=\"6\"><strong>Department of Paediatric and Adult Orthopaedics and Traumatology, 2nd Faculty of Medicine, Charles University and Motol University Hospital<\/strong><\/td>\n<\/tr>\n<tr>\n<td colspan=\"3\" rowspan=\"3\"><\/td>\n<td colspan=\"2\">spinal surgery<\/td>\n<td>4 &#8211; 6 months<\/td>\n<\/tr>\n<tr>\n<td colspan=\"2\">other joint replacements<\/td>\n<td>6 months<\/td>\n<\/tr>\n<tr>\n<td colspan=\"2\">hip\/knee replacement<\/td>\n<td>9 &#8211; 12 months<\/td>\n<\/tr>\n<tr>\n<td colspan=\"6\"><strong>Department of Paediatric Haematology and Oncology<\/strong><\/td>\n<\/tr>\n<tr>\n<td>outpatient transplant unit<\/td>\n<td colspan=\"2\">2 weeks &#8211; 2 months<\/td>\n<td colspan=\"3\" rowspan=\"3\"><\/td>\n<\/tr>\n<tr>\n<td>oncology outpatient unit<\/td>\n<td colspan=\"2\">2 weeks &#8211; 3 months<\/td>\n<\/tr>\n<tr>\n<td>haematology, general outpatient unit<\/td>\n<td colspan=\"2\">2 weeks &#8211; 3 months<\/td>\n<\/tr>\n<tr>\n<td colspan=\"6\"><strong>Department of Nuclear Medicine and Endocrinology<\/strong><\/td>\n<\/tr>\n<tr>\n<td>Lymphoscintigraphy<\/td>\n<td colspan=\"2\">1 &#8211; 2 months<\/td>\n<td colspan=\"3\" rowspan=\"3\"><\/td>\n<\/tr>\n<tr>\n<td>myocardial perfusion scintigraphy<\/td>\n<td colspan=\"2\">1 &#8211; 2 months<\/td>\n<\/tr>\n<tr>\n<td>Datscan<\/td>\n<td colspan=\"2\">1 &#8211; 2 months<\/td>\n<\/tr>\n<tr>\n<td colspan=\"6\"><strong>\u00a0<\/strong><\/p>\n<p><strong>Department of Otorhinolaryngology and Head and Neck Surgery, 1st Faculty of Medicine, Charles University and Motol University Hospital<\/strong><\/td>\n<\/tr>\n<tr>\n<td>vestibular outpatient unit<\/td>\n<td colspan=\"2\">over 3 weeks<\/td>\n<td colspan=\"2\">planned operations<\/td>\n<td>12 months<\/td>\n<\/tr>\n<tr>\n<td colspan=\"6\"><strong>\u00a0<\/strong><\/p>\n<p><strong>Department of ENT, 2nd Faculty of Medicine, Charles University and Motol University Hospital<\/strong><\/td>\n<\/tr>\n<tr>\n<td colspan=\"3\" rowspan=\"2\"><\/td>\n<td colspan=\"2\">ear surgery<\/td>\n<td>2 &#8211; 3 months<\/td>\n<\/tr>\n<tr>\n<td colspan=\"2\">removal of tonsils and grommets<\/td>\n<td>9 months and more<\/td>\n<\/tr>\n<tr>\n<td colspan=\"6\"><strong>\u00a0<\/strong><\/p>\n<p><strong>Department of Rehabilitation and Sports Medicine<\/strong><\/td>\n<\/tr>\n<tr>\n<td>outpatient unit for adults<\/td>\n<td colspan=\"2\">3 &#8211; 4 weeks<\/td>\n<td colspan=\"3\" rowspan=\"3\"><\/td>\n<\/tr>\n<tr>\n<td>specialised counselling centres (spastic centre, pelvic floor disorders counselling centre)<\/td>\n<td colspan=\"2\">1 &#8211; 2 months<\/td>\n<\/tr>\n<tr>\n<td>outpatient unit for children<\/p>\n<p>For capacity reasons only the following are accepted:<\/p>\n<p>&#8211; infants up to 6 months of age;<\/p>\n<p>&#8211; patients with serious diagnoses (e.g. post-trauma) who are under the care of other MUH specialties with a request for RHB care;<\/p>\n<p>&#8211; patients referred from other departments for additional consultation.<\/td>\n<td colspan=\"2\">0 &#8211; 3 months<\/td>\n<\/tr>\n<tr>\n<td colspan=\"6\"><strong>Department of Radiology<\/strong><\/td>\n<\/tr>\n<tr>\n<td>magnetic resonance imaging (MRI)<\/td>\n<td colspan=\"2\">1 &#8211; 3 months<\/td>\n<td colspan=\"3\" rowspan=\"3\"><\/td>\n<\/tr>\n<tr>\n<td>computed tomography (CT)<\/td>\n<td colspan=\"2\">1 &#8211; 3 months<\/td>\n<\/tr>\n<tr>\n<td>ultrasound (USG, US)<\/td>\n<td colspan=\"2\">2 weeks &#8211; 2 months<\/td>\n<\/tr>\n<tr>\n<td colspan=\"6\"><strong>Department of Neurology<\/strong><\/td>\n<\/tr>\n<tr>\n<td>vascular advisory centre<\/td>\n<td colspan=\"2\">6 weeks<\/td>\n<td colspan=\"3\" rowspan=\"6\"><\/td>\n<\/tr>\n<tr>\n<td>cognitive centre<\/td>\n<td colspan=\"2\">6 weeks<\/td>\n<\/tr>\n<tr>\n<td>electromyography (EMG)<\/td>\n<td colspan=\"2\">8 weeks<\/td>\n<\/tr>\n<tr>\n<td>ataxia centre<\/td>\n<td colspan=\"2\">2 months<\/td>\n<\/tr>\n<tr>\n<td>video-EEG<\/td>\n<td colspan=\"2\">8 months<\/td>\n<\/tr>\n<tr>\n<td>vestibular clinic<\/td>\n<td colspan=\"2\">9 months<\/td>\n<\/tr>\n<tr>\n<td colspan=\"6\"><strong>Department of Ophthalmology for Children and Adults<\/strong><\/td>\n<\/tr>\n<tr>\n<td>retina<\/td>\n<td colspan=\"2\">2 &#8211; 3 months<\/td>\n<td colspan=\"2\">glaucoma<\/td>\n<td>2 &#8211; 3 months<\/td>\n<\/tr>\n<tr>\n<td>specialised outpatient unit<\/td>\n<td colspan=\"2\">3 months<\/td>\n<td colspan=\"2\">tear duct obstruction<\/td>\n<td>3 months<\/td>\n<\/tr>\n<tr>\n<td>strabismus in children<\/td>\n<td colspan=\"2\">5 &#8211; 7 months<\/td>\n<td colspan=\"2\">cataract<\/td>\n<td>4 months<\/td>\n<\/tr>\n<tr>\n<td rowspan=\"2\">strabismus in adults<\/td>\n<td colspan=\"2\" rowspan=\"2\">15 months<\/td>\n<td colspan=\"2\">ptosis<\/td>\n<td>10 months<\/td>\n<\/tr>\n<tr>\n<td colspan=\"2\">strabismus<\/td>\n<td>15 months<\/td>\n<\/tr>\n<tr>\n<td colspan=\"6\"><strong>Department of Clinical Haematology<\/strong><\/td>\n<\/tr>\n<tr>\n<td>outpatient unit<\/td>\n<td colspan=\"2\">4 months<\/td>\n<td colspan=\"3\"><\/td>\n<\/tr>\n<tr>\n<td colspan=\"6\"><strong>Department of Rheumatology for Children and Adults<\/strong><\/td>\n<\/tr>\n<tr>\n<td>adult and paediatric outpatient unit<\/td>\n<td colspan=\"2\">3 months<\/td>\n<td colspan=\"3\"><\/td>\n<\/tr>\n<tr>\n<td colspan=\"6\"><strong>1st Department of Orthopaedics, 1st Faculty of Medicine, Charles University and Motol University Hospital<\/strong><\/td>\n<\/tr>\n<tr>\n<td rowspan=\"2\">outpatient unit<\/td>\n<td colspan=\"2\" rowspan=\"2\">4 &#8211; 5 weeks<\/td>\n<td>hand\/foot surgery<\/td>\n<td colspan=\"2\" width=\"17%\">3 &#8211; 4 months<\/td>\n<\/tr>\n<tr>\n<td>joint replacement<\/td>\n<td colspan=\"2\" width=\"17%\">12 months<\/td>\n<\/tr>\n<tr>\n<td colspan=\"6\"><strong>Department of Paediatrics<\/strong><\/td>\n<\/tr>\n<tr>\n<td>specialist outpatient units (gastroenterology, pneumology, endocrinology, nephrology)<\/td>\n<td colspan=\"2\">3 months<\/td>\n<td colspan=\"3\"><\/td>\n<\/tr>\n<tr>\n<td colspan=\"6\"><strong>Department of Pneumology<\/strong><\/td>\n<\/tr>\n<tr>\n<td>centre for poorly treatable asthma<\/td>\n<td colspan=\"2\">1 month<\/td>\n<td colspan=\"3\" rowspan=\"3\"><\/td>\n<\/tr>\n<tr>\n<td>outpatient unit for interstitial pulmonary processes<\/td>\n<td colspan=\"2\">2.5 months<\/td>\n<\/tr>\n<tr>\n<td>outpatient unit for the treatment of sleep-related breathing disorders<\/td>\n<td colspan=\"2\">8 months<\/td>\n<\/tr>\n<tr>\n<td colspan=\"6\"><strong>Department of Urology<\/strong><\/td>\n<\/tr>\n<tr>\n<td>urodynamics<\/td>\n<td colspan=\"2\">5 weeks<\/td>\n<td>endoscopic oncological procedures<\/td>\n<td colspan=\"2\" width=\"17%\">2.5 months<\/td>\n<\/tr>\n<tr>\n<td rowspan=\"8\">andrology advisory centre<\/td>\n<td colspan=\"2\" rowspan=\"8\">5 weeks<\/td>\n<td>endoscopic procedures for lithiasis<\/td>\n<td colspan=\"2\" width=\"17%\">3 months<\/td>\n<\/tr>\n<tr>\n<td>benign prostatic hyperplasia<\/td>\n<td colspan=\"2\" width=\"17%\">3 months<\/td>\n<\/tr>\n<tr>\n<td>external genital surgery<\/td>\n<td colspan=\"2\" width=\"17%\">3 months<\/td>\n<\/tr>\n<tr>\n<td>urethral reconstruction<\/td>\n<td colspan=\"2\" width=\"17%\">3 months<\/td>\n<\/tr>\n<tr>\n<td>neuromodulation<\/td>\n<td colspan=\"2\" width=\"17%\">3 months<\/td>\n<\/tr>\n<tr>\n<td>robotic oncological surgery<\/td>\n<td colspan=\"2\" width=\"17%\">3.5 months<\/td>\n<\/tr>\n<tr>\n<td>robotic non-cancer surgery<\/td>\n<td colspan=\"2\" width=\"17%\">4 months<\/td>\n<\/tr>\n<tr>\n<td>gender conversion<\/td>\n<td colspan=\"2\" width=\"17%\">4 months<\/td>\n<\/tr>\n<tr>\n<td colspan=\"6\"><strong>Department of Immunology<\/strong><\/td>\n<\/tr>\n<tr>\n<td>specialised outpatient unit<\/td>\n<td colspan=\"2\">3 &#8211; 4 months<\/td>\n<td colspan=\"3\"><\/td>\n<\/tr>\n<tr>\n<td width=\"238\"><\/td>\n<td width=\"96\"><\/td>\n<td width=\"9\"><\/td>\n<td width=\"217\"><\/td>\n<td width=\"22\"><\/td>\n<td width=\"104\"><\/td>\n<\/tr>\n<\/tbody>\n<\/table>\n<p>The reference period is 2023.<\/p>\n<p><em>Outpatient examinations<\/em> = appointment times for scheduled outpatient examinations exceeding <u>3 weeks<\/u>.<\/p>\n<p><em>Operations<\/em> = appointment times for planned medical procedures exceeding <u>2 months<\/u>.<\/p>\n<p>The list is in alphabetical order.<\/p>\n        <\/div>\n    <\/div>\n<!-- \/Text block H1 -->","protected":false},"excerpt":{"rendered":"","protected":false},"author":4,"featured_media":0,"parent":7765,"menu_order":114,"comment_status":"closed","ping_status":"closed","template":"","meta":{"_acf_changed":false,"footnotes":""},"class_list":["post-7840","page","type-page","status-publish","hentry"],"acf":[],"yoast_head":"<!-- This site is optimized with the Yoast SEO plugin v22.7 - https:\/\/yoast.com\/wordpress\/plugins\/seo\/ -->\n<title>Waiting times - Fakultn\u00ed nemocnice Motol a Homolka<\/title>\n<meta name=\"robots\" content=\"index, follow, max-snippet:-1, max-image-preview:large, max-video-preview:-1\" \/>\n<link rel=\"canonical\" href=\"https:\/\/www.fnmotol.cz\/en\/prakticke-informace\/cekaci-doby\/\" \/>\n<meta property=\"og:locale\" content=\"en_US\" \/>\n<meta property=\"og:type\" content=\"article\" \/>\n<meta property=\"og:title\" content=\"Waiting times - Fakultn\u00ed nemocnice Motol a Homolka\" \/>\n<meta property=\"og:url\" content=\"https:\/\/www.fnmotol.cz\/en\/prakticke-informace\/cekaci-doby\/\" \/>\n<meta property=\"og:site_name\" content=\"Fakultn\u00ed nemocnice Motol a Homolka\" \/>\n<meta property=\"article:modified_time\" content=\"2024-12-02T18:29:50+00:00\" \/>\n<meta name=\"twitter:card\" content=\"summary_large_image\" \/>\n<script type=\"application\/ld+json\" class=\"yoast-schema-graph\">{\"@context\":\"https:\/\/schema.org\",\"@graph\":[{\"@type\":\"WebPage\",\"@id\":\"https:\/\/www.fnmotol.cz\/en\/prakticke-informace\/cekaci-doby\/\",\"url\":\"https:\/\/www.fnmotol.cz\/en\/prakticke-informace\/cekaci-doby\/\",\"name\":\"Waiting times - Fakultn\u00ed nemocnice Motol a Homolka\",\"isPartOf\":{\"@id\":\"https:\/\/www.fnmotol.cz\/#website\"},\"datePublished\":\"2024-06-26T16:56:59+00:00\",\"dateModified\":\"2024-12-02T18:29:50+00:00\",\"breadcrumb\":{\"@id\":\"https:\/\/www.fnmotol.cz\/en\/prakticke-informace\/cekaci-doby\/#breadcrumb\"},\"inLanguage\":\"en-US\",\"potentialAction\":[{\"@type\":\"ReadAction\",\"target\":[\"https:\/\/www.fnmotol.cz\/en\/prakticke-informace\/cekaci-doby\/\"]}]},{\"@type\":\"BreadcrumbList\",\"@id\":\"https:\/\/www.fnmotol.cz\/en\/prakticke-informace\/cekaci-doby\/#breadcrumb\",\"itemListElement\":[{\"@type\":\"ListItem\",\"position\":1,\"name\":\"Dom\u016f\",\"item\":\"https:\/\/www.fnmotol.cz\/en\/\"},{\"@type\":\"ListItem\",\"position\":2,\"name\":\"Practical information\",\"item\":\"https:\/\/www.fnmotol.cz\/en\/prakticke-informace\/\"},{\"@type\":\"ListItem\",\"position\":3,\"name\":\"Waiting times\"}]},{\"@type\":\"WebSite\",\"@id\":\"https:\/\/www.fnmotol.cz\/#website\",\"url\":\"https:\/\/www.fnmotol.cz\/\",\"name\":\"Fakultn\u00ed nemocnice Motol a Homolka\",\"description\":\"Fakultn\u00ed nemocnice Motol a Homolka je nejv\u011bt\u0161\u00ed zdravotnick\u00e9 za\u0159\u00edzen\u00ed v \u010cesku a jedno z nejv\u011bt\u0161\u00edch v Evrop\u011b s kapacitou v\u00edce jak 2 000 l\u016f\u017eek!\",\"potentialAction\":[{\"@type\":\"SearchAction\",\"target\":{\"@type\":\"EntryPoint\",\"urlTemplate\":\"https:\/\/www.fnmotol.cz\/?s={search_term_string}\"},\"query-input\":\"required name=search_term_string\"}],\"inLanguage\":\"en-US\"}]}<\/script>\n<!-- \/ Yoast SEO plugin. -->","yoast_head_json":{"title":"Waiting times - Fakultn\u00ed nemocnice Motol a Homolka","robots":{"index":"index","follow":"follow","max-snippet":"max-snippet:-1","max-image-preview":"max-image-preview:large","max-video-preview":"max-video-preview:-1"},"canonical":"https:\/\/www.fnmotol.cz\/en\/prakticke-informace\/cekaci-doby\/","og_locale":"en_US","og_type":"article","og_title":"Waiting times - Fakultn\u00ed nemocnice Motol a Homolka","og_url":"https:\/\/www.fnmotol.cz\/en\/prakticke-informace\/cekaci-doby\/","og_site_name":"Fakultn\u00ed nemocnice Motol a Homolka","article_modified_time":"2024-12-02T18:29:50+00:00","twitter_card":"summary_large_image","schema":{"@context":"https:\/\/schema.org","@graph":[{"@type":"WebPage","@id":"https:\/\/www.fnmotol.cz\/en\/prakticke-informace\/cekaci-doby\/","url":"https:\/\/www.fnmotol.cz\/en\/prakticke-informace\/cekaci-doby\/","name":"Waiting times - Fakultn\u00ed nemocnice Motol a Homolka","isPartOf":{"@id":"https:\/\/www.fnmotol.cz\/#website"},"datePublished":"2024-06-26T16:56:59+00:00","dateModified":"2024-12-02T18:29:50+00:00","breadcrumb":{"@id":"https:\/\/www.fnmotol.cz\/en\/prakticke-informace\/cekaci-doby\/#breadcrumb"},"inLanguage":"en-US","potentialAction":[{"@type":"ReadAction","target":["https:\/\/www.fnmotol.cz\/en\/prakticke-informace\/cekaci-doby\/"]}]},{"@type":"BreadcrumbList","@id":"https:\/\/www.fnmotol.cz\/en\/prakticke-informace\/cekaci-doby\/#breadcrumb","itemListElement":[{"@type":"ListItem","position":1,"name":"Dom\u016f","item":"https:\/\/www.fnmotol.cz\/en\/"},{"@type":"ListItem","position":2,"name":"Practical information","item":"https:\/\/www.fnmotol.cz\/en\/prakticke-informace\/"},{"@type":"ListItem","position":3,"name":"Waiting times"}]},{"@type":"WebSite","@id":"https:\/\/www.fnmotol.cz\/#website","url":"https:\/\/www.fnmotol.cz\/","name":"Fakultn\u00ed nemocnice Motol a Homolka","description":"Fakultn\u00ed nemocnice Motol a Homolka je nejv\u011bt\u0161\u00ed zdravotnick\u00e9 za\u0159\u00edzen\u00ed v \u010cesku a jedno z nejv\u011bt\u0161\u00edch v Evrop\u011b s kapacitou v\u00edce jak 2 000 l\u016f\u017eek!","potentialAction":[{"@type":"SearchAction","target":{"@type":"EntryPoint","urlTemplate":"https:\/\/www.fnmotol.cz\/?s={search_term_string}"},"query-input":"required name=search_term_string"}],"inLanguage":"en-US"}]}},"_links":{"self":[{"href":"https:\/\/www.fnmotol.cz\/en\/wp-json\/wp\/v2\/pages\/7840","targetHints":{"allow":["GET"]}}],"collection":[{"href":"https:\/\/www.fnmotol.cz\/en\/wp-json\/wp\/v2\/pages"}],"about":[{"href":"https:\/\/www.fnmotol.cz\/en\/wp-json\/wp\/v2\/types\/page"}],"author":[{"embeddable":true,"href":"https:\/\/www.fnmotol.cz\/en\/wp-json\/wp\/v2\/users\/4"}],"replies":[{"embeddable":true,"href":"https:\/\/www.fnmotol.cz\/en\/wp-json\/wp\/v2\/comments?post=7840"}],"version-history":[{"count":2,"href":"https:\/\/www.fnmotol.cz\/en\/wp-json\/wp\/v2\/pages\/7840\/revisions"}],"predecessor-version":[{"id":7845,"href":"https:\/\/www.fnmotol.cz\/en\/wp-json\/wp\/v2\/pages\/7840\/revisions\/7845"}],"up":[{"embeddable":true,"href":"https:\/\/www.fnmotol.cz\/en\/wp-json\/wp\/v2\/pages\/7765"}],"wp:attachment":[{"href":"https:\/\/www.fnmotol.cz\/en\/wp-json\/wp\/v2\/media?parent=7840"}],"curies":[{"name":"wp","href":"https:\/\/api.w.org\/{rel}","templated":true}]}}